{"id":17494,"date":"2025-04-15T08:51:42","date_gmt":"2025-04-15T08:51:42","guid":{"rendered":"https:\/\/glareone.eu\/product\/glareone-softbox-octa-50-cm-for-speedlite\/"},"modified":"2025-05-21T12:23:34","modified_gmt":"2025-05-21T12:23:34","slug":"glareone-softbox-octa-50-cm-for-speedlite","status":"publish","type":"product","link":"https:\/\/glareone.eu\/cs\/produkt\/glareone-softbox-octa-50-cm-for-speedlite\/","title":{"rendered":"GlareOne Softbox Octa 50 cm for Speedlite"},"content":{"rendered":"<p><span style=\"font-weight: 400;\">50 cm osmihrann\u00fd softbox vybaven\u00fd difuzorem, rychlorozkl\u00e1dac\u00edm mechanismem Easy Fold II a krytem. Navr\u017eeno pro mal\u00e1 studiov\u00e1 sv\u011btla a speedlite.<\/span><\/p>\n<h3><b>Kompatibilita s mal\u00fdmi sv\u011btly<\/b><\/h3>\n<p><span style=\"font-weight: 400;\">Nastaviteln\u00fd dr\u017e\u00e1k umo\u017e\u0148uje instalaci jak mal\u00fdch sv\u011btel, jako je GlareOne Apus 48, Apus 80 nebo Botis 80, tak i v\u00fdkonn\u011bj\u0161\u00edch, jako je Botis 200, d\u00edky sv\u00e9mu kulat\u00e9mu pouzdru. Reflexn\u00ed st\u00edn\u00edtko je nalaminov\u00e1no p\u0159\u00edmo na kryc\u00ed materi\u00e1l, co\u017e zaji\u0161\u0165uje dlouhou \u017eivotnost a minimalizuje propustnost sv\u011btla. Mont\u00e1\u017en\u00ed krou\u017eek a mechanismus Easy Fold II jsou vyrobeny ze speci\u00e1ln\u00edho plastu a ty\u010de r\u00e1mu jsou ocelov\u00e9, co\u017e zaru\u010duje stabilitu a dlouhou \u017eivotnost.<\/span><\/p>\n<h3><b>Jednoduch\u00e9 pou\u017eit\u00ed<\/b><\/h3>\n<p><span style=\"font-weight: 400;\">Softbox je zalo\u017een na r\u00e1mu Easy Fold II, kter\u00fd umo\u017e\u0148uje rychl\u00e9 rozlo\u017een\u00ed a slo\u017een\u00ed. Nav\u00edc m\u00e1 such\u00fd zip, kter\u00fd v\u00e1m umo\u017en\u00ed p\u0159ipojit vo\u0161tinovou m\u0159\u00ed\u017eku, kter\u00e1 v\u00e1m umo\u017en\u00ed p\u0159esn\u011b nasm\u011brovat sv\u011btlo.<\/span><\/p>\n<h3><b>Ru\u010dn\u00ed<\/b><\/h3>\n<p><span style=\"font-weight: 400;\">Softbox byl navr\u017een tak, aby rovnom\u011brn\u011b osv\u011btloval filmovou soupravu a z\u00e1rove\u0148 zajistil komfort pou\u017eit\u00ed i v omezen\u00e9m prostoru. Jeho m\u011blk\u00e1 konstrukce umo\u017e\u0148uje snadnou mont\u00e1\u017e na stativ a snadn\u00e9 pou\u017eit\u00ed v mal\u00fdch m\u00edstnostech. P\u0159ilo\u017een\u00fd kryt usnad\u0148uje p\u0159epravu a skladov\u00e1n\u00ed softboxu. Je to ide\u00e1ln\u00ed n\u00e1stroj pro lidi, kte\u0159\u00ed pracuj\u00ed na r\u016fzn\u00fdch m\u00edstech.<\/span><\/p>\n<h3><b>Vlastnosti produktu:<\/b><\/h3>\n<ul>\n<li style=\"font-weight: 400;\" aria-level=\"1\"><span style=\"font-weight: 400;\">univerz\u00e1ln\u00ed svorka 40 &#8211; 80 mm, ur\u010den\u00e1 pro mal\u00e9 \u017e\u00e1rovky,<\/span><\/li>\n<li style=\"font-weight: 400;\" aria-level=\"1\"><span style=\"font-weight: 400;\">sou\u010d\u00e1st\u00ed balen\u00ed je rukoje\u0165 s vestav\u011bnou 5\/8&#8243; stoj\u00e1nkovou z\u00e1suvkou,<\/span><\/li>\n<li style=\"font-weight: 400;\" aria-level=\"1\"><span style=\"font-weight: 400;\">ide\u00e1ln\u00ed pro nasv\u00edcen\u00ed portr\u00e9t\u016f,<\/span><\/li>\n<li style=\"font-weight: 400;\" aria-level=\"1\"><span style=\"font-weight: 400;\">velmi snadno a rychle se instaluje,<\/span><\/li>\n<li style=\"font-weight: 400;\" aria-level=\"1\"><span style=\"font-weight: 400;\">m\u00e1 odn\u00edmateln\u00fd difuz\u00e9r,<\/span><\/li>\n<li style=\"font-weight: 400;\" aria-level=\"1\"><span style=\"font-weight: 400;\">lze jej vybavit pl\u00e1stvem (m\u0159\u00ed\u017ekou) sou\u010d\u00e1st\u00ed sady,<\/span><\/li>\n<li style=\"font-weight: 400;\" aria-level=\"1\"><span style=\"font-weight: 400;\">m\u00e1 m\u011blk\u00fd (kulovit\u00fd) profil,<\/span><\/li>\n<li style=\"font-weight: 400;\" aria-level=\"1\"><span style=\"font-weight: 400;\">je vyrobena z vysoce kvalitn\u00edch materi\u00e1l\u016f,<\/span><\/li>\n<li style=\"font-weight: 400;\" aria-level=\"1\"><span style=\"font-weight: 400;\">Dod\u00e1v\u00e1no v praktick\u00e9m kuf\u0159\u00edku.<\/span><\/li>\n<\/ul>\n","protected":false},"excerpt":{"rendered":"<p>50 cm osmihrann\u00fd softbox vybaven\u00fd difuzorem, rychlorozkl\u00e1dac\u00edm mechanismem Easy Fold II a krytem. Navr\u017eeno pro mal\u00e1 studiov\u00e1 sv\u011btla a speedlite. Kompatibilita s mal\u00fdmi sv\u011btly Nastaviteln\u00fd dr\u017e\u00e1k umo\u017e\u0148uje instalaci jak mal\u00fdch sv\u011btel, jako je GlareOne Apus 48, Apus 80 nebo Botis 80, tak i v\u00fdkonn\u011bj\u0161\u00edch, jako je Botis 200, d\u00edky sv\u00e9mu kulat\u00e9mu pouzdru. Reflexn\u00ed st\u00edn\u00edtko je [&hellip;]<\/p>\n","protected":false},"featured_media":17495,"template":"","meta":[],"product_brand":[],"product_cat":[584],"product_tag":[],"class_list":{"0":"post-17494","1":"product","2":"type-product","3":"status-publish","4":"has-post-thumbnail","6":"product_cat-akumulatorove-blesky","8":"first","9":"instock","10":"shipping-taxable","11":"product-type-simple"},"yoast_head":"<!-- This site is optimized with the Yoast SEO plugin v27.2 - https:\/\/yoast.com\/product\/yoast-seo-wordpress\/ -->\n<title>GlareOne Softbox Octa 50 cm for Speedlite - GlareOne<\/title>\n<meta name=\"robots\" content=\"index, follow, max-snippet:-1, max-image-preview:large, max-video-preview:-1\" \/>\n<link rel=\"canonical\" href=\"https:\/\/glareone.eu\/cs\/produkt\/glareone-softbox-octa-50-cm-for-speedlite\/\" \/>\n<meta property=\"og:locale\" content=\"cs_CZ\" \/>\n<meta property=\"og:type\" content=\"article\" \/>\n<meta property=\"og:title\" content=\"GlareOne Softbox Octa 50 cm for Speedlite - GlareOne\" \/>\n<meta property=\"og:description\" content=\"50 cm osmihrann\u00fd softbox vybaven\u00fd difuzorem, rychlorozkl\u00e1dac\u00edm mechanismem Easy Fold II a krytem. Navr\u017eeno pro mal\u00e1 studiov\u00e1 sv\u011btla a speedlite. Kompatibilita s mal\u00fdmi sv\u011btly Nastaviteln\u00fd dr\u017e\u00e1k umo\u017e\u0148uje instalaci jak mal\u00fdch sv\u011btel, jako je GlareOne Apus 48, Apus 80 nebo Botis 80, tak i v\u00fdkonn\u011bj\u0161\u00edch, jako je Botis 200, d\u00edky sv\u00e9mu kulat\u00e9mu pouzdru. Reflexn\u00ed st\u00edn\u00edtko je [&hellip;]\" \/>\n<meta property=\"og:url\" content=\"https:\/\/glareone.eu\/cs\/produkt\/glareone-softbox-octa-50-cm-for-speedlite\/\" \/>\n<meta property=\"og:site_name\" content=\"GlareOne\" \/>\n<meta property=\"article:publisher\" content=\"https:\/\/www.facebook.com\/GlareOneLighting\" \/>\n<meta property=\"article:modified_time\" content=\"2025-05-21T12:23:34+00:00\" \/>\n<meta property=\"og:image\" content=\"https:\/\/glareone.eu\/wp-content\/uploads\/2025\/04\/SOFT50SPEED_01.jpg\" \/>\n\t<meta property=\"og:image:width\" content=\"1200\" \/>\n\t<meta property=\"og:image:height\" content=\"1200\" \/>\n\t<meta property=\"og:image:type\" content=\"image\/jpeg\" \/>\n<meta name=\"twitter:card\" content=\"summary_large_image\" \/>\n<meta name=\"twitter:label1\" content=\"Odhadovan\u00e1 doba \u010dten\u00ed\" \/>\n\t<meta name=\"twitter:data1\" content=\"1 minuta\" \/>\n<script type=\"application\/ld+json\" class=\"yoast-schema-graph\">{\"@context\":\"https:\/\/schema.org\",\"@graph\":[{\"@type\":\"WebPage\",\"@id\":\"https:\/\/glareone.eu\/cs\/produkt\/glareone-softbox-octa-50-cm-for-speedlite\/\",\"url\":\"https:\/\/glareone.eu\/cs\/produkt\/glareone-softbox-octa-50-cm-for-speedlite\/\",\"name\":\"GlareOne Softbox Octa 50 cm for Speedlite - GlareOne\",\"isPartOf\":{\"@id\":\"https:\/\/glareone.eu\/cs\/en\/#website\"},\"primaryImageOfPage\":{\"@id\":\"https:\/\/glareone.eu\/cs\/produkt\/glareone-softbox-octa-50-cm-for-speedlite\/#primaryimage\"},\"image\":{\"@id\":\"https:\/\/glareone.eu\/cs\/produkt\/glareone-softbox-octa-50-cm-for-speedlite\/#primaryimage\"},\"thumbnailUrl\":\"https:\/\/glareone.eu\/wp-content\/uploads\/2025\/04\/SOFT50SPEED_01.jpg\",\"datePublished\":\"2025-04-15T08:51:42+00:00\",\"dateModified\":\"2025-05-21T12:23:34+00:00\",\"breadcrumb\":{\"@id\":\"https:\/\/glareone.eu\/cs\/produkt\/glareone-softbox-octa-50-cm-for-speedlite\/#breadcrumb\"},\"inLanguage\":\"cs\",\"potentialAction\":[{\"@type\":\"ReadAction\",\"target\":[\"https:\/\/glareone.eu\/cs\/produkt\/glareone-softbox-octa-50-cm-for-speedlite\/\"]}]},{\"@type\":\"ImageObject\",\"inLanguage\":\"cs\",\"@id\":\"https:\/\/glareone.eu\/cs\/produkt\/glareone-softbox-octa-50-cm-for-speedlite\/#primaryimage\",\"url\":\"https:\/\/glareone.eu\/wp-content\/uploads\/2025\/04\/SOFT50SPEED_01.jpg\",\"contentUrl\":\"https:\/\/glareone.eu\/wp-content\/uploads\/2025\/04\/SOFT50SPEED_01.jpg\",\"width\":1200,\"height\":1200},{\"@type\":\"BreadcrumbList\",\"@id\":\"https:\/\/glareone.eu\/cs\/produkt\/glareone-softbox-octa-50-cm-for-speedlite\/#breadcrumb\",\"itemListElement\":[{\"@type\":\"ListItem\",\"position\":1,\"name\":\"Strona g\u0142\u00f3wna\",\"item\":\"https:\/\/glareone.eu\/cs\/\"},{\"@type\":\"ListItem\",\"position\":2,\"name\":\"V\u0161echny produkty\",\"item\":\"https:\/\/glareone.eu\/cs\/produkty\/vsechny-produkty\/\"},{\"@type\":\"ListItem\",\"position\":3,\"name\":\"GlareOne Softbox Octa 50 cm for Speedlite\"}]},{\"@type\":\"WebSite\",\"@id\":\"https:\/\/glareone.eu\/cs\/en\/#website\",\"url\":\"https:\/\/glareone.eu\/cs\/en\/\",\"name\":\"GlareOne\",\"description\":\"Wyposa\u017cenie Studia\",\"publisher\":{\"@id\":\"https:\/\/glareone.eu\/cs\/en\/#organization\"},\"potentialAction\":[{\"@type\":\"SearchAction\",\"target\":{\"@type\":\"EntryPoint\",\"urlTemplate\":\"https:\/\/glareone.eu\/cs\/en\/?s={search_term_string}\"},\"query-input\":{\"@type\":\"PropertyValueSpecification\",\"valueRequired\":true,\"valueName\":\"search_term_string\"}}],\"inLanguage\":\"cs\"},{\"@type\":\"Organization\",\"@id\":\"https:\/\/glareone.eu\/cs\/en\/#organization\",\"name\":\"GlareOne\",\"url\":\"https:\/\/glareone.eu\/cs\/en\/\",\"logo\":{\"@type\":\"ImageObject\",\"inLanguage\":\"cs\",\"@id\":\"https:\/\/glareone.eu\/cs\/en\/#\/schema\/logo\/image\/\",\"url\":\"http:\/\/glareone.eu\/wp-content\/uploads\/2024\/05\/glareone_logo2020_RGB-01-e1715773127189.png\",\"contentUrl\":\"http:\/\/glareone.eu\/wp-content\/uploads\/2024\/05\/glareone_logo2020_RGB-01-e1715773127189.png\",\"width\":1270,\"height\":321,\"caption\":\"GlareOne\"},\"image\":{\"@id\":\"https:\/\/glareone.eu\/cs\/en\/#\/schema\/logo\/image\/\"},\"sameAs\":[\"https:\/\/www.facebook.com\/GlareOneLighting\",\"https:\/\/www.instagram.com\/glareonelighting\/\",\"https:\/\/www.youtube.com\/@GlareOneTV\"]}]}<\/script>\n<!-- \/ Yoast SEO plugin. -->","yoast_head_json":{"title":"GlareOne Softbox Octa 50 cm for Speedlite - GlareOne","robots":{"index":"index","follow":"follow","max-snippet":"max-snippet:-1","max-image-preview":"max-image-preview:large","max-video-preview":"max-video-preview:-1"},"canonical":"https:\/\/glareone.eu\/cs\/produkt\/glareone-softbox-octa-50-cm-for-speedlite\/","og_locale":"cs_CZ","og_type":"article","og_title":"GlareOne Softbox Octa 50 cm for Speedlite - GlareOne","og_description":"50 cm osmihrann\u00fd softbox vybaven\u00fd difuzorem, rychlorozkl\u00e1dac\u00edm mechanismem Easy Fold II a krytem. Navr\u017eeno pro mal\u00e1 studiov\u00e1 sv\u011btla a speedlite. Kompatibilita s mal\u00fdmi sv\u011btly Nastaviteln\u00fd dr\u017e\u00e1k umo\u017e\u0148uje instalaci jak mal\u00fdch sv\u011btel, jako je GlareOne Apus 48, Apus 80 nebo Botis 80, tak i v\u00fdkonn\u011bj\u0161\u00edch, jako je Botis 200, d\u00edky sv\u00e9mu kulat\u00e9mu pouzdru. Reflexn\u00ed st\u00edn\u00edtko je [&hellip;]","og_url":"https:\/\/glareone.eu\/cs\/produkt\/glareone-softbox-octa-50-cm-for-speedlite\/","og_site_name":"GlareOne","article_publisher":"https:\/\/www.facebook.com\/GlareOneLighting","article_modified_time":"2025-05-21T12:23:34+00:00","og_image":[{"width":1200,"height":1200,"url":"https:\/\/glareone.eu\/wp-content\/uploads\/2025\/04\/SOFT50SPEED_01.jpg","type":"image\/jpeg"}],"twitter_card":"summary_large_image","twitter_misc":{"Odhadovan\u00e1 doba \u010dten\u00ed":"1 minuta"},"schema":{"@context":"https:\/\/schema.org","@graph":[{"@type":"WebPage","@id":"https:\/\/glareone.eu\/cs\/produkt\/glareone-softbox-octa-50-cm-for-speedlite\/","url":"https:\/\/glareone.eu\/cs\/produkt\/glareone-softbox-octa-50-cm-for-speedlite\/","name":"GlareOne Softbox Octa 50 cm for Speedlite - GlareOne","isPartOf":{"@id":"https:\/\/glareone.eu\/cs\/en\/#website"},"primaryImageOfPage":{"@id":"https:\/\/glareone.eu\/cs\/produkt\/glareone-softbox-octa-50-cm-for-speedlite\/#primaryimage"},"image":{"@id":"https:\/\/glareone.eu\/cs\/produkt\/glareone-softbox-octa-50-cm-for-speedlite\/#primaryimage"},"thumbnailUrl":"https:\/\/glareone.eu\/wp-content\/uploads\/2025\/04\/SOFT50SPEED_01.jpg","datePublished":"2025-04-15T08:51:42+00:00","dateModified":"2025-05-21T12:23:34+00:00","breadcrumb":{"@id":"https:\/\/glareone.eu\/cs\/produkt\/glareone-softbox-octa-50-cm-for-speedlite\/#breadcrumb"},"inLanguage":"cs","potentialAction":[{"@type":"ReadAction","target":["https:\/\/glareone.eu\/cs\/produkt\/glareone-softbox-octa-50-cm-for-speedlite\/"]}]},{"@type":"ImageObject","inLanguage":"cs","@id":"https:\/\/glareone.eu\/cs\/produkt\/glareone-softbox-octa-50-cm-for-speedlite\/#primaryimage","url":"https:\/\/glareone.eu\/wp-content\/uploads\/2025\/04\/SOFT50SPEED_01.jpg","contentUrl":"https:\/\/glareone.eu\/wp-content\/uploads\/2025\/04\/SOFT50SPEED_01.jpg","width":1200,"height":1200},{"@type":"BreadcrumbList","@id":"https:\/\/glareone.eu\/cs\/produkt\/glareone-softbox-octa-50-cm-for-speedlite\/#breadcrumb","itemListElement":[{"@type":"ListItem","position":1,"name":"Strona g\u0142\u00f3wna","item":"https:\/\/glareone.eu\/cs\/"},{"@type":"ListItem","position":2,"name":"V\u0161echny produkty","item":"https:\/\/glareone.eu\/cs\/produkty\/vsechny-produkty\/"},{"@type":"ListItem","position":3,"name":"GlareOne Softbox Octa 50 cm for Speedlite"}]},{"@type":"WebSite","@id":"https:\/\/glareone.eu\/cs\/en\/#website","url":"https:\/\/glareone.eu\/cs\/en\/","name":"GlareOne","description":"Wyposa\u017cenie Studia","publisher":{"@id":"https:\/\/glareone.eu\/cs\/en\/#organization"},"potentialAction":[{"@type":"SearchAction","target":{"@type":"EntryPoint","urlTemplate":"https:\/\/glareone.eu\/cs\/en\/?s={search_term_string}"},"query-input":{"@type":"PropertyValueSpecification","valueRequired":true,"valueName":"search_term_string"}}],"inLanguage":"cs"},{"@type":"Organization","@id":"https:\/\/glareone.eu\/cs\/en\/#organization","name":"GlareOne","url":"https:\/\/glareone.eu\/cs\/en\/","logo":{"@type":"ImageObject","inLanguage":"cs","@id":"https:\/\/glareone.eu\/cs\/en\/#\/schema\/logo\/image\/","url":"http:\/\/glareone.eu\/wp-content\/uploads\/2024\/05\/glareone_logo2020_RGB-01-e1715773127189.png","contentUrl":"http:\/\/glareone.eu\/wp-content\/uploads\/2024\/05\/glareone_logo2020_RGB-01-e1715773127189.png","width":1270,"height":321,"caption":"GlareOne"},"image":{"@id":"https:\/\/glareone.eu\/cs\/en\/#\/schema\/logo\/image\/"},"sameAs":["https:\/\/www.facebook.com\/GlareOneLighting","https:\/\/www.instagram.com\/glareonelighting\/","https:\/\/www.youtube.com\/@GlareOneTV"]}]}},"_links":{"self":[{"href":"https:\/\/glareone.eu\/cs\/wp-json\/wp\/v2\/product\/17494","targetHints":{"allow":["GET"]}}],"collection":[{"href":"https:\/\/glareone.eu\/cs\/wp-json\/wp\/v2\/product"}],"about":[{"href":"https:\/\/glareone.eu\/cs\/wp-json\/wp\/v2\/types\/product"}],"wp:featuredmedia":[{"embeddable":true,"href":"https:\/\/glareone.eu\/cs\/wp-json\/wp\/v2\/media\/17495"}],"wp:attachment":[{"href":"https:\/\/glareone.eu\/cs\/wp-json\/wp\/v2\/media?parent=17494"}],"wp:term":[{"taxonomy":"product_brand","embeddable":true,"href":"https:\/\/glareone.eu\/cs\/wp-json\/wp\/v2\/product_brand?post=17494"},{"taxonomy":"product_cat","embeddable":true,"href":"https:\/\/glareone.eu\/cs\/wp-json\/wp\/v2\/product_cat?post=17494"},{"taxonomy":"product_tag","embeddable":true,"href":"https:\/\/glareone.eu\/cs\/wp-json\/wp\/v2\/product_tag?post=17494"}],"curies":[{"name":"wp","href":"https:\/\/api.w.org\/{rel}","templated":true}]}}