{"id":17427,"date":"2024-04-18T19:26:40","date_gmt":"2024-04-18T19:26:40","guid":{"rendered":"https:\/\/glareone.eu\/product\/glareone-b200ac-botis-200-ac-adapter\/"},"modified":"2025-05-21T12:00:34","modified_gmt":"2025-05-21T12:00:34","slug":"glareone-b200ac-botis-200-ac-adapter","status":"publish","type":"product","link":"https:\/\/glareone.eu\/cs\/produkt\/glareone-b200ac-botis-200-ac-adapter\/","title":{"rendered":"GlareOne B200AC &#8211; Botis 200 AC Adapter"},"content":{"rendered":"<p><span style=\"font-weight: 400;\">GlareOne B200AC je nap\u00e1jec\u00ed adapt\u00e9r pro sv\u011btlo GlareOne Botis 200, kter\u00fd v\u00e1m umo\u017e\u0148uje nap\u00e1jet sv\u011btlo st\u0159\u00eddav\u00fdm p\u0159\u00edm\u00fdm nap\u00e1jen\u00edm z elektrick\u00e9 z\u00e1suvky.<\/span><\/p>\n<p><span style=\"font-weight: 400;\">Nap\u00e1jec\u00ed adapt\u00e9r B200AC je ur\u010den k nap\u00e1jen\u00ed sv\u011btla GlareOne Botis 200 p\u0159\u00edm\u00fdm nap\u00e1jen\u00edm. Zapojuje se do elektrick\u00e9 z\u00e1suvky. Origin\u00e1ln\u00ed p\u0159\u00edslu\u0161enstv\u00ed a n\u00e1hradn\u00ed d\u00edly GlareOne zaru\u010duj\u00ed plnou kompatibilitu a vysok\u00fd v\u00fdkon. D\u00edky pou\u017eit\u00ed nejkvalitn\u011bj\u0161\u00edch materi\u00e1l\u016f je nap\u00e1jen\u00ed bezpe\u010dn\u00e9 a umo\u017e\u0148uje fotografovat bez omezen\u00ed blesku.\u00a0<\/span><\/p>\n<h3><b>Vlastnosti B200AC:<\/b><\/h3>\n<ul>\n<li style=\"font-weight: 400;\" aria-level=\"1\"><span style=\"font-weight: 400;\">DC nap\u00e1jen\u00ed,<\/span><\/li>\n<li style=\"font-weight: 400;\" aria-level=\"1\"><span style=\"font-weight: 400;\">bez omezen\u00ed po\u010dtu z\u00e1blesk\u016f.<\/span><\/li>\n<\/ul>\n","protected":false},"excerpt":{"rendered":"<p>GlareOne B200AC je nap\u00e1jec\u00ed adapt\u00e9r pro sv\u011btlo GlareOne Botis 200, kter\u00fd v\u00e1m umo\u017e\u0148uje nap\u00e1jet sv\u011btlo st\u0159\u00eddav\u00fdm p\u0159\u00edm\u00fdm nap\u00e1jen\u00edm z elektrick\u00e9 z\u00e1suvky. Nap\u00e1jec\u00ed adapt\u00e9r B200AC je ur\u010den k nap\u00e1jen\u00ed sv\u011btla GlareOne Botis 200 p\u0159\u00edm\u00fdm nap\u00e1jen\u00edm. Zapojuje se do elektrick\u00e9 z\u00e1suvky. Origin\u00e1ln\u00ed p\u0159\u00edslu\u0161enstv\u00ed a n\u00e1hradn\u00ed d\u00edly GlareOne zaru\u010duj\u00ed plnou kompatibilitu a vysok\u00fd v\u00fdkon. D\u00edky pou\u017eit\u00ed nejkvalitn\u011bj\u0161\u00edch materi\u00e1l\u016f [&hellip;]<\/p>\n","protected":false},"featured_media":17428,"template":"","meta":[],"product_brand":[],"product_cat":[584],"product_tag":[],"class_list":{"0":"post-17427","1":"product","2":"type-product","3":"status-publish","4":"has-post-thumbnail","6":"product_cat-akumulatorove-blesky","8":"first","9":"instock","10":"product-type-simple"},"yoast_head":"<!-- This site is optimized with the Yoast SEO plugin v27.2 - https:\/\/yoast.com\/product\/yoast-seo-wordpress\/ -->\n<title>GlareOne B200AC \u2013 adapter zasilania sieciowego do lampy Botis 200<\/title>\n<meta name=\"description\" content=\"GlareOne B200AC \u2013 adapter zasilania sieciowego do lampy Botis 200\" \/>\n<meta name=\"robots\" content=\"index, follow, max-snippet:-1, max-image-preview:large, max-video-preview:-1\" \/>\n<link rel=\"canonical\" href=\"https:\/\/glareone.eu\/cs\/produkt\/glareone-b200ac-botis-200-ac-adapter\/\" \/>\n<meta property=\"og:locale\" content=\"cs_CZ\" \/>\n<meta property=\"og:type\" content=\"article\" \/>\n<meta property=\"og:title\" content=\"GlareOne B200AC \u2013 adapter zasilania sieciowego do lampy Botis 200\" \/>\n<meta property=\"og:description\" content=\"GlareOne B200AC \u2013 adapter zasilania sieciowego do lampy Botis 200\" \/>\n<meta property=\"og:url\" content=\"https:\/\/glareone.eu\/cs\/produkt\/glareone-b200ac-botis-200-ac-adapter\/\" \/>\n<meta property=\"og:site_name\" content=\"GlareOne\" \/>\n<meta property=\"article:publisher\" content=\"https:\/\/www.facebook.com\/GlareOneLighting\" \/>\n<meta property=\"article:modified_time\" content=\"2025-05-21T12:00:34+00:00\" \/>\n<meta property=\"og:image\" content=\"https:\/\/glareone.eu\/wp-content\/uploads\/2024\/04\/SB200AC_01.jpg\" \/>\n\t<meta property=\"og:image:width\" content=\"1200\" \/>\n\t<meta property=\"og:image:height\" content=\"1200\" \/>\n\t<meta property=\"og:image:type\" content=\"image\/jpeg\" \/>\n<meta name=\"twitter:card\" content=\"summary_large_image\" \/>\n<meta name=\"twitter:title\" content=\"GlareOne B200AC \u2013 adapter zasilania sieciowego do lampy Botis 200\" \/>\n<meta name=\"twitter:label1\" content=\"Odhadovan\u00e1 doba \u010dten\u00ed\" \/>\n\t<meta name=\"twitter:data1\" content=\"1 minuta\" \/>\n<script type=\"application\/ld+json\" class=\"yoast-schema-graph\">{\"@context\":\"https:\/\/schema.org\",\"@graph\":[{\"@type\":\"WebPage\",\"@id\":\"https:\/\/glareone.eu\/cs\/produkt\/glareone-b200ac-botis-200-ac-adapter\/\",\"url\":\"https:\/\/glareone.eu\/cs\/produkt\/glareone-b200ac-botis-200-ac-adapter\/\",\"name\":\"GlareOne B200AC \u2013 adapter zasilania sieciowego do lampy Botis 200\",\"isPartOf\":{\"@id\":\"https:\/\/glareone.eu\/cs\/en\/#website\"},\"primaryImageOfPage\":{\"@id\":\"https:\/\/glareone.eu\/cs\/produkt\/glareone-b200ac-botis-200-ac-adapter\/#primaryimage\"},\"image\":{\"@id\":\"https:\/\/glareone.eu\/cs\/produkt\/glareone-b200ac-botis-200-ac-adapter\/#primaryimage\"},\"thumbnailUrl\":\"https:\/\/glareone.eu\/wp-content\/uploads\/2024\/04\/SB200AC_01.jpg\",\"datePublished\":\"2024-04-18T19:26:40+00:00\",\"dateModified\":\"2025-05-21T12:00:34+00:00\",\"description\":\"GlareOne B200AC \u2013 adapter zasilania sieciowego do lampy Botis 200\",\"breadcrumb\":{\"@id\":\"https:\/\/glareone.eu\/cs\/produkt\/glareone-b200ac-botis-200-ac-adapter\/#breadcrumb\"},\"inLanguage\":\"cs\",\"potentialAction\":[{\"@type\":\"ReadAction\",\"target\":[\"https:\/\/glareone.eu\/cs\/produkt\/glareone-b200ac-botis-200-ac-adapter\/\"]}]},{\"@type\":\"ImageObject\",\"inLanguage\":\"cs\",\"@id\":\"https:\/\/glareone.eu\/cs\/produkt\/glareone-b200ac-botis-200-ac-adapter\/#primaryimage\",\"url\":\"https:\/\/glareone.eu\/wp-content\/uploads\/2024\/04\/SB200AC_01.jpg\",\"contentUrl\":\"https:\/\/glareone.eu\/wp-content\/uploads\/2024\/04\/SB200AC_01.jpg\",\"width\":1200,\"height\":1200},{\"@type\":\"BreadcrumbList\",\"@id\":\"https:\/\/glareone.eu\/cs\/produkt\/glareone-b200ac-botis-200-ac-adapter\/#breadcrumb\",\"itemListElement\":[{\"@type\":\"ListItem\",\"position\":1,\"name\":\"Strona g\u0142\u00f3wna\",\"item\":\"https:\/\/glareone.eu\/cs\/\"},{\"@type\":\"ListItem\",\"position\":2,\"name\":\"V\u0161echny produkty\",\"item\":\"https:\/\/glareone.eu\/cs\/produkty\/vsechny-produkty\/\"},{\"@type\":\"ListItem\",\"position\":3,\"name\":\"GlareOne B200AC &#8211; Botis 200 AC Adapter\"}]},{\"@type\":\"WebSite\",\"@id\":\"https:\/\/glareone.eu\/cs\/en\/#website\",\"url\":\"https:\/\/glareone.eu\/cs\/en\/\",\"name\":\"GlareOne\",\"description\":\"Wyposa\u017cenie Studia\",\"publisher\":{\"@id\":\"https:\/\/glareone.eu\/cs\/en\/#organization\"},\"potentialAction\":[{\"@type\":\"SearchAction\",\"target\":{\"@type\":\"EntryPoint\",\"urlTemplate\":\"https:\/\/glareone.eu\/cs\/en\/?s={search_term_string}\"},\"query-input\":{\"@type\":\"PropertyValueSpecification\",\"valueRequired\":true,\"valueName\":\"search_term_string\"}}],\"inLanguage\":\"cs\"},{\"@type\":\"Organization\",\"@id\":\"https:\/\/glareone.eu\/cs\/en\/#organization\",\"name\":\"GlareOne\",\"url\":\"https:\/\/glareone.eu\/cs\/en\/\",\"logo\":{\"@type\":\"ImageObject\",\"inLanguage\":\"cs\",\"@id\":\"https:\/\/glareone.eu\/cs\/en\/#\/schema\/logo\/image\/\",\"url\":\"http:\/\/glareone.eu\/wp-content\/uploads\/2024\/05\/glareone_logo2020_RGB-01-e1715773127189.png\",\"contentUrl\":\"http:\/\/glareone.eu\/wp-content\/uploads\/2024\/05\/glareone_logo2020_RGB-01-e1715773127189.png\",\"width\":1270,\"height\":321,\"caption\":\"GlareOne\"},\"image\":{\"@id\":\"https:\/\/glareone.eu\/cs\/en\/#\/schema\/logo\/image\/\"},\"sameAs\":[\"https:\/\/www.facebook.com\/GlareOneLighting\",\"https:\/\/www.instagram.com\/glareonelighting\/\",\"https:\/\/www.youtube.com\/@GlareOneTV\"]}]}<\/script>\n<!-- \/ Yoast SEO plugin. -->","yoast_head_json":{"title":"GlareOne B200AC \u2013 adapter zasilania sieciowego do lampy Botis 200","description":"GlareOne B200AC \u2013 adapter zasilania sieciowego do lampy Botis 200","robots":{"index":"index","follow":"follow","max-snippet":"max-snippet:-1","max-image-preview":"max-image-preview:large","max-video-preview":"max-video-preview:-1"},"canonical":"https:\/\/glareone.eu\/cs\/produkt\/glareone-b200ac-botis-200-ac-adapter\/","og_locale":"cs_CZ","og_type":"article","og_title":"GlareOne B200AC \u2013 adapter zasilania sieciowego do lampy Botis 200","og_description":"GlareOne B200AC \u2013 adapter zasilania sieciowego do lampy Botis 200","og_url":"https:\/\/glareone.eu\/cs\/produkt\/glareone-b200ac-botis-200-ac-adapter\/","og_site_name":"GlareOne","article_publisher":"https:\/\/www.facebook.com\/GlareOneLighting","article_modified_time":"2025-05-21T12:00:34+00:00","og_image":[{"width":1200,"height":1200,"url":"https:\/\/glareone.eu\/wp-content\/uploads\/2024\/04\/SB200AC_01.jpg","type":"image\/jpeg"}],"twitter_card":"summary_large_image","twitter_title":"GlareOne B200AC \u2013 adapter zasilania sieciowego do lampy Botis 200","twitter_misc":{"Odhadovan\u00e1 doba \u010dten\u00ed":"1 minuta"},"schema":{"@context":"https:\/\/schema.org","@graph":[{"@type":"WebPage","@id":"https:\/\/glareone.eu\/cs\/produkt\/glareone-b200ac-botis-200-ac-adapter\/","url":"https:\/\/glareone.eu\/cs\/produkt\/glareone-b200ac-botis-200-ac-adapter\/","name":"GlareOne B200AC \u2013 adapter zasilania sieciowego do lampy Botis 200","isPartOf":{"@id":"https:\/\/glareone.eu\/cs\/en\/#website"},"primaryImageOfPage":{"@id":"https:\/\/glareone.eu\/cs\/produkt\/glareone-b200ac-botis-200-ac-adapter\/#primaryimage"},"image":{"@id":"https:\/\/glareone.eu\/cs\/produkt\/glareone-b200ac-botis-200-ac-adapter\/#primaryimage"},"thumbnailUrl":"https:\/\/glareone.eu\/wp-content\/uploads\/2024\/04\/SB200AC_01.jpg","datePublished":"2024-04-18T19:26:40+00:00","dateModified":"2025-05-21T12:00:34+00:00","description":"GlareOne B200AC \u2013 adapter zasilania sieciowego do lampy Botis 200","breadcrumb":{"@id":"https:\/\/glareone.eu\/cs\/produkt\/glareone-b200ac-botis-200-ac-adapter\/#breadcrumb"},"inLanguage":"cs","potentialAction":[{"@type":"ReadAction","target":["https:\/\/glareone.eu\/cs\/produkt\/glareone-b200ac-botis-200-ac-adapter\/"]}]},{"@type":"ImageObject","inLanguage":"cs","@id":"https:\/\/glareone.eu\/cs\/produkt\/glareone-b200ac-botis-200-ac-adapter\/#primaryimage","url":"https:\/\/glareone.eu\/wp-content\/uploads\/2024\/04\/SB200AC_01.jpg","contentUrl":"https:\/\/glareone.eu\/wp-content\/uploads\/2024\/04\/SB200AC_01.jpg","width":1200,"height":1200},{"@type":"BreadcrumbList","@id":"https:\/\/glareone.eu\/cs\/produkt\/glareone-b200ac-botis-200-ac-adapter\/#breadcrumb","itemListElement":[{"@type":"ListItem","position":1,"name":"Strona g\u0142\u00f3wna","item":"https:\/\/glareone.eu\/cs\/"},{"@type":"ListItem","position":2,"name":"V\u0161echny produkty","item":"https:\/\/glareone.eu\/cs\/produkty\/vsechny-produkty\/"},{"@type":"ListItem","position":3,"name":"GlareOne B200AC &#8211; Botis 200 AC Adapter"}]},{"@type":"WebSite","@id":"https:\/\/glareone.eu\/cs\/en\/#website","url":"https:\/\/glareone.eu\/cs\/en\/","name":"GlareOne","description":"Wyposa\u017cenie Studia","publisher":{"@id":"https:\/\/glareone.eu\/cs\/en\/#organization"},"potentialAction":[{"@type":"SearchAction","target":{"@type":"EntryPoint","urlTemplate":"https:\/\/glareone.eu\/cs\/en\/?s={search_term_string}"},"query-input":{"@type":"PropertyValueSpecification","valueRequired":true,"valueName":"search_term_string"}}],"inLanguage":"cs"},{"@type":"Organization","@id":"https:\/\/glareone.eu\/cs\/en\/#organization","name":"GlareOne","url":"https:\/\/glareone.eu\/cs\/en\/","logo":{"@type":"ImageObject","inLanguage":"cs","@id":"https:\/\/glareone.eu\/cs\/en\/#\/schema\/logo\/image\/","url":"http:\/\/glareone.eu\/wp-content\/uploads\/2024\/05\/glareone_logo2020_RGB-01-e1715773127189.png","contentUrl":"http:\/\/glareone.eu\/wp-content\/uploads\/2024\/05\/glareone_logo2020_RGB-01-e1715773127189.png","width":1270,"height":321,"caption":"GlareOne"},"image":{"@id":"https:\/\/glareone.eu\/cs\/en\/#\/schema\/logo\/image\/"},"sameAs":["https:\/\/www.facebook.com\/GlareOneLighting","https:\/\/www.instagram.com\/glareonelighting\/","https:\/\/www.youtube.com\/@GlareOneTV"]}]}},"_links":{"self":[{"href":"https:\/\/glareone.eu\/cs\/wp-json\/wp\/v2\/product\/17427","targetHints":{"allow":["GET"]}}],"collection":[{"href":"https:\/\/glareone.eu\/cs\/wp-json\/wp\/v2\/product"}],"about":[{"href":"https:\/\/glareone.eu\/cs\/wp-json\/wp\/v2\/types\/product"}],"wp:featuredmedia":[{"embeddable":true,"href":"https:\/\/glareone.eu\/cs\/wp-json\/wp\/v2\/media\/17428"}],"wp:attachment":[{"href":"https:\/\/glareone.eu\/cs\/wp-json\/wp\/v2\/media?parent=17427"}],"wp:term":[{"taxonomy":"product_brand","embeddable":true,"href":"https:\/\/glareone.eu\/cs\/wp-json\/wp\/v2\/product_brand?post=17427"},{"taxonomy":"product_cat","embeddable":true,"href":"https:\/\/glareone.eu\/cs\/wp-json\/wp\/v2\/product_cat?post=17427"},{"taxonomy":"product_tag","embeddable":true,"href":"https:\/\/glareone.eu\/cs\/wp-json\/wp\/v2\/product_tag?post=17427"}],"curies":[{"name":"wp","href":"https:\/\/api.w.org\/{rel}","templated":true}]}}