{"id":17411,"date":"2025-04-15T10:54:10","date_gmt":"2025-04-15T10:54:10","guid":{"rendered":"https:\/\/glareone.eu\/product\/glareone-a48ch-apus-48-battery-charging-base\/"},"modified":"2025-05-21T11:54:37","modified_gmt":"2025-05-21T11:54:37","slug":"glareone-a48ch-apus-48-battery-charging-base","status":"publish","type":"product","link":"https:\/\/glareone.eu\/cs\/produkt\/glareone-a48ch-apus-48-battery-charging-base\/","title":{"rendered":"GlareOne A48CH &#8211; Apus 48 battery charging base"},"content":{"rendered":"<p><span style=\"font-weight: 400;\">GlareOne A48CH je nab\u00edjec\u00ed adapt\u00e9r pro baterii A48BP (pro sv\u011btlo GlareOne Apus 48).<\/span><\/p>\n<p><span style=\"font-weight: 400;\">Nab\u00edjec\u00ed adapt\u00e9r A48CH je ur\u010den k nab\u00edjen\u00ed bateri\u00ed GlareOne A48BP\u200b, ur\u010den\u00fdch pro GlareOne Apus 48 speedlite. Nab\u00edje\u010dka se p\u0159ipojuje k USB portu pomoc\u00ed kabelu, kter\u00fd je sou\u010d\u00e1st\u00ed z\u00e1kladn\u00ed sady se sv\u00edtilnou. Origin\u00e1ln\u00ed p\u0159\u00edslu\u0161enstv\u00ed a n\u00e1hradn\u00ed d\u00edly GlareOne zaru\u010duj\u00ed plnou kompatibilitu a vysok\u00fd v\u00fdkon. D\u00edky pou\u017eit\u00ed nejkvalitn\u011bj\u0161\u00edch materi\u00e1l\u016f je nab\u00edjen\u00ed bezpe\u010dn\u00e9 pro nab\u00edje\u010dku i baterii. Stabiln\u00ed konstrukce zaji\u0161\u0165uje bezpe\u010dn\u00e9 um\u00edst\u011bn\u00ed za\u0159\u00edzen\u00ed b\u011bhem provozu, co\u017e zvy\u0161uje komfort pou\u017e\u00edv\u00e1n\u00ed.<\/span><\/p>\n<h3><b>Vlastnosti A48CH:<\/b><\/h3>\n<ul>\n<li style=\"font-weight: 400;\" aria-level=\"1\"><span style=\"font-weight: 400;\">kompatibiln\u00ed s bateri\u00ed A48BP pro sv\u011btlo GlareOne Apus 48,<\/span><\/li>\n<li style=\"font-weight: 400;\" aria-level=\"1\"><span style=\"font-weight: 400;\">USB-C z\u00e1suvka,<\/span><\/li>\n<li style=\"font-weight: 400;\" aria-level=\"1\"><span style=\"font-weight: 400;\">ergonomick\u00fd design.<\/span><\/li>\n<\/ul>\n","protected":false},"excerpt":{"rendered":"<p>GlareOne A48CH je nab\u00edjec\u00ed adapt\u00e9r pro baterii A48BP (pro sv\u011btlo GlareOne Apus 48). Nab\u00edjec\u00ed adapt\u00e9r A48CH je ur\u010den k nab\u00edjen\u00ed bateri\u00ed GlareOne A48BP\u200b, ur\u010den\u00fdch pro GlareOne Apus 48 speedlite. Nab\u00edje\u010dka se p\u0159ipojuje k USB portu pomoc\u00ed kabelu, kter\u00fd je sou\u010d\u00e1st\u00ed z\u00e1kladn\u00ed sady se sv\u00edtilnou. Origin\u00e1ln\u00ed p\u0159\u00edslu\u0161enstv\u00ed a n\u00e1hradn\u00ed d\u00edly GlareOne zaru\u010duj\u00ed plnou kompatibilitu a vysok\u00fd [&hellip;]<\/p>\n","protected":false},"featured_media":17412,"template":"","meta":[],"product_brand":[],"product_cat":[584],"product_tag":[],"class_list":{"0":"post-17411","1":"product","2":"type-product","3":"status-publish","4":"has-post-thumbnail","6":"product_cat-akumulatorove-blesky","8":"first","9":"instock","10":"shipping-taxable","11":"product-type-simple"},"yoast_head":"<!-- This site is optimized with the Yoast SEO plugin v27.2 - https:\/\/yoast.com\/product\/yoast-seo-wordpress\/ -->\n<title>GlareOne A48CH - Apus 48 battery charging base - GlareOne<\/title>\n<meta name=\"robots\" content=\"index, follow, max-snippet:-1, max-image-preview:large, max-video-preview:-1\" \/>\n<link rel=\"canonical\" href=\"https:\/\/glareone.eu\/cs\/produkt\/glareone-a48ch-apus-48-battery-charging-base\/\" \/>\n<meta property=\"og:locale\" content=\"cs_CZ\" \/>\n<meta property=\"og:type\" content=\"article\" \/>\n<meta property=\"og:title\" content=\"GlareOne A48CH - Apus 48 battery charging base - GlareOne\" \/>\n<meta property=\"og:description\" content=\"GlareOne A48CH je nab\u00edjec\u00ed adapt\u00e9r pro baterii A48BP (pro sv\u011btlo GlareOne Apus 48). Nab\u00edjec\u00ed adapt\u00e9r A48CH je ur\u010den k nab\u00edjen\u00ed bateri\u00ed GlareOne A48BP\u200b, ur\u010den\u00fdch pro GlareOne Apus 48 speedlite. Nab\u00edje\u010dka se p\u0159ipojuje k USB portu pomoc\u00ed kabelu, kter\u00fd je sou\u010d\u00e1st\u00ed z\u00e1kladn\u00ed sady se sv\u00edtilnou. Origin\u00e1ln\u00ed p\u0159\u00edslu\u0161enstv\u00ed a n\u00e1hradn\u00ed d\u00edly GlareOne zaru\u010duj\u00ed plnou kompatibilitu a vysok\u00fd [&hellip;]\" \/>\n<meta property=\"og:url\" content=\"https:\/\/glareone.eu\/cs\/produkt\/glareone-a48ch-apus-48-battery-charging-base\/\" \/>\n<meta property=\"og:site_name\" content=\"GlareOne\" \/>\n<meta property=\"article:publisher\" content=\"https:\/\/www.facebook.com\/GlareOneLighting\" \/>\n<meta property=\"article:modified_time\" content=\"2025-05-21T11:54:37+00:00\" \/>\n<meta property=\"og:image\" content=\"https:\/\/glareone.eu\/wp-content\/uploads\/2025\/04\/SA48CH_01.jpg\" \/>\n\t<meta property=\"og:image:width\" content=\"1200\" \/>\n\t<meta property=\"og:image:height\" content=\"1200\" \/>\n\t<meta property=\"og:image:type\" content=\"image\/jpeg\" \/>\n<meta name=\"twitter:card\" content=\"summary_large_image\" \/>\n<meta name=\"twitter:label1\" content=\"Odhadovan\u00e1 doba \u010dten\u00ed\" \/>\n\t<meta name=\"twitter:data1\" content=\"1 minuta\" \/>\n<script type=\"application\/ld+json\" class=\"yoast-schema-graph\">{\"@context\":\"https:\/\/schema.org\",\"@graph\":[{\"@type\":\"WebPage\",\"@id\":\"https:\/\/glareone.eu\/cs\/produkt\/glareone-a48ch-apus-48-battery-charging-base\/\",\"url\":\"https:\/\/glareone.eu\/cs\/produkt\/glareone-a48ch-apus-48-battery-charging-base\/\",\"name\":\"GlareOne A48CH - Apus 48 battery charging base - GlareOne\",\"isPartOf\":{\"@id\":\"https:\/\/glareone.eu\/cs\/en\/#website\"},\"primaryImageOfPage\":{\"@id\":\"https:\/\/glareone.eu\/cs\/produkt\/glareone-a48ch-apus-48-battery-charging-base\/#primaryimage\"},\"image\":{\"@id\":\"https:\/\/glareone.eu\/cs\/produkt\/glareone-a48ch-apus-48-battery-charging-base\/#primaryimage\"},\"thumbnailUrl\":\"https:\/\/glareone.eu\/wp-content\/uploads\/2025\/04\/SA48CH_01.jpg\",\"datePublished\":\"2025-04-15T10:54:10+00:00\",\"dateModified\":\"2025-05-21T11:54:37+00:00\",\"breadcrumb\":{\"@id\":\"https:\/\/glareone.eu\/cs\/produkt\/glareone-a48ch-apus-48-battery-charging-base\/#breadcrumb\"},\"inLanguage\":\"cs\",\"potentialAction\":[{\"@type\":\"ReadAction\",\"target\":[\"https:\/\/glareone.eu\/cs\/produkt\/glareone-a48ch-apus-48-battery-charging-base\/\"]}]},{\"@type\":\"ImageObject\",\"inLanguage\":\"cs\",\"@id\":\"https:\/\/glareone.eu\/cs\/produkt\/glareone-a48ch-apus-48-battery-charging-base\/#primaryimage\",\"url\":\"https:\/\/glareone.eu\/wp-content\/uploads\/2025\/04\/SA48CH_01.jpg\",\"contentUrl\":\"https:\/\/glareone.eu\/wp-content\/uploads\/2025\/04\/SA48CH_01.jpg\",\"width\":1200,\"height\":1200},{\"@type\":\"BreadcrumbList\",\"@id\":\"https:\/\/glareone.eu\/cs\/produkt\/glareone-a48ch-apus-48-battery-charging-base\/#breadcrumb\",\"itemListElement\":[{\"@type\":\"ListItem\",\"position\":1,\"name\":\"Strona g\u0142\u00f3wna\",\"item\":\"https:\/\/glareone.eu\/cs\/\"},{\"@type\":\"ListItem\",\"position\":2,\"name\":\"V\u0161echny produkty\",\"item\":\"https:\/\/glareone.eu\/cs\/produkty\/vsechny-produkty\/\"},{\"@type\":\"ListItem\",\"position\":3,\"name\":\"GlareOne A48CH &#8211; Apus 48 battery charging base\"}]},{\"@type\":\"WebSite\",\"@id\":\"https:\/\/glareone.eu\/cs\/en\/#website\",\"url\":\"https:\/\/glareone.eu\/cs\/en\/\",\"name\":\"GlareOne\",\"description\":\"Wyposa\u017cenie Studia\",\"publisher\":{\"@id\":\"https:\/\/glareone.eu\/cs\/en\/#organization\"},\"potentialAction\":[{\"@type\":\"SearchAction\",\"target\":{\"@type\":\"EntryPoint\",\"urlTemplate\":\"https:\/\/glareone.eu\/cs\/en\/?s={search_term_string}\"},\"query-input\":{\"@type\":\"PropertyValueSpecification\",\"valueRequired\":true,\"valueName\":\"search_term_string\"}}],\"inLanguage\":\"cs\"},{\"@type\":\"Organization\",\"@id\":\"https:\/\/glareone.eu\/cs\/en\/#organization\",\"name\":\"GlareOne\",\"url\":\"https:\/\/glareone.eu\/cs\/en\/\",\"logo\":{\"@type\":\"ImageObject\",\"inLanguage\":\"cs\",\"@id\":\"https:\/\/glareone.eu\/cs\/en\/#\/schema\/logo\/image\/\",\"url\":\"http:\/\/glareone.eu\/wp-content\/uploads\/2024\/05\/glareone_logo2020_RGB-01-e1715773127189.png\",\"contentUrl\":\"http:\/\/glareone.eu\/wp-content\/uploads\/2024\/05\/glareone_logo2020_RGB-01-e1715773127189.png\",\"width\":1270,\"height\":321,\"caption\":\"GlareOne\"},\"image\":{\"@id\":\"https:\/\/glareone.eu\/cs\/en\/#\/schema\/logo\/image\/\"},\"sameAs\":[\"https:\/\/www.facebook.com\/GlareOneLighting\",\"https:\/\/www.instagram.com\/glareonelighting\/\",\"https:\/\/www.youtube.com\/@GlareOneTV\"]}]}<\/script>\n<!-- \/ Yoast SEO plugin. -->","yoast_head_json":{"title":"GlareOne A48CH - Apus 48 battery charging base - GlareOne","robots":{"index":"index","follow":"follow","max-snippet":"max-snippet:-1","max-image-preview":"max-image-preview:large","max-video-preview":"max-video-preview:-1"},"canonical":"https:\/\/glareone.eu\/cs\/produkt\/glareone-a48ch-apus-48-battery-charging-base\/","og_locale":"cs_CZ","og_type":"article","og_title":"GlareOne A48CH - Apus 48 battery charging base - GlareOne","og_description":"GlareOne A48CH je nab\u00edjec\u00ed adapt\u00e9r pro baterii A48BP (pro sv\u011btlo GlareOne Apus 48). Nab\u00edjec\u00ed adapt\u00e9r A48CH je ur\u010den k nab\u00edjen\u00ed bateri\u00ed GlareOne A48BP\u200b, ur\u010den\u00fdch pro GlareOne Apus 48 speedlite. Nab\u00edje\u010dka se p\u0159ipojuje k USB portu pomoc\u00ed kabelu, kter\u00fd je sou\u010d\u00e1st\u00ed z\u00e1kladn\u00ed sady se sv\u00edtilnou. Origin\u00e1ln\u00ed p\u0159\u00edslu\u0161enstv\u00ed a n\u00e1hradn\u00ed d\u00edly GlareOne zaru\u010duj\u00ed plnou kompatibilitu a vysok\u00fd [&hellip;]","og_url":"https:\/\/glareone.eu\/cs\/produkt\/glareone-a48ch-apus-48-battery-charging-base\/","og_site_name":"GlareOne","article_publisher":"https:\/\/www.facebook.com\/GlareOneLighting","article_modified_time":"2025-05-21T11:54:37+00:00","og_image":[{"width":1200,"height":1200,"url":"https:\/\/glareone.eu\/wp-content\/uploads\/2025\/04\/SA48CH_01.jpg","type":"image\/jpeg"}],"twitter_card":"summary_large_image","twitter_misc":{"Odhadovan\u00e1 doba \u010dten\u00ed":"1 minuta"},"schema":{"@context":"https:\/\/schema.org","@graph":[{"@type":"WebPage","@id":"https:\/\/glareone.eu\/cs\/produkt\/glareone-a48ch-apus-48-battery-charging-base\/","url":"https:\/\/glareone.eu\/cs\/produkt\/glareone-a48ch-apus-48-battery-charging-base\/","name":"GlareOne A48CH - Apus 48 battery charging base - GlareOne","isPartOf":{"@id":"https:\/\/glareone.eu\/cs\/en\/#website"},"primaryImageOfPage":{"@id":"https:\/\/glareone.eu\/cs\/produkt\/glareone-a48ch-apus-48-battery-charging-base\/#primaryimage"},"image":{"@id":"https:\/\/glareone.eu\/cs\/produkt\/glareone-a48ch-apus-48-battery-charging-base\/#primaryimage"},"thumbnailUrl":"https:\/\/glareone.eu\/wp-content\/uploads\/2025\/04\/SA48CH_01.jpg","datePublished":"2025-04-15T10:54:10+00:00","dateModified":"2025-05-21T11:54:37+00:00","breadcrumb":{"@id":"https:\/\/glareone.eu\/cs\/produkt\/glareone-a48ch-apus-48-battery-charging-base\/#breadcrumb"},"inLanguage":"cs","potentialAction":[{"@type":"ReadAction","target":["https:\/\/glareone.eu\/cs\/produkt\/glareone-a48ch-apus-48-battery-charging-base\/"]}]},{"@type":"ImageObject","inLanguage":"cs","@id":"https:\/\/glareone.eu\/cs\/produkt\/glareone-a48ch-apus-48-battery-charging-base\/#primaryimage","url":"https:\/\/glareone.eu\/wp-content\/uploads\/2025\/04\/SA48CH_01.jpg","contentUrl":"https:\/\/glareone.eu\/wp-content\/uploads\/2025\/04\/SA48CH_01.jpg","width":1200,"height":1200},{"@type":"BreadcrumbList","@id":"https:\/\/glareone.eu\/cs\/produkt\/glareone-a48ch-apus-48-battery-charging-base\/#breadcrumb","itemListElement":[{"@type":"ListItem","position":1,"name":"Strona g\u0142\u00f3wna","item":"https:\/\/glareone.eu\/cs\/"},{"@type":"ListItem","position":2,"name":"V\u0161echny produkty","item":"https:\/\/glareone.eu\/cs\/produkty\/vsechny-produkty\/"},{"@type":"ListItem","position":3,"name":"GlareOne A48CH &#8211; Apus 48 battery charging base"}]},{"@type":"WebSite","@id":"https:\/\/glareone.eu\/cs\/en\/#website","url":"https:\/\/glareone.eu\/cs\/en\/","name":"GlareOne","description":"Wyposa\u017cenie Studia","publisher":{"@id":"https:\/\/glareone.eu\/cs\/en\/#organization"},"potentialAction":[{"@type":"SearchAction","target":{"@type":"EntryPoint","urlTemplate":"https:\/\/glareone.eu\/cs\/en\/?s={search_term_string}"},"query-input":{"@type":"PropertyValueSpecification","valueRequired":true,"valueName":"search_term_string"}}],"inLanguage":"cs"},{"@type":"Organization","@id":"https:\/\/glareone.eu\/cs\/en\/#organization","name":"GlareOne","url":"https:\/\/glareone.eu\/cs\/en\/","logo":{"@type":"ImageObject","inLanguage":"cs","@id":"https:\/\/glareone.eu\/cs\/en\/#\/schema\/logo\/image\/","url":"http:\/\/glareone.eu\/wp-content\/uploads\/2024\/05\/glareone_logo2020_RGB-01-e1715773127189.png","contentUrl":"http:\/\/glareone.eu\/wp-content\/uploads\/2024\/05\/glareone_logo2020_RGB-01-e1715773127189.png","width":1270,"height":321,"caption":"GlareOne"},"image":{"@id":"https:\/\/glareone.eu\/cs\/en\/#\/schema\/logo\/image\/"},"sameAs":["https:\/\/www.facebook.com\/GlareOneLighting","https:\/\/www.instagram.com\/glareonelighting\/","https:\/\/www.youtube.com\/@GlareOneTV"]}]}},"_links":{"self":[{"href":"https:\/\/glareone.eu\/cs\/wp-json\/wp\/v2\/product\/17411","targetHints":{"allow":["GET"]}}],"collection":[{"href":"https:\/\/glareone.eu\/cs\/wp-json\/wp\/v2\/product"}],"about":[{"href":"https:\/\/glareone.eu\/cs\/wp-json\/wp\/v2\/types\/product"}],"wp:featuredmedia":[{"embeddable":true,"href":"https:\/\/glareone.eu\/cs\/wp-json\/wp\/v2\/media\/17412"}],"wp:attachment":[{"href":"https:\/\/glareone.eu\/cs\/wp-json\/wp\/v2\/media?parent=17411"}],"wp:term":[{"taxonomy":"product_brand","embeddable":true,"href":"https:\/\/glareone.eu\/cs\/wp-json\/wp\/v2\/product_brand?post=17411"},{"taxonomy":"product_cat","embeddable":true,"href":"https:\/\/glareone.eu\/cs\/wp-json\/wp\/v2\/product_cat?post=17411"},{"taxonomy":"product_tag","embeddable":true,"href":"https:\/\/glareone.eu\/cs\/wp-json\/wp\/v2\/product_tag?post=17411"}],"curies":[{"name":"wp","href":"https:\/\/api.w.org\/{rel}","templated":true}]}}