{"id":17404,"date":"2025-04-15T10:57:56","date_gmt":"2025-04-15T10:57:56","guid":{"rendered":"https:\/\/glareone.eu\/product\/glareone-apus-48-gel-kit\/"},"modified":"2025-05-21T11:53:24","modified_gmt":"2025-05-21T11:53:24","slug":"glareone-apus-48-gel-kit","status":"publish","type":"product","link":"https:\/\/glareone.eu\/cs\/produkt\/glareone-apus-48-gel-kit\/","title":{"rendered":"GlareOne Apus 48 Gel Kit"},"content":{"rendered":"<p><span style=\"font-weight: 400;\">GlareOne Apus 48 Gel Kit je sada barevn\u00fdch gel\u016f ve form\u011b f\u00f3lie nanesen\u00e9 na vypalova\u010dku, kterou lze namontovat na GlareOne Apus 48 speedlite. Sada nav\u00edc obsahuje kulatou difuzn\u00ed kopuli, kter\u00e1 umo\u017e\u0148uje zm\u011bk\u010dit dopadaj\u00edc\u00ed sv\u011btlo.<\/span><\/p>\n<p><span style=\"font-weight: 400;\">Gely v sad\u011b se dod\u00e1vaj\u00ed v 6 jasn\u00fdch a velmi syt\u00fdch barv\u00e1ch, tak\u017ee vytv\u00e1\u0159en\u00ed barevn\u00fdch d\u011bl je jednodu\u0161\u0161\u00ed ne\u017e kdy jindy. Sada obsahuje gely v oran\u017eov\u00e9, \u017elut\u00e9, zelen\u00e9, modr\u00e9, \u010derven\u00e9 a b\u00edl\u00e9 barv\u011b.<\/span><\/p>\n<h3><b>Vlastnosti produktu:<\/b><\/h3>\n<ul>\n<li style=\"font-weight: 400;\" aria-level=\"1\"><span style=\"font-weight: 400;\">Kompatibiln\u00ed s GlareOne Apus 48 speedlite,<\/span><\/li>\n<li style=\"font-weight: 400;\" aria-level=\"1\"><span style=\"font-weight: 400;\">Umo\u017e\u0148uje obarvit sv\u011btlo,<\/span><\/li>\n<li style=\"font-weight: 400;\" aria-level=\"1\"><span style=\"font-weight: 400;\">Snadn\u00e1 a rychl\u00e1 mont\u00e1\u017e,<\/span><\/li>\n<li style=\"font-weight: 400;\" aria-level=\"1\"><span style=\"font-weight: 400;\">Sada obsahuje difuzn\u00ed kopuli pro instalaci gelov\u00fdch filtr\u016f.<\/span><\/li>\n<\/ul>\n","protected":false},"excerpt":{"rendered":"<p>GlareOne Apus 48 Gel Kit je sada barevn\u00fdch gel\u016f ve form\u011b f\u00f3lie nanesen\u00e9 na vypalova\u010dku, kterou lze namontovat na GlareOne Apus 48 speedlite. Sada nav\u00edc obsahuje kulatou difuzn\u00ed kopuli, kter\u00e1 umo\u017e\u0148uje zm\u011bk\u010dit dopadaj\u00edc\u00ed sv\u011btlo. Gely v sad\u011b se dod\u00e1vaj\u00ed v 6 jasn\u00fdch a velmi syt\u00fdch barv\u00e1ch, tak\u017ee vytv\u00e1\u0159en\u00ed barevn\u00fdch d\u011bl je jednodu\u0161\u0161\u00ed ne\u017e kdy jindy. [&hellip;]<\/p>\n","protected":false},"featured_media":17405,"template":"","meta":[],"product_brand":[],"product_cat":[584],"product_tag":[],"class_list":{"0":"post-17404","1":"product","2":"type-product","3":"status-publish","4":"has-post-thumbnail","6":"product_cat-akumulatorove-blesky","8":"first","9":"instock","10":"shipping-taxable","11":"product-type-simple"},"yoast_head":"<!-- This site is optimized with the Yoast SEO plugin v27.2 - https:\/\/yoast.com\/product\/yoast-seo-wordpress\/ -->\n<title>GlareOne Apus 48 Gel Kit - GlareOne<\/title>\n<meta name=\"robots\" content=\"index, follow, max-snippet:-1, max-image-preview:large, max-video-preview:-1\" \/>\n<link rel=\"canonical\" href=\"https:\/\/glareone.eu\/cs\/produkt\/glareone-apus-48-gel-kit\/\" \/>\n<meta property=\"og:locale\" content=\"cs_CZ\" \/>\n<meta property=\"og:type\" content=\"article\" \/>\n<meta property=\"og:title\" content=\"GlareOne Apus 48 Gel Kit - GlareOne\" \/>\n<meta property=\"og:description\" content=\"GlareOne Apus 48 Gel Kit je sada barevn\u00fdch gel\u016f ve form\u011b f\u00f3lie nanesen\u00e9 na vypalova\u010dku, kterou lze namontovat na GlareOne Apus 48 speedlite. Sada nav\u00edc obsahuje kulatou difuzn\u00ed kopuli, kter\u00e1 umo\u017e\u0148uje zm\u011bk\u010dit dopadaj\u00edc\u00ed sv\u011btlo. Gely v sad\u011b se dod\u00e1vaj\u00ed v 6 jasn\u00fdch a velmi syt\u00fdch barv\u00e1ch, tak\u017ee vytv\u00e1\u0159en\u00ed barevn\u00fdch d\u011bl je jednodu\u0161\u0161\u00ed ne\u017e kdy jindy. [&hellip;]\" \/>\n<meta property=\"og:url\" content=\"https:\/\/glareone.eu\/cs\/produkt\/glareone-apus-48-gel-kit\/\" \/>\n<meta property=\"og:site_name\" content=\"GlareOne\" \/>\n<meta property=\"article:publisher\" content=\"https:\/\/www.facebook.com\/GlareOneLighting\" \/>\n<meta property=\"article:modified_time\" content=\"2025-05-21T11:53:24+00:00\" \/>\n<meta property=\"og:image\" content=\"https:\/\/glareone.eu\/wp-content\/uploads\/2025\/04\/SAPUS48GK_01.jpg\" \/>\n\t<meta property=\"og:image:width\" content=\"1200\" \/>\n\t<meta property=\"og:image:height\" content=\"1200\" \/>\n\t<meta property=\"og:image:type\" content=\"image\/jpeg\" \/>\n<meta name=\"twitter:card\" content=\"summary_large_image\" \/>\n<meta name=\"twitter:label1\" content=\"Odhadovan\u00e1 doba \u010dten\u00ed\" \/>\n\t<meta name=\"twitter:data1\" content=\"1 minuta\" \/>\n<script type=\"application\/ld+json\" class=\"yoast-schema-graph\">{\"@context\":\"https:\/\/schema.org\",\"@graph\":[{\"@type\":\"WebPage\",\"@id\":\"https:\/\/glareone.eu\/cs\/produkt\/glareone-apus-48-gel-kit\/\",\"url\":\"https:\/\/glareone.eu\/cs\/produkt\/glareone-apus-48-gel-kit\/\",\"name\":\"GlareOne Apus 48 Gel Kit - GlareOne\",\"isPartOf\":{\"@id\":\"https:\/\/glareone.eu\/cs\/en\/#website\"},\"primaryImageOfPage\":{\"@id\":\"https:\/\/glareone.eu\/cs\/produkt\/glareone-apus-48-gel-kit\/#primaryimage\"},\"image\":{\"@id\":\"https:\/\/glareone.eu\/cs\/produkt\/glareone-apus-48-gel-kit\/#primaryimage\"},\"thumbnailUrl\":\"https:\/\/glareone.eu\/wp-content\/uploads\/2025\/04\/SAPUS48GK_01.jpg\",\"datePublished\":\"2025-04-15T10:57:56+00:00\",\"dateModified\":\"2025-05-21T11:53:24+00:00\",\"breadcrumb\":{\"@id\":\"https:\/\/glareone.eu\/cs\/produkt\/glareone-apus-48-gel-kit\/#breadcrumb\"},\"inLanguage\":\"cs\",\"potentialAction\":[{\"@type\":\"ReadAction\",\"target\":[\"https:\/\/glareone.eu\/cs\/produkt\/glareone-apus-48-gel-kit\/\"]}]},{\"@type\":\"ImageObject\",\"inLanguage\":\"cs\",\"@id\":\"https:\/\/glareone.eu\/cs\/produkt\/glareone-apus-48-gel-kit\/#primaryimage\",\"url\":\"https:\/\/glareone.eu\/wp-content\/uploads\/2025\/04\/SAPUS48GK_01.jpg\",\"contentUrl\":\"https:\/\/glareone.eu\/wp-content\/uploads\/2025\/04\/SAPUS48GK_01.jpg\",\"width\":1200,\"height\":1200},{\"@type\":\"BreadcrumbList\",\"@id\":\"https:\/\/glareone.eu\/cs\/produkt\/glareone-apus-48-gel-kit\/#breadcrumb\",\"itemListElement\":[{\"@type\":\"ListItem\",\"position\":1,\"name\":\"Strona g\u0142\u00f3wna\",\"item\":\"https:\/\/glareone.eu\/cs\/\"},{\"@type\":\"ListItem\",\"position\":2,\"name\":\"V\u0161echny produkty\",\"item\":\"https:\/\/glareone.eu\/cs\/produkty\/vsechny-produkty\/\"},{\"@type\":\"ListItem\",\"position\":3,\"name\":\"GlareOne Apus 48 Gel Kit\"}]},{\"@type\":\"WebSite\",\"@id\":\"https:\/\/glareone.eu\/cs\/en\/#website\",\"url\":\"https:\/\/glareone.eu\/cs\/en\/\",\"name\":\"GlareOne\",\"description\":\"Wyposa\u017cenie Studia\",\"publisher\":{\"@id\":\"https:\/\/glareone.eu\/cs\/en\/#organization\"},\"potentialAction\":[{\"@type\":\"SearchAction\",\"target\":{\"@type\":\"EntryPoint\",\"urlTemplate\":\"https:\/\/glareone.eu\/cs\/en\/?s={search_term_string}\"},\"query-input\":{\"@type\":\"PropertyValueSpecification\",\"valueRequired\":true,\"valueName\":\"search_term_string\"}}],\"inLanguage\":\"cs\"},{\"@type\":\"Organization\",\"@id\":\"https:\/\/glareone.eu\/cs\/en\/#organization\",\"name\":\"GlareOne\",\"url\":\"https:\/\/glareone.eu\/cs\/en\/\",\"logo\":{\"@type\":\"ImageObject\",\"inLanguage\":\"cs\",\"@id\":\"https:\/\/glareone.eu\/cs\/en\/#\/schema\/logo\/image\/\",\"url\":\"http:\/\/glareone.eu\/wp-content\/uploads\/2024\/05\/glareone_logo2020_RGB-01-e1715773127189.png\",\"contentUrl\":\"http:\/\/glareone.eu\/wp-content\/uploads\/2024\/05\/glareone_logo2020_RGB-01-e1715773127189.png\",\"width\":1270,\"height\":321,\"caption\":\"GlareOne\"},\"image\":{\"@id\":\"https:\/\/glareone.eu\/cs\/en\/#\/schema\/logo\/image\/\"},\"sameAs\":[\"https:\/\/www.facebook.com\/GlareOneLighting\",\"https:\/\/www.instagram.com\/glareonelighting\/\",\"https:\/\/www.youtube.com\/@GlareOneTV\"]}]}<\/script>\n<!-- \/ Yoast SEO plugin. -->","yoast_head_json":{"title":"GlareOne Apus 48 Gel Kit - GlareOne","robots":{"index":"index","follow":"follow","max-snippet":"max-snippet:-1","max-image-preview":"max-image-preview:large","max-video-preview":"max-video-preview:-1"},"canonical":"https:\/\/glareone.eu\/cs\/produkt\/glareone-apus-48-gel-kit\/","og_locale":"cs_CZ","og_type":"article","og_title":"GlareOne Apus 48 Gel Kit - GlareOne","og_description":"GlareOne Apus 48 Gel Kit je sada barevn\u00fdch gel\u016f ve form\u011b f\u00f3lie nanesen\u00e9 na vypalova\u010dku, kterou lze namontovat na GlareOne Apus 48 speedlite. Sada nav\u00edc obsahuje kulatou difuzn\u00ed kopuli, kter\u00e1 umo\u017e\u0148uje zm\u011bk\u010dit dopadaj\u00edc\u00ed sv\u011btlo. Gely v sad\u011b se dod\u00e1vaj\u00ed v 6 jasn\u00fdch a velmi syt\u00fdch barv\u00e1ch, tak\u017ee vytv\u00e1\u0159en\u00ed barevn\u00fdch d\u011bl je jednodu\u0161\u0161\u00ed ne\u017e kdy jindy. [&hellip;]","og_url":"https:\/\/glareone.eu\/cs\/produkt\/glareone-apus-48-gel-kit\/","og_site_name":"GlareOne","article_publisher":"https:\/\/www.facebook.com\/GlareOneLighting","article_modified_time":"2025-05-21T11:53:24+00:00","og_image":[{"width":1200,"height":1200,"url":"https:\/\/glareone.eu\/wp-content\/uploads\/2025\/04\/SAPUS48GK_01.jpg","type":"image\/jpeg"}],"twitter_card":"summary_large_image","twitter_misc":{"Odhadovan\u00e1 doba \u010dten\u00ed":"1 minuta"},"schema":{"@context":"https:\/\/schema.org","@graph":[{"@type":"WebPage","@id":"https:\/\/glareone.eu\/cs\/produkt\/glareone-apus-48-gel-kit\/","url":"https:\/\/glareone.eu\/cs\/produkt\/glareone-apus-48-gel-kit\/","name":"GlareOne Apus 48 Gel Kit - GlareOne","isPartOf":{"@id":"https:\/\/glareone.eu\/cs\/en\/#website"},"primaryImageOfPage":{"@id":"https:\/\/glareone.eu\/cs\/produkt\/glareone-apus-48-gel-kit\/#primaryimage"},"image":{"@id":"https:\/\/glareone.eu\/cs\/produkt\/glareone-apus-48-gel-kit\/#primaryimage"},"thumbnailUrl":"https:\/\/glareone.eu\/wp-content\/uploads\/2025\/04\/SAPUS48GK_01.jpg","datePublished":"2025-04-15T10:57:56+00:00","dateModified":"2025-05-21T11:53:24+00:00","breadcrumb":{"@id":"https:\/\/glareone.eu\/cs\/produkt\/glareone-apus-48-gel-kit\/#breadcrumb"},"inLanguage":"cs","potentialAction":[{"@type":"ReadAction","target":["https:\/\/glareone.eu\/cs\/produkt\/glareone-apus-48-gel-kit\/"]}]},{"@type":"ImageObject","inLanguage":"cs","@id":"https:\/\/glareone.eu\/cs\/produkt\/glareone-apus-48-gel-kit\/#primaryimage","url":"https:\/\/glareone.eu\/wp-content\/uploads\/2025\/04\/SAPUS48GK_01.jpg","contentUrl":"https:\/\/glareone.eu\/wp-content\/uploads\/2025\/04\/SAPUS48GK_01.jpg","width":1200,"height":1200},{"@type":"BreadcrumbList","@id":"https:\/\/glareone.eu\/cs\/produkt\/glareone-apus-48-gel-kit\/#breadcrumb","itemListElement":[{"@type":"ListItem","position":1,"name":"Strona g\u0142\u00f3wna","item":"https:\/\/glareone.eu\/cs\/"},{"@type":"ListItem","position":2,"name":"V\u0161echny produkty","item":"https:\/\/glareone.eu\/cs\/produkty\/vsechny-produkty\/"},{"@type":"ListItem","position":3,"name":"GlareOne Apus 48 Gel Kit"}]},{"@type":"WebSite","@id":"https:\/\/glareone.eu\/cs\/en\/#website","url":"https:\/\/glareone.eu\/cs\/en\/","name":"GlareOne","description":"Wyposa\u017cenie Studia","publisher":{"@id":"https:\/\/glareone.eu\/cs\/en\/#organization"},"potentialAction":[{"@type":"SearchAction","target":{"@type":"EntryPoint","urlTemplate":"https:\/\/glareone.eu\/cs\/en\/?s={search_term_string}"},"query-input":{"@type":"PropertyValueSpecification","valueRequired":true,"valueName":"search_term_string"}}],"inLanguage":"cs"},{"@type":"Organization","@id":"https:\/\/glareone.eu\/cs\/en\/#organization","name":"GlareOne","url":"https:\/\/glareone.eu\/cs\/en\/","logo":{"@type":"ImageObject","inLanguage":"cs","@id":"https:\/\/glareone.eu\/cs\/en\/#\/schema\/logo\/image\/","url":"http:\/\/glareone.eu\/wp-content\/uploads\/2024\/05\/glareone_logo2020_RGB-01-e1715773127189.png","contentUrl":"http:\/\/glareone.eu\/wp-content\/uploads\/2024\/05\/glareone_logo2020_RGB-01-e1715773127189.png","width":1270,"height":321,"caption":"GlareOne"},"image":{"@id":"https:\/\/glareone.eu\/cs\/en\/#\/schema\/logo\/image\/"},"sameAs":["https:\/\/www.facebook.com\/GlareOneLighting","https:\/\/www.instagram.com\/glareonelighting\/","https:\/\/www.youtube.com\/@GlareOneTV"]}]}},"_links":{"self":[{"href":"https:\/\/glareone.eu\/cs\/wp-json\/wp\/v2\/product\/17404","targetHints":{"allow":["GET"]}}],"collection":[{"href":"https:\/\/glareone.eu\/cs\/wp-json\/wp\/v2\/product"}],"about":[{"href":"https:\/\/glareone.eu\/cs\/wp-json\/wp\/v2\/types\/product"}],"wp:featuredmedia":[{"embeddable":true,"href":"https:\/\/glareone.eu\/cs\/wp-json\/wp\/v2\/media\/17405"}],"wp:attachment":[{"href":"https:\/\/glareone.eu\/cs\/wp-json\/wp\/v2\/media?parent=17404"}],"wp:term":[{"taxonomy":"product_brand","embeddable":true,"href":"https:\/\/glareone.eu\/cs\/wp-json\/wp\/v2\/product_brand?post=17404"},{"taxonomy":"product_cat","embeddable":true,"href":"https:\/\/glareone.eu\/cs\/wp-json\/wp\/v2\/product_cat?post=17404"},{"taxonomy":"product_tag","embeddable":true,"href":"https:\/\/glareone.eu\/cs\/wp-json\/wp\/v2\/product_tag?post=17404"}],"curies":[{"name":"wp","href":"https:\/\/api.w.org\/{rel}","templated":true}]}}