{"id":17389,"date":"2025-04-15T11:05:30","date_gmt":"2025-04-15T11:05:30","guid":{"rendered":"https:\/\/glareone.eu\/product\/glareone-g-snoot\/"},"modified":"2025-05-21T11:47:57","modified_gmt":"2025-05-21T11:47:57","slug":"glareone-g-snoot","status":"publish","type":"product","link":"https:\/\/glareone.eu\/cs\/produkt\/glareone-g-snoot\/","title":{"rendered":"GlareOne G Snoot"},"content":{"rendered":"<p>GlareOne G Snoot je reflektor, kter\u00fd lze namontovat na GlareOne Botis 80, Botis 200 nebo jin\u00e9 lampy, kter\u00e9 jsou vybaveny 4bodov\u00fdm G-mountem.<\/p>\n<p>Bodov\u00e9 sv\u011btlo je ide\u00e1ln\u00ed pro speci\u00e1ln\u00ed \u00fakoly. Pou\u017e\u00edv\u00e1 se v produktov\u00e9 a portr\u00e9tn\u00ed fotografii k p\u0159esn\u00e9mu nasv\u00edcen\u00ed pozad\u00ed, postav, tv\u00e1\u0159\u00ed a vlas\u016f. P\u0159i nasv\u00edcen\u00ed obli\u010deje je vid\u011bt, \u017ee sv\u011btlo pokr\u00fdv\u00e1 jen malou \u010d\u00e1st r\u00e1mu, co\u017e je d\u00e1no mal\u00fdm pr\u016fm\u011brem v\u00fdstupn\u00edho otvoru.<\/p>\n<p>Kl\u00ed\u010dov\u00fdm prvkem designu je jeho zadn\u00ed \u010d\u00e1st, kter\u00e1 m\u00e1 na starosti efektivn\u00ed odv\u011btr\u00e1v\u00e1n\u00ed sv\u011bteln\u00e9 z\u00e1bleskov\u00e9 trubice a modelovac\u00edho sv\u011btla.<\/p>\n<p>V\u00fdsledn\u00fd efekt modifik\u00e1toru lze m\u011bnit pomoc\u00ed p\u0159ilo\u017een\u00e9 m\u0159\u00ed\u017eky, co\u017e n\u00e1m umo\u017e\u0148uje je\u0161t\u011b p\u0159esn\u011bji sm\u011brovat vznikaj\u00edc\u00ed sv\u011btlo.<\/p>\n<h3>Vlastnosti produktu:<\/h3>\n<ul>\n<li>4-bodov\u00fd G-mount,<\/li>\n<li>kompatibiln\u00ed se sv\u011btly GlareOne Botis 80, Botis 200,<\/li>\n<li>umo\u017e\u0148uje siln\u011b nasm\u011brovat sv\u011btlo,<\/li>\n<li>snadn\u00e1 a rychl\u00e1 mont\u00e1\u017e,<\/li>\n<li>konstrukce s ventilac\u00ed,<\/li>\n<li>vyrobeno z kovu,<\/li>\n<li>m\u0159\u00ed\u017eka v cen\u011b.<\/li>\n<\/ul>\n","protected":false},"excerpt":{"rendered":"<p>GlareOne G Snoot je reflektor, kter\u00fd lze namontovat na GlareOne Botis 80, Botis 200 nebo jin\u00e9 lampy, kter\u00e9 jsou vybaveny 4bodov\u00fdm G-mountem. Bodov\u00e9 sv\u011btlo je ide\u00e1ln\u00ed pro speci\u00e1ln\u00ed \u00fakoly. Pou\u017e\u00edv\u00e1 se v produktov\u00e9 a portr\u00e9tn\u00ed fotografii k p\u0159esn\u00e9mu nasv\u00edcen\u00ed pozad\u00ed, postav, tv\u00e1\u0159\u00ed a vlas\u016f. P\u0159i nasv\u00edcen\u00ed obli\u010deje je vid\u011bt, \u017ee sv\u011btlo pokr\u00fdv\u00e1 jen malou \u010d\u00e1st [&hellip;]<\/p>\n","protected":false},"featured_media":17390,"template":"","meta":[],"product_brand":[],"product_cat":[584],"product_tag":[],"class_list":{"0":"post-17389","1":"product","2":"type-product","3":"status-publish","4":"has-post-thumbnail","6":"product_cat-akumulatorove-blesky","8":"first","9":"instock","10":"shipping-taxable","11":"product-type-simple"},"yoast_head":"<!-- This site is optimized with the Yoast SEO plugin v27.2 - https:\/\/yoast.com\/product\/yoast-seo-wordpress\/ -->\n<title>GlareOne G Snoot - GlareOne<\/title>\n<meta name=\"robots\" content=\"index, follow, max-snippet:-1, max-image-preview:large, max-video-preview:-1\" \/>\n<link rel=\"canonical\" href=\"https:\/\/glareone.eu\/cs\/produkt\/glareone-g-snoot\/\" \/>\n<meta property=\"og:locale\" content=\"cs_CZ\" \/>\n<meta property=\"og:type\" content=\"article\" \/>\n<meta property=\"og:title\" content=\"GlareOne G Snoot - GlareOne\" \/>\n<meta property=\"og:description\" content=\"GlareOne G Snoot je reflektor, kter\u00fd lze namontovat na GlareOne Botis 80, Botis 200 nebo jin\u00e9 lampy, kter\u00e9 jsou vybaveny 4bodov\u00fdm G-mountem. Bodov\u00e9 sv\u011btlo je ide\u00e1ln\u00ed pro speci\u00e1ln\u00ed \u00fakoly. Pou\u017e\u00edv\u00e1 se v produktov\u00e9 a portr\u00e9tn\u00ed fotografii k p\u0159esn\u00e9mu nasv\u00edcen\u00ed pozad\u00ed, postav, tv\u00e1\u0159\u00ed a vlas\u016f. P\u0159i nasv\u00edcen\u00ed obli\u010deje je vid\u011bt, \u017ee sv\u011btlo pokr\u00fdv\u00e1 jen malou \u010d\u00e1st [&hellip;]\" \/>\n<meta property=\"og:url\" content=\"https:\/\/glareone.eu\/cs\/produkt\/glareone-g-snoot\/\" \/>\n<meta property=\"og:site_name\" content=\"GlareOne\" \/>\n<meta property=\"article:publisher\" content=\"https:\/\/www.facebook.com\/GlareOneLighting\" \/>\n<meta property=\"article:modified_time\" content=\"2025-05-21T11:47:57+00:00\" \/>\n<meta property=\"og:image\" content=\"https:\/\/glareone.eu\/wp-content\/uploads\/2025\/04\/SGSNOOT_01.jpg\" \/>\n\t<meta property=\"og:image:width\" content=\"1200\" \/>\n\t<meta property=\"og:image:height\" content=\"1200\" \/>\n\t<meta property=\"og:image:type\" content=\"image\/jpeg\" \/>\n<meta name=\"twitter:card\" content=\"summary_large_image\" \/>\n<meta name=\"twitter:label1\" content=\"Odhadovan\u00e1 doba \u010dten\u00ed\" \/>\n\t<meta name=\"twitter:data1\" content=\"1 minuta\" \/>\n<script type=\"application\/ld+json\" class=\"yoast-schema-graph\">{\"@context\":\"https:\/\/schema.org\",\"@graph\":[{\"@type\":\"WebPage\",\"@id\":\"https:\/\/glareone.eu\/cs\/produkt\/glareone-g-snoot\/\",\"url\":\"https:\/\/glareone.eu\/cs\/produkt\/glareone-g-snoot\/\",\"name\":\"GlareOne G Snoot - GlareOne\",\"isPartOf\":{\"@id\":\"https:\/\/glareone.eu\/cs\/en\/#website\"},\"primaryImageOfPage\":{\"@id\":\"https:\/\/glareone.eu\/cs\/produkt\/glareone-g-snoot\/#primaryimage\"},\"image\":{\"@id\":\"https:\/\/glareone.eu\/cs\/produkt\/glareone-g-snoot\/#primaryimage\"},\"thumbnailUrl\":\"https:\/\/glareone.eu\/wp-content\/uploads\/2025\/04\/SGSNOOT_01.jpg\",\"datePublished\":\"2025-04-15T11:05:30+00:00\",\"dateModified\":\"2025-05-21T11:47:57+00:00\",\"breadcrumb\":{\"@id\":\"https:\/\/glareone.eu\/cs\/produkt\/glareone-g-snoot\/#breadcrumb\"},\"inLanguage\":\"cs\",\"potentialAction\":[{\"@type\":\"ReadAction\",\"target\":[\"https:\/\/glareone.eu\/cs\/produkt\/glareone-g-snoot\/\"]}]},{\"@type\":\"ImageObject\",\"inLanguage\":\"cs\",\"@id\":\"https:\/\/glareone.eu\/cs\/produkt\/glareone-g-snoot\/#primaryimage\",\"url\":\"https:\/\/glareone.eu\/wp-content\/uploads\/2025\/04\/SGSNOOT_01.jpg\",\"contentUrl\":\"https:\/\/glareone.eu\/wp-content\/uploads\/2025\/04\/SGSNOOT_01.jpg\",\"width\":1200,\"height\":1200},{\"@type\":\"BreadcrumbList\",\"@id\":\"https:\/\/glareone.eu\/cs\/produkt\/glareone-g-snoot\/#breadcrumb\",\"itemListElement\":[{\"@type\":\"ListItem\",\"position\":1,\"name\":\"Strona g\u0142\u00f3wna\",\"item\":\"https:\/\/glareone.eu\/cs\/\"},{\"@type\":\"ListItem\",\"position\":2,\"name\":\"V\u0161echny produkty\",\"item\":\"https:\/\/glareone.eu\/cs\/produkty\/vsechny-produkty\/\"},{\"@type\":\"ListItem\",\"position\":3,\"name\":\"GlareOne G Snoot\"}]},{\"@type\":\"WebSite\",\"@id\":\"https:\/\/glareone.eu\/cs\/en\/#website\",\"url\":\"https:\/\/glareone.eu\/cs\/en\/\",\"name\":\"GlareOne\",\"description\":\"Wyposa\u017cenie Studia\",\"publisher\":{\"@id\":\"https:\/\/glareone.eu\/cs\/en\/#organization\"},\"potentialAction\":[{\"@type\":\"SearchAction\",\"target\":{\"@type\":\"EntryPoint\",\"urlTemplate\":\"https:\/\/glareone.eu\/cs\/en\/?s={search_term_string}\"},\"query-input\":{\"@type\":\"PropertyValueSpecification\",\"valueRequired\":true,\"valueName\":\"search_term_string\"}}],\"inLanguage\":\"cs\"},{\"@type\":\"Organization\",\"@id\":\"https:\/\/glareone.eu\/cs\/en\/#organization\",\"name\":\"GlareOne\",\"url\":\"https:\/\/glareone.eu\/cs\/en\/\",\"logo\":{\"@type\":\"ImageObject\",\"inLanguage\":\"cs\",\"@id\":\"https:\/\/glareone.eu\/cs\/en\/#\/schema\/logo\/image\/\",\"url\":\"http:\/\/glareone.eu\/wp-content\/uploads\/2024\/05\/glareone_logo2020_RGB-01-e1715773127189.png\",\"contentUrl\":\"http:\/\/glareone.eu\/wp-content\/uploads\/2024\/05\/glareone_logo2020_RGB-01-e1715773127189.png\",\"width\":1270,\"height\":321,\"caption\":\"GlareOne\"},\"image\":{\"@id\":\"https:\/\/glareone.eu\/cs\/en\/#\/schema\/logo\/image\/\"},\"sameAs\":[\"https:\/\/www.facebook.com\/GlareOneLighting\",\"https:\/\/www.instagram.com\/glareonelighting\/\",\"https:\/\/www.youtube.com\/@GlareOneTV\"]}]}<\/script>\n<!-- \/ Yoast SEO plugin. -->","yoast_head_json":{"title":"GlareOne G Snoot - GlareOne","robots":{"index":"index","follow":"follow","max-snippet":"max-snippet:-1","max-image-preview":"max-image-preview:large","max-video-preview":"max-video-preview:-1"},"canonical":"https:\/\/glareone.eu\/cs\/produkt\/glareone-g-snoot\/","og_locale":"cs_CZ","og_type":"article","og_title":"GlareOne G Snoot - GlareOne","og_description":"GlareOne G Snoot je reflektor, kter\u00fd lze namontovat na GlareOne Botis 80, Botis 200 nebo jin\u00e9 lampy, kter\u00e9 jsou vybaveny 4bodov\u00fdm G-mountem. Bodov\u00e9 sv\u011btlo je ide\u00e1ln\u00ed pro speci\u00e1ln\u00ed \u00fakoly. Pou\u017e\u00edv\u00e1 se v produktov\u00e9 a portr\u00e9tn\u00ed fotografii k p\u0159esn\u00e9mu nasv\u00edcen\u00ed pozad\u00ed, postav, tv\u00e1\u0159\u00ed a vlas\u016f. P\u0159i nasv\u00edcen\u00ed obli\u010deje je vid\u011bt, \u017ee sv\u011btlo pokr\u00fdv\u00e1 jen malou \u010d\u00e1st [&hellip;]","og_url":"https:\/\/glareone.eu\/cs\/produkt\/glareone-g-snoot\/","og_site_name":"GlareOne","article_publisher":"https:\/\/www.facebook.com\/GlareOneLighting","article_modified_time":"2025-05-21T11:47:57+00:00","og_image":[{"width":1200,"height":1200,"url":"https:\/\/glareone.eu\/wp-content\/uploads\/2025\/04\/SGSNOOT_01.jpg","type":"image\/jpeg"}],"twitter_card":"summary_large_image","twitter_misc":{"Odhadovan\u00e1 doba \u010dten\u00ed":"1 minuta"},"schema":{"@context":"https:\/\/schema.org","@graph":[{"@type":"WebPage","@id":"https:\/\/glareone.eu\/cs\/produkt\/glareone-g-snoot\/","url":"https:\/\/glareone.eu\/cs\/produkt\/glareone-g-snoot\/","name":"GlareOne G Snoot - GlareOne","isPartOf":{"@id":"https:\/\/glareone.eu\/cs\/en\/#website"},"primaryImageOfPage":{"@id":"https:\/\/glareone.eu\/cs\/produkt\/glareone-g-snoot\/#primaryimage"},"image":{"@id":"https:\/\/glareone.eu\/cs\/produkt\/glareone-g-snoot\/#primaryimage"},"thumbnailUrl":"https:\/\/glareone.eu\/wp-content\/uploads\/2025\/04\/SGSNOOT_01.jpg","datePublished":"2025-04-15T11:05:30+00:00","dateModified":"2025-05-21T11:47:57+00:00","breadcrumb":{"@id":"https:\/\/glareone.eu\/cs\/produkt\/glareone-g-snoot\/#breadcrumb"},"inLanguage":"cs","potentialAction":[{"@type":"ReadAction","target":["https:\/\/glareone.eu\/cs\/produkt\/glareone-g-snoot\/"]}]},{"@type":"ImageObject","inLanguage":"cs","@id":"https:\/\/glareone.eu\/cs\/produkt\/glareone-g-snoot\/#primaryimage","url":"https:\/\/glareone.eu\/wp-content\/uploads\/2025\/04\/SGSNOOT_01.jpg","contentUrl":"https:\/\/glareone.eu\/wp-content\/uploads\/2025\/04\/SGSNOOT_01.jpg","width":1200,"height":1200},{"@type":"BreadcrumbList","@id":"https:\/\/glareone.eu\/cs\/produkt\/glareone-g-snoot\/#breadcrumb","itemListElement":[{"@type":"ListItem","position":1,"name":"Strona g\u0142\u00f3wna","item":"https:\/\/glareone.eu\/cs\/"},{"@type":"ListItem","position":2,"name":"V\u0161echny produkty","item":"https:\/\/glareone.eu\/cs\/produkty\/vsechny-produkty\/"},{"@type":"ListItem","position":3,"name":"GlareOne G Snoot"}]},{"@type":"WebSite","@id":"https:\/\/glareone.eu\/cs\/en\/#website","url":"https:\/\/glareone.eu\/cs\/en\/","name":"GlareOne","description":"Wyposa\u017cenie Studia","publisher":{"@id":"https:\/\/glareone.eu\/cs\/en\/#organization"},"potentialAction":[{"@type":"SearchAction","target":{"@type":"EntryPoint","urlTemplate":"https:\/\/glareone.eu\/cs\/en\/?s={search_term_string}"},"query-input":{"@type":"PropertyValueSpecification","valueRequired":true,"valueName":"search_term_string"}}],"inLanguage":"cs"},{"@type":"Organization","@id":"https:\/\/glareone.eu\/cs\/en\/#organization","name":"GlareOne","url":"https:\/\/glareone.eu\/cs\/en\/","logo":{"@type":"ImageObject","inLanguage":"cs","@id":"https:\/\/glareone.eu\/cs\/en\/#\/schema\/logo\/image\/","url":"http:\/\/glareone.eu\/wp-content\/uploads\/2024\/05\/glareone_logo2020_RGB-01-e1715773127189.png","contentUrl":"http:\/\/glareone.eu\/wp-content\/uploads\/2024\/05\/glareone_logo2020_RGB-01-e1715773127189.png","width":1270,"height":321,"caption":"GlareOne"},"image":{"@id":"https:\/\/glareone.eu\/cs\/en\/#\/schema\/logo\/image\/"},"sameAs":["https:\/\/www.facebook.com\/GlareOneLighting","https:\/\/www.instagram.com\/glareonelighting\/","https:\/\/www.youtube.com\/@GlareOneTV"]}]}},"_links":{"self":[{"href":"https:\/\/glareone.eu\/cs\/wp-json\/wp\/v2\/product\/17389","targetHints":{"allow":["GET"]}}],"collection":[{"href":"https:\/\/glareone.eu\/cs\/wp-json\/wp\/v2\/product"}],"about":[{"href":"https:\/\/glareone.eu\/cs\/wp-json\/wp\/v2\/types\/product"}],"wp:featuredmedia":[{"embeddable":true,"href":"https:\/\/glareone.eu\/cs\/wp-json\/wp\/v2\/media\/17390"}],"wp:attachment":[{"href":"https:\/\/glareone.eu\/cs\/wp-json\/wp\/v2\/media?parent=17389"}],"wp:term":[{"taxonomy":"product_brand","embeddable":true,"href":"https:\/\/glareone.eu\/cs\/wp-json\/wp\/v2\/product_brand?post=17389"},{"taxonomy":"product_cat","embeddable":true,"href":"https:\/\/glareone.eu\/cs\/wp-json\/wp\/v2\/product_cat?post=17389"},{"taxonomy":"product_tag","embeddable":true,"href":"https:\/\/glareone.eu\/cs\/wp-json\/wp\/v2\/product_tag?post=17389"}],"curies":[{"name":"wp","href":"https:\/\/api.w.org\/{rel}","templated":true}]}}