{"id":17225,"date":"2024-04-18T19:26:20","date_gmt":"2024-04-18T19:26:20","guid":{"rendered":"https:\/\/glareone.eu\/product\/glareone-vega-400-studyjna-lampa-blyskowa\/"},"modified":"2025-05-20T13:06:35","modified_gmt":"2025-05-20T13:06:35","slug":"glareone-vega-400-studiova-bleskova-lampa","status":"publish","type":"product","link":"https:\/\/glareone.eu\/cs\/produkt\/glareone-vega-400-studiova-bleskova-lampa\/","title":{"rendered":"GlareOne Vega 400 \u2013 studiov\u00e1 bleskov\u00e1 lampa"},"content":{"rendered":"<h3>Vysok\u00fd v\u00fdkon<\/h3>\n<p>Maxim\u00e1ln\u00ed v\u00fdkon lampy je 400 Ws (J), co\u017e je \u00farove\u0148, kter\u00e1 zaru\u010duje pohodlnou pr\u00e1ci s velmi \u0161irokou \u0161k\u00e1lou objekt\u016f, kter\u00e9 fotograf m\u016f\u017ee v fotoateli\u00e9ru fotografovat. Blesk je vhodn\u00fd nejen pro portr\u00e9ty, ale lze jej pou\u017e\u00edt i pro fotografov\u00e1n\u00ed z\u00e1ti\u0161\u00ed a produkt\u016f. D\u00edky aktivn\u00edmu chlazen\u00ed a modern\u00edmu designu je doba nab\u00edjen\u00ed p\u0159i pln\u00e9m v\u00fdkonu blesku m\u00e9n\u011b ne\u017e 1 sekunda.<\/p>\n<h3>V\u0161estrannost<\/h3>\n<p>Rozsah nastaven\u00ed energie blesku je a\u017e 6 clonov\u00fdch stup\u0148\u016f. To znamen\u00e1, \u017ee p\u0159i fotografov\u00e1n\u00ed portr\u00e9t\u016f s malou hloubkou ostrosti je mo\u017en\u00e9 pou\u017e\u00edt n\u00edzk\u00e9 nastaven\u00ed v\u00fdkonu a v p\u0159\u00edpad\u011b pot\u0159eby bude blesk schopen vygenerovat tolik sv\u011btla, \u017ee bude mo\u017en\u00e9 pou\u017e\u00edt \u00fazce uzav\u0159en\u00e9 clony pro velkou hloubku ostrosti.<\/p>\n<h3>R\u00e1diov\u00e9 ovl\u00e1d\u00e1n\u00ed<\/h3>\n<p>Vega 400 je vybaven p\u0159ij\u00edma\u010dem, kter\u00fd komunikuje s vys\u00edla\u010dem GlareOne Flash RC. D\u00edky tomu je mo\u017en\u00e9 nastavit energii blesku na d\u00e1lku, ani\u017e byste se museli p\u0159ibli\u017eovat k blesku, co\u017e velmi usnad\u0148uje a zefektiv\u0148uje pr\u00e1ci ve studiu.<\/p>\n<h3>LED kontrolka<\/h3>\n<p>Blesk je vybaven kontrolkou vyu\u017e\u00edvaj\u00edc\u00ed LED syst\u00e9m s maxim\u00e1ln\u00edm v\u00fdkonem 15 W. Jedn\u00e1 se o modern\u00ed \u0159e\u0161en\u00ed, kter\u00e9 je \u00fa\u010dinn\u011bj\u0161\u00ed, men\u0161\u00ed, odoln\u011bj\u0161\u00ed a \u2013 co je velmi d\u016fle\u017eit\u00e9 \u2013 bezpe\u010dn\u011bj\u0161\u00ed ne\u017e halogenov\u00e9 \u017e\u00e1rovky, kter\u00e9 se b\u011b\u017en\u011b pou\u017e\u00edvaj\u00ed v jin\u00fdch lamp\u00e1ch. Kontrolka Vega 400 m\u016f\u017ee pracovat v proporcion\u00e1ln\u00edm re\u017eimu, kter\u00fd souvis\u00ed s nastavenou energi\u00ed blesku, ale lze ji tak\u00e9 trvale zapnout na pln\u00fd v\u00fdkon nebo vypnout.<\/p>\n<h3>Snadn\u00e9 pou\u017eit\u00ed<\/h3>\n<p>Zadn\u00ed panel je vybaven p\u0159ehledn\u00fdm podsv\u00edcen\u00fdm LCD displejem, kter\u00fd zobrazuje nejd\u016fle\u017eit\u011bj\u0161\u00ed provozn\u00ed parametry, a ovl\u00e1d\u00e1n\u00ed je intuitivn\u00ed a velmi snadno se ovl\u00e1d\u00e1. Zm\u011bna nastaven\u00ed energie blesku nebo re\u017eimu kontrolky se prov\u00e1d\u00ed pomoc\u00ed oto\u010dn\u00e9ho knofl\u00edku a pouze dvou tla\u010d\u00edtek. D\u00edky tomu se ovl\u00e1d\u00e1n\u00ed blesku nau\u010d\u00edte velmi rychle.<\/p>\n<h3>Modifik\u00e1tory sv\u011btla<\/h3>\n<p>Vega 400 je vybaven dr\u017e\u00e1kem typu Bowens, kter\u00fd umo\u017e\u0148uje pou\u017eit\u00ed \u0161irok\u00e9 \u0161k\u00e1ly p\u0159\u00edslu\u0161enstv\u00ed pro \u00fapravu sv\u011btla. M\u016f\u017eete pou\u017e\u00edt softboxy r\u016fzn\u00fdch velikost\u00ed a tvar\u016f, reflektory, streamy, barndoors a p\u0159\u00edslu\u0161enstv\u00ed typu beauty-dish. D\u00edky integrovan\u00e9mu stativov\u00e9mu dr\u017e\u00e1ku lze Vega 400 pou\u017e\u00edt tak\u00e9 se de\u0161tn\u00edky.<\/p>\n<h3>Kompaktnost<\/h3>\n<p>Kryt je vyroben z vysoce kvalitn\u00edho plastu, d\u00edky \u010demu\u017e se Vega 400 vyzna\u010duje n\u00edzkou hmotnost\u00ed. Modern\u00ed design a pou\u017eit\u00ed kontrolky na b\u00e1zi LED technologie nav\u00edc umo\u017enily um\u00edstit v\u0161echny komponenty do mal\u00e9ho t\u011bla. N\u00edzk\u00e1 hmotnost a mal\u00e9 rozm\u011bry \u010din\u00ed lampu nejen pohodlnou pro p\u0159epravu, ale tak\u00e9 snadno skladovatelnou.<\/p>\n<h3>Vlastnosti GlareOne VEGA<\/h3>\n<ul>\n<li>Snadno pou\u017eiteln\u00fd a univerz\u00e1ln\u00ed blesk 400 Ws<\/li>\n<li>Lehk\u00e1, extr\u00e9mn\u011b kompaktn\u00ed a snadno p\u0159enosn\u00e1<\/li>\n<li>Stabiln\u00ed barevn\u00e1 teplota (5500\u00b1200K) v cel\u00e9m rozsahu nastaven\u00ed v\u00fdkonu blesku<\/li>\n<li>V\u00fdkon nastaviteln\u00fd v 6 \u00farovn\u00edch clony (1\/1~1\/32)<\/li>\n<li>Velmi kr\u00e1tk\u00e1 doba nab\u00edjen\u00ed \u2013 pouze 0,9 s p\u0159i pln\u00e9m v\u00fdkonu<\/li>\n<li>M\u00e1 15W LED kontrolku (ekvivalentn\u00ed p\u0159ibli\u017en\u011b 150W halogenov\u00e9 \u017e\u00e1rovce)<\/li>\n<li>Vybavena dr\u017e\u00e1kem pro modifik\u00e1tory sv\u011btla typu Bowens<\/li>\n<li>Vestav\u011bn\u00fd r\u00e1diov\u00fd p\u0159ij\u00edma\u010d kompatibiln\u00ed se spou\u0161t\u011b\u010dem GlareOne Flash RC (k dispozici samostatn\u011b)<\/li>\n<li>Lze p\u0159i\u0159adit k jedn\u00e9 ze 16 skupin lamp s 32 komunika\u010dn\u00edmi kan\u00e1ly<\/li>\n<li>Vybaven fotobu\u0148kou a standardn\u00ed 3,5mm synchroniza\u010dn\u00ed z\u00e1suvkou<\/li>\n<li>V\u00fdkonn\u00fd aktivn\u00ed chladic\u00ed syst\u00e9m a teplotn\u00ed pojistka<\/li>\n<li>Dr\u017e\u00e1k de\u0161tn\u00edku integrovan\u00fd do stativov\u00e9ho dr\u017e\u00e1ku<\/li>\n<li>Ergonomicky tvarovan\u00e1 rukoje\u0165 umo\u017e\u0148uj\u00edc\u00ed nastaven\u00ed \u00fahlu<\/li>\n<li>Dod\u00e1v\u00e1no s nap\u00e1jec\u00edm kabelem, ochrann\u00fdm krytem a u\u017eivatelskou p\u0159\u00edru\u010dkou<\/li>\n<\/ul>\n","protected":false},"excerpt":{"rendered":"<p>Vysok\u00fd v\u00fdkon Maxim\u00e1ln\u00ed v\u00fdkon lampy je 400 Ws (J), co\u017e je \u00farove\u0148, kter\u00e1 zaru\u010duje pohodlnou pr\u00e1ci s velmi \u0161irokou \u0161k\u00e1lou objekt\u016f, kter\u00e9 fotograf m\u016f\u017ee v fotoateli\u00e9ru fotografovat. Blesk je vhodn\u00fd nejen pro portr\u00e9ty, ale lze jej pou\u017e\u00edt i pro fotografov\u00e1n\u00ed z\u00e1ti\u0161\u00ed a produkt\u016f. D\u00edky aktivn\u00edmu chlazen\u00ed a modern\u00edmu designu je doba nab\u00edjen\u00ed p\u0159i pln\u00e9m v\u00fdkonu [&hellip;]<\/p>\n","protected":false},"featured_media":17226,"template":"","meta":[],"product_brand":[],"product_cat":[568],"product_tag":[],"class_list":{"0":"post-17225","1":"product","2":"type-product","3":"status-publish","4":"has-post-thumbnail","6":"product_cat-vega-cs","8":"first","9":"instock","10":"product-type-simple"},"yoast_head":"<!-- This site is optimized with the Yoast SEO plugin v27.2 - https:\/\/yoast.com\/product\/yoast-seo-wordpress\/ -->\n<title>GlareOne Vega 400 - studyjna lampa b\u0142yskowa<\/title>\n<meta name=\"description\" content=\"GlareOne Vega 400 - kompaktowa, b\u0142yskowa lampa studyjna o mocy 400 Ws, wyposa\u017cona w \u015bwiat\u0142o pilotuj\u0105ce LED i mocowanie modyfikator\u00f3w \u015bwiat\u0142a typu Bowens.\" \/>\n<meta name=\"robots\" content=\"index, follow, max-snippet:-1, max-image-preview:large, max-video-preview:-1\" \/>\n<link rel=\"canonical\" href=\"https:\/\/glareone.eu\/cs\/produkt\/glareone-vega-400-studiova-bleskova-lampa\/\" \/>\n<meta property=\"og:locale\" content=\"cs_CZ\" \/>\n<meta property=\"og:type\" content=\"article\" \/>\n<meta property=\"og:title\" content=\"GlareOne Vega 400 - studyjna lampa b\u0142yskowa\" \/>\n<meta property=\"og:description\" content=\"GlareOne Vega 400 - kompaktowa, b\u0142yskowa lampa studyjna o mocy 400 Ws, wyposa\u017cona w \u015bwiat\u0142o pilotuj\u0105ce LED i mocowanie modyfikator\u00f3w \u015bwiat\u0142a typu Bowens.\" \/>\n<meta property=\"og:url\" content=\"https:\/\/glareone.eu\/cs\/produkt\/glareone-vega-400-studiova-bleskova-lampa\/\" \/>\n<meta property=\"og:site_name\" content=\"GlareOne\" \/>\n<meta property=\"article:publisher\" content=\"https:\/\/www.facebook.com\/GlareOneLighting\" \/>\n<meta property=\"article:modified_time\" content=\"2025-05-20T13:06:35+00:00\" \/>\n<meta property=\"og:image\" content=\"https:\/\/glareone.eu\/wp-content\/uploads\/2024\/04\/SVEGA400-GlareOne-Vega-400-1_tn.jpg\" \/>\n\t<meta property=\"og:image:width\" content=\"2000\" \/>\n\t<meta property=\"og:image:height\" content=\"2000\" \/>\n\t<meta property=\"og:image:type\" content=\"image\/jpeg\" \/>\n<meta name=\"twitter:card\" content=\"summary_large_image\" \/>\n<meta name=\"twitter:title\" content=\"GlareOne Vega 400 - studyjna lampa b\u0142yskowa\" \/>\n<meta name=\"twitter:label1\" content=\"Odhadovan\u00e1 doba \u010dten\u00ed\" \/>\n\t<meta name=\"twitter:data1\" content=\"3 minuty\" \/>\n<script type=\"application\/ld+json\" class=\"yoast-schema-graph\">{\"@context\":\"https:\/\/schema.org\",\"@graph\":[{\"@type\":\"WebPage\",\"@id\":\"https:\/\/glareone.eu\/cs\/produkt\/glareone-vega-400-studiova-bleskova-lampa\/\",\"url\":\"https:\/\/glareone.eu\/cs\/produkt\/glareone-vega-400-studiova-bleskova-lampa\/\",\"name\":\"GlareOne Vega 400 - studyjna lampa b\u0142yskowa\",\"isPartOf\":{\"@id\":\"https:\/\/glareone.eu\/cs\/en\/#website\"},\"primaryImageOfPage\":{\"@id\":\"https:\/\/glareone.eu\/cs\/produkt\/glareone-vega-400-studiova-bleskova-lampa\/#primaryimage\"},\"image\":{\"@id\":\"https:\/\/glareone.eu\/cs\/produkt\/glareone-vega-400-studiova-bleskova-lampa\/#primaryimage\"},\"thumbnailUrl\":\"https:\/\/glareone.eu\/wp-content\/uploads\/2024\/04\/SVEGA400-GlareOne-Vega-400-1_tn.jpg\",\"datePublished\":\"2024-04-18T19:26:20+00:00\",\"dateModified\":\"2025-05-20T13:06:35+00:00\",\"description\":\"GlareOne Vega 400 - kompaktowa, b\u0142yskowa lampa studyjna o mocy 400 Ws, wyposa\u017cona w \u015bwiat\u0142o pilotuj\u0105ce LED i mocowanie modyfikator\u00f3w \u015bwiat\u0142a typu Bowens.\",\"breadcrumb\":{\"@id\":\"https:\/\/glareone.eu\/cs\/produkt\/glareone-vega-400-studiova-bleskova-lampa\/#breadcrumb\"},\"inLanguage\":\"cs\",\"potentialAction\":[{\"@type\":\"ReadAction\",\"target\":[\"https:\/\/glareone.eu\/cs\/produkt\/glareone-vega-400-studiova-bleskova-lampa\/\"]}]},{\"@type\":\"ImageObject\",\"inLanguage\":\"cs\",\"@id\":\"https:\/\/glareone.eu\/cs\/produkt\/glareone-vega-400-studiova-bleskova-lampa\/#primaryimage\",\"url\":\"https:\/\/glareone.eu\/wp-content\/uploads\/2024\/04\/SVEGA400-GlareOne-Vega-400-1_tn.jpg\",\"contentUrl\":\"https:\/\/glareone.eu\/wp-content\/uploads\/2024\/04\/SVEGA400-GlareOne-Vega-400-1_tn.jpg\",\"width\":2000,\"height\":2000},{\"@type\":\"BreadcrumbList\",\"@id\":\"https:\/\/glareone.eu\/cs\/produkt\/glareone-vega-400-studiova-bleskova-lampa\/#breadcrumb\",\"itemListElement\":[{\"@type\":\"ListItem\",\"position\":1,\"name\":\"Strona g\u0142\u00f3wna\",\"item\":\"https:\/\/glareone.eu\/cs\/\"},{\"@type\":\"ListItem\",\"position\":2,\"name\":\"V\u0161echny produkty\",\"item\":\"https:\/\/glareone.eu\/cs\/produkty\/vsechny-produkty\/\"},{\"@type\":\"ListItem\",\"position\":3,\"name\":\"GlareOne Vega 400 \u2013 studiov\u00e1 bleskov\u00e1 lampa\"}]},{\"@type\":\"WebSite\",\"@id\":\"https:\/\/glareone.eu\/cs\/en\/#website\",\"url\":\"https:\/\/glareone.eu\/cs\/en\/\",\"name\":\"GlareOne\",\"description\":\"Wyposa\u017cenie Studia\",\"publisher\":{\"@id\":\"https:\/\/glareone.eu\/cs\/en\/#organization\"},\"potentialAction\":[{\"@type\":\"SearchAction\",\"target\":{\"@type\":\"EntryPoint\",\"urlTemplate\":\"https:\/\/glareone.eu\/cs\/en\/?s={search_term_string}\"},\"query-input\":{\"@type\":\"PropertyValueSpecification\",\"valueRequired\":true,\"valueName\":\"search_term_string\"}}],\"inLanguage\":\"cs\"},{\"@type\":\"Organization\",\"@id\":\"https:\/\/glareone.eu\/cs\/en\/#organization\",\"name\":\"GlareOne\",\"url\":\"https:\/\/glareone.eu\/cs\/en\/\",\"logo\":{\"@type\":\"ImageObject\",\"inLanguage\":\"cs\",\"@id\":\"https:\/\/glareone.eu\/cs\/en\/#\/schema\/logo\/image\/\",\"url\":\"http:\/\/glareone.eu\/wp-content\/uploads\/2024\/05\/glareone_logo2020_RGB-01-e1715773127189.png\",\"contentUrl\":\"http:\/\/glareone.eu\/wp-content\/uploads\/2024\/05\/glareone_logo2020_RGB-01-e1715773127189.png\",\"width\":1270,\"height\":321,\"caption\":\"GlareOne\"},\"image\":{\"@id\":\"https:\/\/glareone.eu\/cs\/en\/#\/schema\/logo\/image\/\"},\"sameAs\":[\"https:\/\/www.facebook.com\/GlareOneLighting\",\"https:\/\/www.instagram.com\/glareonelighting\/\",\"https:\/\/www.youtube.com\/@GlareOneTV\"]}]}<\/script>\n<!-- \/ Yoast SEO plugin. -->","yoast_head_json":{"title":"GlareOne Vega 400 - studyjna lampa b\u0142yskowa","description":"GlareOne Vega 400 - kompaktowa, b\u0142yskowa lampa studyjna o mocy 400 Ws, wyposa\u017cona w \u015bwiat\u0142o pilotuj\u0105ce LED i mocowanie modyfikator\u00f3w \u015bwiat\u0142a typu Bowens.","robots":{"index":"index","follow":"follow","max-snippet":"max-snippet:-1","max-image-preview":"max-image-preview:large","max-video-preview":"max-video-preview:-1"},"canonical":"https:\/\/glareone.eu\/cs\/produkt\/glareone-vega-400-studiova-bleskova-lampa\/","og_locale":"cs_CZ","og_type":"article","og_title":"GlareOne Vega 400 - studyjna lampa b\u0142yskowa","og_description":"GlareOne Vega 400 - kompaktowa, b\u0142yskowa lampa studyjna o mocy 400 Ws, wyposa\u017cona w \u015bwiat\u0142o pilotuj\u0105ce LED i mocowanie modyfikator\u00f3w \u015bwiat\u0142a typu Bowens.","og_url":"https:\/\/glareone.eu\/cs\/produkt\/glareone-vega-400-studiova-bleskova-lampa\/","og_site_name":"GlareOne","article_publisher":"https:\/\/www.facebook.com\/GlareOneLighting","article_modified_time":"2025-05-20T13:06:35+00:00","og_image":[{"width":2000,"height":2000,"url":"https:\/\/glareone.eu\/wp-content\/uploads\/2024\/04\/SVEGA400-GlareOne-Vega-400-1_tn.jpg","type":"image\/jpeg"}],"twitter_card":"summary_large_image","twitter_title":"GlareOne Vega 400 - studyjna lampa b\u0142yskowa","twitter_misc":{"Odhadovan\u00e1 doba \u010dten\u00ed":"3 minuty"},"schema":{"@context":"https:\/\/schema.org","@graph":[{"@type":"WebPage","@id":"https:\/\/glareone.eu\/cs\/produkt\/glareone-vega-400-studiova-bleskova-lampa\/","url":"https:\/\/glareone.eu\/cs\/produkt\/glareone-vega-400-studiova-bleskova-lampa\/","name":"GlareOne Vega 400 - studyjna lampa b\u0142yskowa","isPartOf":{"@id":"https:\/\/glareone.eu\/cs\/en\/#website"},"primaryImageOfPage":{"@id":"https:\/\/glareone.eu\/cs\/produkt\/glareone-vega-400-studiova-bleskova-lampa\/#primaryimage"},"image":{"@id":"https:\/\/glareone.eu\/cs\/produkt\/glareone-vega-400-studiova-bleskova-lampa\/#primaryimage"},"thumbnailUrl":"https:\/\/glareone.eu\/wp-content\/uploads\/2024\/04\/SVEGA400-GlareOne-Vega-400-1_tn.jpg","datePublished":"2024-04-18T19:26:20+00:00","dateModified":"2025-05-20T13:06:35+00:00","description":"GlareOne Vega 400 - kompaktowa, b\u0142yskowa lampa studyjna o mocy 400 Ws, wyposa\u017cona w \u015bwiat\u0142o pilotuj\u0105ce LED i mocowanie modyfikator\u00f3w \u015bwiat\u0142a typu Bowens.","breadcrumb":{"@id":"https:\/\/glareone.eu\/cs\/produkt\/glareone-vega-400-studiova-bleskova-lampa\/#breadcrumb"},"inLanguage":"cs","potentialAction":[{"@type":"ReadAction","target":["https:\/\/glareone.eu\/cs\/produkt\/glareone-vega-400-studiova-bleskova-lampa\/"]}]},{"@type":"ImageObject","inLanguage":"cs","@id":"https:\/\/glareone.eu\/cs\/produkt\/glareone-vega-400-studiova-bleskova-lampa\/#primaryimage","url":"https:\/\/glareone.eu\/wp-content\/uploads\/2024\/04\/SVEGA400-GlareOne-Vega-400-1_tn.jpg","contentUrl":"https:\/\/glareone.eu\/wp-content\/uploads\/2024\/04\/SVEGA400-GlareOne-Vega-400-1_tn.jpg","width":2000,"height":2000},{"@type":"BreadcrumbList","@id":"https:\/\/glareone.eu\/cs\/produkt\/glareone-vega-400-studiova-bleskova-lampa\/#breadcrumb","itemListElement":[{"@type":"ListItem","position":1,"name":"Strona g\u0142\u00f3wna","item":"https:\/\/glareone.eu\/cs\/"},{"@type":"ListItem","position":2,"name":"V\u0161echny produkty","item":"https:\/\/glareone.eu\/cs\/produkty\/vsechny-produkty\/"},{"@type":"ListItem","position":3,"name":"GlareOne Vega 400 \u2013 studiov\u00e1 bleskov\u00e1 lampa"}]},{"@type":"WebSite","@id":"https:\/\/glareone.eu\/cs\/en\/#website","url":"https:\/\/glareone.eu\/cs\/en\/","name":"GlareOne","description":"Wyposa\u017cenie Studia","publisher":{"@id":"https:\/\/glareone.eu\/cs\/en\/#organization"},"potentialAction":[{"@type":"SearchAction","target":{"@type":"EntryPoint","urlTemplate":"https:\/\/glareone.eu\/cs\/en\/?s={search_term_string}"},"query-input":{"@type":"PropertyValueSpecification","valueRequired":true,"valueName":"search_term_string"}}],"inLanguage":"cs"},{"@type":"Organization","@id":"https:\/\/glareone.eu\/cs\/en\/#organization","name":"GlareOne","url":"https:\/\/glareone.eu\/cs\/en\/","logo":{"@type":"ImageObject","inLanguage":"cs","@id":"https:\/\/glareone.eu\/cs\/en\/#\/schema\/logo\/image\/","url":"http:\/\/glareone.eu\/wp-content\/uploads\/2024\/05\/glareone_logo2020_RGB-01-e1715773127189.png","contentUrl":"http:\/\/glareone.eu\/wp-content\/uploads\/2024\/05\/glareone_logo2020_RGB-01-e1715773127189.png","width":1270,"height":321,"caption":"GlareOne"},"image":{"@id":"https:\/\/glareone.eu\/cs\/en\/#\/schema\/logo\/image\/"},"sameAs":["https:\/\/www.facebook.com\/GlareOneLighting","https:\/\/www.instagram.com\/glareonelighting\/","https:\/\/www.youtube.com\/@GlareOneTV"]}]}},"_links":{"self":[{"href":"https:\/\/glareone.eu\/cs\/wp-json\/wp\/v2\/product\/17225","targetHints":{"allow":["GET"]}}],"collection":[{"href":"https:\/\/glareone.eu\/cs\/wp-json\/wp\/v2\/product"}],"about":[{"href":"https:\/\/glareone.eu\/cs\/wp-json\/wp\/v2\/types\/product"}],"wp:featuredmedia":[{"embeddable":true,"href":"https:\/\/glareone.eu\/cs\/wp-json\/wp\/v2\/media\/17226"}],"wp:attachment":[{"href":"https:\/\/glareone.eu\/cs\/wp-json\/wp\/v2\/media?parent=17225"}],"wp:term":[{"taxonomy":"product_brand","embeddable":true,"href":"https:\/\/glareone.eu\/cs\/wp-json\/wp\/v2\/product_brand?post=17225"},{"taxonomy":"product_cat","embeddable":true,"href":"https:\/\/glareone.eu\/cs\/wp-json\/wp\/v2\/product_cat?post=17225"},{"taxonomy":"product_tag","embeddable":true,"href":"https:\/\/glareone.eu\/cs\/wp-json\/wp\/v2\/product_tag?post=17225"}],"curies":[{"name":"wp","href":"https:\/\/api.w.org\/{rel}","templated":true}]}}