{"id":22113,"date":"2025-08-06T12:49:33","date_gmt":"2025-08-06T12:49:33","guid":{"rendered":"https:\/\/glareone.eu\/faq\/"},"modified":"2025-08-14T10:06:43","modified_gmt":"2025-08-14T10:06:43","slug":"faq","status":"publish","type":"page","link":"https:\/\/glareone.eu\/cs\/faq\/","title":{"rendered":"FAQ"},"content":{"rendered":"<div  class='flex_column av-16srxu7-64217729dec62258b5a5b4803f8ad76c av_one_full  avia-builder-el-0  el_before_av_one_full  avia-builder-el-first  first flex_column_div  '     ><style type=\"text\/css\" data-created_by=\"avia_inline_auto\" id=\"style-css-av-lxk5k2ha-e0906fe6ba2eccee38239f5c2669f9c0\">\n#top .av-special-heading.av-lxk5k2ha-e0906fe6ba2eccee38239f5c2669f9c0{\npadding-bottom:10px;\n}\nbody .av-special-heading.av-lxk5k2ha-e0906fe6ba2eccee38239f5c2669f9c0 .av-special-heading-tag .heading-char{\nfont-size:25px;\n}\n.av-special-heading.av-lxk5k2ha-e0906fe6ba2eccee38239f5c2669f9c0 .av-subheading{\nfont-size:15px;\n}\n<\/style>\n<div  class='av-special-heading av-lxk5k2ha-e0906fe6ba2eccee38239f5c2669f9c0 av-special-heading-h1 blockquote modern-quote modern-centered  avia-builder-el-1  avia-builder-el-no-sibling  av-thin-font'><h1 class='av-special-heading-tag'  itemprop=\"headline\"  ><strong>FAQ<\/strong><\/h1><div class=\"special-heading-border\"><div class=\"special-heading-inner-border\"><\/div><\/div><\/div><\/div>\n<div  class='flex_column av-rn20r3-5a03254e347d850bfca90071c05abe75 av_one_full  avia-builder-el-2  el_after_av_one_full  avia-builder-el-last  first flex_column_div  column-top-margin'     ><div  class='tabcontainer av-lxk5oqoe-d8bf4166c843fcec738c371573c8ebc7 sidebar_tab sidebar_tab_left  avia-builder-el-3  avia-builder-el-no-sibling  border_tabs' role='tablist'>\n<section class='av_tab_section av_tab_section av-meb7dodu-68e74310de4ec508b7b58aeda37d11b5'  itemscope=\"itemscope\" itemtype=\"https:\/\/schema.org\/CreativeWork\" ><div class='tab active_tab' role='tab' tabindex='0' data-fake-id='#tab-id-1' aria-controls='tab-id-1-content'  itemprop=\"headline\" ><\/p>\n<p style=\"font-size: 16px;\"><strong>Akumul\u00e1torov\u00e9 blesky<\/strong><\/p>\n<p><\/div><div id='tab-id-1-content' class='tab_content active_tab_content' aria-hidden=\"false\"><div class='tab_inner_content invers-color'  itemprop=\"text\" ><h4><b>1. Jak propojit lampy GlareOne Vega a Antares s vys\u00edla\u010di Polaris a Lynx?<\/b><\/h4>\n<p>Je t\u0159eba zm\u011bnit re\u017eim d\u00e1lkov\u00e9ho spou\u0161t\u011bn\u00ed na \u010d\u00edslo 7. Lampy Vega a Antares jsou z v\u00fdroby nastaveny na \u010d\u00edslo 6. Aktu\u00e1ln\u00ed re\u017eim lze zkontrolovat v lev\u00e9m horn\u00edm rohu displeje lampy vedle ikony WiFi.<\/p>\n<p>N\u00e1vod, jak zm\u011bnit re\u017eim d\u00e1lkov\u00e9ho spou\u0161t\u011bn\u00ed, najdete na GlareOneTV:<\/p>\n<p><a href=\"https:\/\/www.youtube.com\/watch?v=UUdtJM5vupo&amp;t\"><strong>https:\/\/www.youtube.com\/watch?v=UUdtJM5vupo&amp;t<\/strong><\/a><\/p>\n<h4><b>2. Kter\u00e9 vys\u00edla\u010de spolupracuj\u00ed s akumul\u00e1torov\u00fdmi blesky GlareOne?<\/b><\/h4>\n<p>S akumul\u00e1torov\u00fdmi blesky spolupracuj\u00ed vys\u00edla\u010de GlareOne Polaris, Lynx a Flash RC.<\/p>\n<p>Je t\u0159eba si uv\u011bdomit, \u017ee Flash RC je z\u00e1kladn\u00ed vys\u00edla\u010d na centr\u00e1ln\u00ed pin hork\u00e9 patky, tak\u017ee bude spou\u0161t\u011bt blesk v manu\u00e1ln\u00edm re\u017eimu maxim\u00e1ln\u011b 1\/160, bez TTL, HSS.<\/p>\n<h4><b>3. S jak\u00fdmi syst\u00e9my spolupracuj\u00ed akumul\u00e1torov\u00e9 blesky GlareOne?<\/b><\/h4>\n<p>Blesky Apus 48 a 80 a Botis 80 jsou k dispozici ve dvou verz\u00edch \u2013 s univerz\u00e1ln\u00ed patkou kompatibiln\u00ed se syst\u00e9my Canon, Nikon, Fujifilm, Lumix a OM SYSTEM nebo s patkou pro fotoapar\u00e1ty Sony. Blesk Botis 200 spolupracuje se v\u0161emi syst\u00e9my.<\/p>\n<h4><b>4. S jak\u00fdmi syst\u00e9my spolupracuj\u00ed vys\u00edla\u010de Lynx a Polaris?<\/b><\/h4>\n<p>Vys\u00edla\u010de Polaris a Lynx jsou k dispozici ve dvou verz\u00edch \u2013 s univerz\u00e1ln\u00ed patkou kompatibiln\u00ed se syst\u00e9my Canon, Nikon, Fujifilm, Lumix a OM SYSTEM nebo s patkou pro fotoapar\u00e1ty Sony. Lampa Botis 200 spolupracuje se v\u0161emi syst\u00e9my.<\/p>\n<p>Se syst\u00e9my Pentax a Leica budou fungovat pouze na principu spu\u0161t\u011bn\u00ed blesku do 1\/160 prost\u0159ednictv\u00edm centr\u00e1ln\u00edho pinu patky, ale bez TTL, bez HSS, bez komunikace s fotoapar\u00e1tem.<\/p>\n<h4><b>5. Podporuj\u00ed blesky re\u017eim HSS?<\/b><\/h4>\n<p>Ano. Blesky GlareOne Apus a Botis podporuj\u00ed HSS (High-Speed Sync) pro synchronizaci s kr\u00e1tk\u00fdmi \u010dasy z\u00e1v\u011brky.<\/p>\n<h4><b>6. Podporuj\u00ed blesky re\u017eim TTL?<\/b><\/h4>\n<p>Ano. V\u0161echny modely umo\u017e\u0148uj\u00ed automatick\u00e9 m\u011b\u0159en\u00ed sv\u011btla TTL a spolupracuj\u00ed s mnoha fotoapar\u00e1ty, jako jsou Canon, Nikon, Fujifilm, Lumix a OM SYSTEM, stejn\u011b jako Sony (plat\u00ed pro blesky s ozna\u010den\u00edm S v n\u00e1zvu).<\/p>\n<h4><b>7. Kter\u00fd blesk si vybrat \u2013 Apus nebo Botis?<\/b><\/h4>\n<p>Nejd\u016fle\u017eit\u011bj\u0161\u00ed rozd\u00edly mezi blesky Apus a Botis jsou typ ho\u0159\u00e1ku, v\u00fdkon a chlazen\u00ed.<\/p>\n<p>Blesky Apus jsou vybaveny tradi\u010dn\u00edmi Fresnelov\u00fdmi \u010do\u010dkami \u2013 jedn\u00e1 se o vysoce kvalitn\u00ed blesky s klasick\u00fdm zdrojem sv\u011btla typick\u00fdm pro report\u00e1\u017en\u00ed blesky.<\/p>\n<p>Lampy Botis maj\u00ed kulat\u00fd ho\u0159\u00e1k, jako lampy studiov\u00e9. Jsou proto o n\u011bco v\u011bt\u0161\u00ed a umo\u017e\u0148uj\u00ed p\u0159ipevn\u011bn\u00ed modifik\u00e1tor\u016f sv\u011btla s uchycen\u00edm Bowens (pomoc\u00ed adapt\u00e9ru), co\u017e umo\u017e\u0148uje v\u011bt\u0161\u00ed v\u0161estrannost pou\u017eit\u00ed a v\u00edce mo\u017enost\u00ed vyu\u017eit\u00ed.<\/p>\n<p>Chlazen\u00ed lamp Botis je pasivn\u00ed, ale pokro\u010dilej\u0161\u00ed \u2013 p\u0159i dynamick\u00e9m report\u00e1\u017en\u00edm fotografov\u00e1n\u00ed mohou lampy prov\u00e9st p\u0159ibli\u017en\u011b 2x v\u00edce z\u00e1blesk\u016f ne\u017e lampa Apus 80 (nebo jin\u00e9 konkuren\u010dn\u00ed lampy standardn\u00ed konstrukce). Po\u010det z\u00e1blesk\u016f ovliv\u0148uje tak\u00e9 vysokoproud\u00fd akumul\u00e1tor.<\/p>\n<\/div><\/div><\/section>\n<section class='av_tab_section av_tab_section av-lxk5o568-ecc45e8fad8c86c2af5f1e665c44cc44'  itemscope=\"itemscope\" itemtype=\"https:\/\/schema.org\/CreativeWork\" ><div class='tab' role='tab' tabindex='0' data-fake-id='#tab-id-2' aria-controls='tab-id-2-content'  itemprop=\"headline\" ><\/p>\n<p style=\"font-size: 16px;\"><strong>Z\u00e1bleskov\u00e9 lampy<\/strong><\/p>\n<p><\/div><div id='tab-id-2-content' class='tab_content' aria-hidden=\"true\"><div class='tab_inner_content invers-color'  itemprop=\"text\" ><h4><b>1. Bude lampa fungovat s m\u00fdm fotoapar\u00e1tem?<\/b><\/h4>\n<p>Lampy GlareOne Vega a Antares funguj\u00ed s ka\u017ed\u00fdm fotoapar\u00e1tem vybaven\u00fdm patkou ISO, s pou\u017eit\u00edm spou\u0161t\u011b GlareOne Flash RC.<\/p>\n<p>V nab\u00eddce GlareOne jsou tak\u00e9 pokro\u010dilej\u0161\u00ed vys\u00edla\u010de GlareOne Lynx a GlareOne Polaris. Vys\u00edla\u010de v univerz\u00e1ln\u00ed verzi jsou kompatibiln\u00ed s fotoapar\u00e1ty zna\u010dek Canon \/ Nikon \/ Fujifilm \/ Lumix \/ OM SYSTEM vybaven\u00fdmi patic\u00ed ISO. Vys\u00edla\u010de s ozna\u010den\u00edm S jsou ur\u010deny pro fotoapar\u00e1ty Sony s patic\u00ed Sony Multi Interface.<\/p>\n<p>Nav\u00edc vys\u00edla\u010de Lynx a Polaris maj\u00ed 2,5mm jack konektor, d\u00edky kter\u00e9mu je lze p\u0159ipojit k fotoapar\u00e1tu s synchroniza\u010dn\u00edm konektorem bez ISO patice.<\/p>\n<h4><b>2. Mohu lampy GlareOne ovl\u00e1dat na d\u00e1lku?<\/b><\/h4>\n<p>Lampy GlareOne s vestav\u011bn\u00fdm modulem Bluetooth lze ovl\u00e1dat pomoc\u00ed aplikace GlareOne a lampy s vestav\u011bn\u00fdm r\u00e1diov\u00fdm ovl\u00e1d\u00e1n\u00edm lze ovl\u00e1dat vys\u00edla\u010dem \u2013 blesky vys\u00edla\u010dem GlareOne Flash RC a LED lampy vys\u00edla\u010dem GlareOne LED RC.<\/p>\n<h4><b>3. Kter\u00fd blesk si vybrat \u2013 Vega nebo Antares?<\/b><\/h4>\n<p>Blesky Vega 200\/400 a Antares 600 jsou na prvn\u00ed pohled podobn\u00e9, ale rozd\u00edl je v detailech.<\/p>\n<p>Antares je lampa s v\u011bt\u0161\u00edm v\u00fdkonem ne\u017e lampy Vega 200\/400 a je vyrobena zcela z kovu. Displej lampy je vyroben technologi\u00ed podobnou OLED, d\u00edky \u010demu\u017e je \u00fahel zobrazen\u00e9ho obrazu \u010diteln\u00fd a\u017e do 178 stup\u0148\u016f a v t\u00e9m\u011b\u0159 ka\u017ed\u00e9m nastaven\u00ed lampy je na displeji p\u0159esn\u011b vid\u011bt hodnota.<\/p>\n<p>Antares 600 se osv\u011bd\u010d\u00ed jako pracovn\u00ed n\u00e1stroj ve velk\u00e9m studiu, zat\u00edmco Vega 200\/400 jsou skv\u011bl\u00e9 lampy pro za\u010d\u00e1tek dobrodru\u017estv\u00ed s bleskov\u00fdm sv\u011btlem.<\/p>\n<h4><b>4. Bleskov\u00e9 nebo st\u00e1l\u00e9 sv\u011btlo?<\/b><\/h4>\n<p>Volba mezi bleskov\u00fdm a st\u00e1l\u00fdm sv\u011btlem z\u00e1vis\u00ed na mnoha faktorech. Pod\u00edvejte se na na\u0161e video na kan\u00e1lu GlareOneTV na YouTube, kde jsme se zab\u00fdvali rozd\u00edly a mo\u017enostmi bleskov\u00fdch a LED lamp:<\/p>\n<p><a href=\"https:\/\/youtu.be\/XRpi3OhuVeA?feature=shared\">https:\/\/youtu.be\/XRpi3OhuVeA?feature=shared<\/a><\/p>\n<h4><b>5. Jak\u00e9 modifik\u00e1tory lze p\u0159ipojit k lamp\u00e1m GlareOne?<\/b><\/h4>\n<p>Studiov\u00e9 lampy GlareOne maj\u00ed univerz\u00e1ln\u00ed uchycen\u00ed Bowens a jsou kompatibiln\u00ed se v\u0161emi modifik\u00e1tory s t\u00edmto uchycen\u00edm. V\u00fdjimkou mohou b\u00fdt difuz\u00e9ry, kter\u00e9 jsou z d\u016fvodu sv\u00e9ho proveden\u00ed a tepeln\u00e9 odolnosti ur\u010deny pro konkr\u00e9tn\u00ed v\u00fdkon lamp.<\/p>\n<\/div><\/div><\/section>\n<section class='av_tab_section av_tab_section av-lxk5oqd3-bf3dfe1c0310090792ffe133435d52ac'  itemscope=\"itemscope\" itemtype=\"https:\/\/schema.org\/CreativeWork\" ><div class='tab' role='tab' tabindex='0' data-fake-id='#tab-id-3' aria-controls='tab-id-3-content'  itemprop=\"headline\" ><\/p>\n<p style=\"font-size: 16px;\"><strong>Kontinu\u00e1ln\u00ed LED sv\u011btlo<\/strong><\/p>\n<p><\/div><div id='tab-id-3-content' class='tab_content' aria-hidden=\"true\"><div class='tab_inner_content invers-color'  itemprop=\"text\" ><h4><b>1. Bleskov\u00e9 nebo trval\u00e9 sv\u011btlo?<\/b><\/h4>\n<p>Volba mezi bleskov\u00fdm a trval\u00fdm sv\u011btlem z\u00e1vis\u00ed na mnoha faktorech. Pod\u00edvejte se na na\u0161e video na kan\u00e1lu GlareOneTV na YouTube, kde jsme se zab\u00fdvali rozd\u00edly a mo\u017enostmi bleskov\u00fdch a LED lamp:<\/p>\n<p><a href=\"https:\/\/youtu.be\/XRpi3OhuVeA?feature=shared\">https:\/\/youtu.be\/XRpi3OhuVeA?feature=shared<\/a><\/p>\n<h4><b>2. Mohu lampy GlareOne ovl\u00e1dat na d\u00e1lku?<\/b><\/h4>\n<p>Lampy GlareOne s vestav\u011bn\u00fdm modulem Bluetooth lze ovl\u00e1dat pomoc\u00ed aplikace GlareOne a lampy s vestav\u011bn\u00fdm r\u00e1diov\u00fdm ovl\u00e1d\u00e1n\u00edm lze ovl\u00e1dat vys\u00edla\u010dem \u2013 bleskov\u00e9 lampy vys\u00edla\u010dem GlareOne Flash RC a LED lampy vys\u00edla\u010dem GlareOne LED RC.<\/p>\n<h4><b>3. Jak\u00e9 modifik\u00e1tory lze namontovat na lampy GlareOne?<\/b><\/h4>\n<p>Studijn\u00ed lampy GlareOne maj\u00ed univerz\u00e1ln\u00ed uchycen\u00ed Bowens a jsou kompatibiln\u00ed se v\u0161emi modifik\u00e1tory s t\u00edmto uchycen\u00edm. V\u00fdjimkou mohou b\u00fdt difuz\u00e9ry, kter\u00e9 jsou z d\u016fvodu sv\u00e9ho proveden\u00ed a tepeln\u00e9 odolnosti ur\u010deny pro konkr\u00e9tn\u00ed v\u00fdkon lamp.<\/p>\n<\/div><\/div><\/section>\n<section class='av_tab_section av_tab_section av-lxk5nw7v-a4b20c1412cee5b4ae8b91db55907c5c'  itemscope=\"itemscope\" itemtype=\"https:\/\/schema.org\/CreativeWork\" ><div class='tab' role='tab' tabindex='0' data-fake-id='#tab-id-4' aria-controls='tab-id-4-content'  itemprop=\"headline\" ><\/p>\n<p style=\"font-size: 16px;\"><strong>Kom\u00ednky<\/strong><\/p>\n<p><\/div><div id='tab-id-4-content' class='tab_content' aria-hidden=\"true\"><div class='tab_inner_content invers-color'  itemprop=\"text\" ><h4><b>1. Jak se li\u0161\u00ed projek\u010dn\u00ed objektivy od Spotlight PRO?<\/b><\/h4>\n<p>Projek\u010dn\u00ed objektivy Spotlight Lens jsou ur\u010deny pro sv\u011btlomet Spotlight. P\u0159i zakoupen\u00ed t\u011bla Spotlight je mo\u017en\u00e9 objektiv vym\u011bnit za jin\u00fd. Objektivy Spotlight Lens spolu se sv\u011btlometem Spotlight umo\u017e\u0148uj\u00ed pou\u017eit\u00ed LED lamp do 200 W a bleskov\u00fdch lamp do 600 Ws.<\/p>\n<p>Projek\u010dn\u00ed hlava Spotlight PRO m\u00e1 integrovan\u00fd objektiv, kter\u00fd je spolu s projek\u010dn\u00ed hlavou vyroben z materi\u00e1l\u016f s vy\u0161\u0161\u00ed teplotn\u00ed odolnost\u00ed, co\u017e umo\u017e\u0148uje pou\u017eit\u00ed LED lamp do 300 W nebo bleskov\u00fdch lamp do 1000 Ws. D\u00edky integrovan\u00e9mu objektivu je prom\u00edtan\u00fd obraz t\u00e9m\u011b\u0159 zcela bez chromatick\u00e9 aberace a nav\u00edc je velmi ostr\u00fd.<\/p>\n<h4><b>2. Strumienica PRO 20\u00b0 a 40\u00b0 \u2013 v \u010dem se li\u0161\u00ed?<\/b><\/h4>\n<p>V\u00fdb\u011br mezi strumnic\u00ed PRO 20\u00b0 a 40\u00b0 lze p\u0159irovnat k v\u00fdb\u011bru objektivu pro fotoapar\u00e1t. Je to individu\u00e1ln\u00ed z\u00e1le\u017eitost a rozhodnut\u00ed o tom, jak\u00fd \u00fahel bude vhodn\u00fd, mus\u00edte u\u010dinit sami.<\/p>\n<p>Prom\u00edtan\u00fd kruh ze sv\u011btlometu PRO 20\u00b0 je:<\/p>\n<ul>\n<li>1 metr \u2013 27 cm<\/li>\n<li>2 metry \u2013 61 cm<\/li>\n<\/ul>\n<p>Ze sv\u011btlometu PRO 40\u00b0 je to:<\/p>\n<ul>\n<li>1 metr \u2013 53 cm<\/li>\n<li>2 metry \u2013 110 cm<\/li>\n<\/ul>\n<h4><b>3. S jak\u00fdmi lampami spolupracuje Spotlight PRO?<\/b><\/h4>\n<p>Reflektory Spotlight PRO, stejn\u011b jako reflektory Spotlight, spolupracuj\u00ed s bleskov\u00fdmi a LED lampami s uchycen\u00edm Bowens. Reflektor PRO vydr\u017e\u00ed vy\u0161\u0161\u00ed teplotu (a\u017e 300 W) ve srovn\u00e1n\u00ed s reflektorem Spotlight.<\/p>\n<p>P\u0159i pou\u017eit\u00ed s LED lampou poskytuje reflektor rovnom\u011brn\u011b prom\u00edtan\u00fd obraz sv\u011btla. P\u0159i pou\u017eit\u00ed reflektoru s bleskov\u00fdmi lampami, jako jsou nap\u0159\u00edklad Vega nebo Antares, m\u016f\u017ee b\u00fdt prom\u00edtan\u00fd kruh sv\u011btla v d\u016fsledku fyzick\u00e9 konstrukce bleskov\u00e9ho ho\u0159\u00e1ku ve st\u0159edn\u00ed \u010d\u00e1sti m\u00edrn\u011b tmav\u0161\u00ed.<\/p>\n<h4><b>4. S jak\u00fdmi lampami lze t\u011blo a projek\u010dn\u00ed objektivy kombinovat?<\/b><\/h4>\n<p>Reflektory Spotlight, stejn\u011b jako reflektory Spotlight PRO, lze kombinovat s bleskov\u00fdmi a LED lampami s uchycen\u00edm Bowens. Reflektor PRO sn\u00e1\u0161\u00ed ni\u017e\u0161\u00ed teplotu (do 200 W) ve srovn\u00e1n\u00ed s reflektorem Spotlight PRO.<\/p>\n<p>P\u0159i pou\u017eit\u00ed s LED lampou poskytuje sv\u011bteln\u00fd zdroj rovnom\u011brn\u011b prom\u00edtan\u00fd obraz sv\u011btla. P\u0159i pou\u017eit\u00ed sv\u011bteln\u00e9ho zdroje s bleskov\u00fdmi lampami, jako jsou nap\u0159\u00edklad Vega nebo Antares, m\u016f\u017ee b\u00fdt prom\u00edtan\u00fd sv\u011bteln\u00fd kruh v d\u016fsledku fyzick\u00e9 konstrukce bleskov\u00e9ho ho\u0159\u00e1ku v prost\u0159edn\u00ed \u010d\u00e1sti m\u00edrn\u011b tmav\u0161\u00ed.<\/p>\n<p>Pou\u017eit\u00ed objektiv\u016f jin\u00fdch v\u00fdrobc\u016f ne\u017e t\u011bch, kter\u00e9 jsou ur\u010deny pro tento produkt, m\u016f\u017ee v\u00e9st k po\u0161kozen\u00ed objektivu a pou\u017eit\u00ed difuz\u00e9ru Spotlight s lampou o v\u00fdkonu vy\u0161\u0161\u00edm ne\u017e 200 W m\u016f\u017ee v\u00e9st k roztaven\u00ed objektivu jin\u00e9ho v\u00fdrobce.<\/p>\n<\/div><\/div><\/section>\n<section class='av_tab_section av_tab_section av-lxk8gnbk-71c5b45de6412a66482da0481eb104f5'  itemscope=\"itemscope\" itemtype=\"https:\/\/schema.org\/CreativeWork\" ><div class='tab' role='tab' tabindex='0' data-fake-id='#tab-id-5' aria-controls='tab-id-5-content'  itemprop=\"headline\" ><\/p>\n<p style=\"font-size: 16px;\"><strong>Softboxy<\/strong><\/p>\n<p><\/div><div id='tab-id-5-content' class='tab_content' aria-hidden=\"true\"><div class='tab_inner_content invers-color'  itemprop=\"text\" ><h4><b>Jak\u00fd softbox vybrat? Rozd\u00edly mezi softboxy Pro, Easy Fold a Strappo<\/b><\/h4>\n<p>Softboxy Strappo jsou nejjednodu\u0161\u0161\u00ed modifik\u00e1tory, kter\u00e9 se rozkl\u00e1daj\u00ed ru\u010dn\u011b pomoc\u00ed nap\u00ednac\u00edch ty\u010d\u00ed.<\/p>\n<p>Softboxy Easy Fold maj\u00ed mechanismus pro rychl\u00e9 rozlo\u017een\u00ed. K rozlo\u017een\u00ed softboxu je t\u0159eba \u010d\u00e1ste\u010dn\u011b odpojit difuzor softboxu.<\/p>\n<p>Softboxy PRO jsou vyrobeny z materi\u00e1lu odoln\u00e9ho proti po\u0161kozen\u00ed a maj\u00ed mechanismus pro rychl\u00e9 rozlo\u017een\u00ed zvenku \u2013 nen\u00ed t\u0159eba demontovat difuzor.<\/p>\n<\/div><\/div><\/section>\n<section class='av_tab_section av_tab_section av-lxk8fswr-e83e06a6da079050906a4134f5f4ad29'  itemscope=\"itemscope\" itemtype=\"https:\/\/schema.org\/CreativeWork\" ><div class='tab' role='tab' tabindex='0' data-fake-id='#tab-id-6' aria-controls='tab-id-6-content'  itemprop=\"headline\" ><\/p>\n<p style=\"font-size: 16px;\"><strong>Vlajky<\/strong><\/p>\n<p><\/div><div id='tab-id-6-content' class='tab_content' aria-hidden=\"true\"><div class='tab_inner_content invers-color'  itemprop=\"text\" ><h4><b>Jak slo\u017eit clonu?<\/b><\/h4>\n<p>Pod\u00edvejte se na na\u0161e video na GlareOneTV na YouTube, kde p\u0159edv\u00e1d\u00edme slo\u017een\u00ed clony:<\/p>\n<p><a href=\"https:\/\/youtu.be\/KzE_xnail60?feature=shared\">https:\/\/youtu.be\/KzE_xnail60?feature=shared<\/a><\/p>\n<\/div><\/div><\/section>\n<section class='av_tab_section av_tab_section av-lxk8gy81-4cb048279413ea032736fdf55f01aecb'  itemscope=\"itemscope\" itemtype=\"https:\/\/schema.org\/CreativeWork\" ><div class='tab' role='tab' tabindex='0' data-fake-id='#tab-id-7' aria-controls='tab-id-7-content'  itemprop=\"headline\" ><\/p>\n<p style=\"font-size: 16px;\"><strong>P\u0159\u00edslu\u0161enstv\u00ed<\/strong><\/p>\n<p><\/div><div id='tab-id-7-content' class='tab_content' aria-hidden=\"true\"><div class='tab_inner_content invers-color'  itemprop=\"text\" ><h4><b>Spou\u0161t\u011b\u010d blesku RC \u2013 s jak\u00fdmi fotoapar\u00e1ty funguje<\/b><\/h4>\n<p>Spou\u0161t\u011b\u010d blesku RC m\u00e1 univerz\u00e1ln\u00ed patici ISO, kter\u00e1 funguje s v\u011bt\u0161inou fotoapar\u00e1t\u016f na trhu. N\u011bkter\u00e9 fotoapar\u00e1ty, nap\u0159. Canon EOS R50, nemaj\u00ed patici spl\u0148uj\u00edc\u00ed standard ISO, a proto s nimi GlareOne Flash RC nebude fungovat (p\u0159ed n\u00e1kupem si zkontrolujte, jakou patici m\u00e1 v\u00e1\u0161 fotoapar\u00e1t).<\/p>\n<\/div><\/div><\/section>\n<section class='av_tab_section av_tab_section av-lxk8i125-755bf9748550b9414e5f4663d5fe6990'  itemscope=\"itemscope\" itemtype=\"https:\/\/schema.org\/CreativeWork\" ><div class='tab' role='tab' tabindex='0' data-fake-id='#tab-id-8' aria-controls='tab-id-8-content'  itemprop=\"headline\" ><\/p>\n<p style=\"font-size: 16px;\"><strong>Nap\u00e1jen\u00ed<\/strong><\/p>\n<p><\/div><div id='tab-id-8-content' class='tab_content' aria-hidden=\"true\"><div class='tab_inner_content invers-color'  itemprop=\"text\" ><h4><b>Mohou b\u00fdt lampy GlareOne nap\u00e1jeny bezdr\u00e1tov\u011b?<\/b><\/h4>\n<p>V nab\u00eddce GlareOne je n\u011bkolik model\u016f s bezdr\u00e1tov\u00fdm nap\u00e1jen\u00edm.<\/p>\n<p>V\u0161echny lampy s uchycen\u00edm Bowens a ozna\u010den\u00edm <b>\u201eD\u201c <\/b>v n\u00e1zvu maj\u00ed tuto mo\u017enost, stejn\u011b jako n\u011bkter\u00e9 dal\u0161\u00ed lampy, nap\u0159\u00edklad mal\u00fd LED panel 10 RGB, lampy LED Tube 8 RGB a LED Tube 24 RGB.<\/p>\n<\/div><\/div><\/section>\n<\/div><\/div>\n","protected":false},"excerpt":{"rendered":"","protected":false},"author":4,"featured_media":0,"parent":0,"menu_order":0,"comment_status":"closed","ping_status":"closed","template":"","meta":{"footnotes":""},"class_list":["post-22113","page","type-page","status-publish","hentry"],"yoast_head":"<!-- This site is optimized with the Yoast SEO plugin v27.2 - https:\/\/yoast.com\/product\/yoast-seo-wordpress\/ -->\n<title>FAQ - GlareOne<\/title>\n<meta name=\"robots\" content=\"index, follow, max-snippet:-1, max-image-preview:large, max-video-preview:-1\" \/>\n<link rel=\"canonical\" href=\"https:\/\/glareone.eu\/cs\/faq\/\" \/>\n<meta property=\"og:locale\" content=\"cs_CZ\" \/>\n<meta property=\"og:type\" content=\"article\" \/>\n<meta property=\"og:title\" content=\"FAQ - GlareOne\" \/>\n<meta property=\"og:url\" content=\"https:\/\/glareone.eu\/cs\/faq\/\" \/>\n<meta property=\"og:site_name\" content=\"GlareOne\" \/>\n<meta property=\"article:publisher\" content=\"https:\/\/www.facebook.com\/GlareOneLighting\" \/>\n<meta property=\"article:modified_time\" content=\"2025-08-14T10:06:43+00:00\" \/>\n<meta name=\"twitter:card\" content=\"summary_large_image\" \/>\n<meta name=\"twitter:label1\" content=\"Odhadovan\u00e1 doba \u010dten\u00ed\" \/>\n\t<meta name=\"twitter:data1\" content=\"6 minut\" \/>\n<script type=\"application\/ld+json\" class=\"yoast-schema-graph\">{\"@context\":\"https:\/\/schema.org\",\"@graph\":[{\"@type\":\"WebPage\",\"@id\":\"https:\/\/glareone.eu\/cs\/faq\/\",\"url\":\"https:\/\/glareone.eu\/cs\/faq\/\",\"name\":\"FAQ - GlareOne\",\"isPartOf\":{\"@id\":\"https:\/\/glareone.eu\/cs\/en\/#website\"},\"datePublished\":\"2025-08-06T12:49:33+00:00\",\"dateModified\":\"2025-08-14T10:06:43+00:00\",\"breadcrumb\":{\"@id\":\"https:\/\/glareone.eu\/cs\/faq\/#breadcrumb\"},\"inLanguage\":\"cs\",\"potentialAction\":[{\"@type\":\"ReadAction\",\"target\":[\"https:\/\/glareone.eu\/cs\/faq\/\"]}]},{\"@type\":\"BreadcrumbList\",\"@id\":\"https:\/\/glareone.eu\/cs\/faq\/#breadcrumb\",\"itemListElement\":[{\"@type\":\"ListItem\",\"position\":1,\"name\":\"Strona g\u0142\u00f3wna\",\"item\":\"https:\/\/glareone.eu\/cs\/\"},{\"@type\":\"ListItem\",\"position\":2,\"name\":\"FAQ\"}]},{\"@type\":\"WebSite\",\"@id\":\"https:\/\/glareone.eu\/cs\/en\/#website\",\"url\":\"https:\/\/glareone.eu\/cs\/en\/\",\"name\":\"GlareOne\",\"description\":\"Wyposa\u017cenie Studia\",\"publisher\":{\"@id\":\"https:\/\/glareone.eu\/cs\/en\/#organization\"},\"potentialAction\":[{\"@type\":\"SearchAction\",\"target\":{\"@type\":\"EntryPoint\",\"urlTemplate\":\"https:\/\/glareone.eu\/cs\/en\/?s={search_term_string}\"},\"query-input\":{\"@type\":\"PropertyValueSpecification\",\"valueRequired\":true,\"valueName\":\"search_term_string\"}}],\"inLanguage\":\"cs\"},{\"@type\":\"Organization\",\"@id\":\"https:\/\/glareone.eu\/cs\/en\/#organization\",\"name\":\"GlareOne\",\"url\":\"https:\/\/glareone.eu\/cs\/en\/\",\"logo\":{\"@type\":\"ImageObject\",\"inLanguage\":\"cs\",\"@id\":\"https:\/\/glareone.eu\/cs\/en\/#\/schema\/logo\/image\/\",\"url\":\"http:\/\/glareone.eu\/wp-content\/uploads\/2024\/05\/glareone_logo2020_RGB-01-e1715773127189.png\",\"contentUrl\":\"http:\/\/glareone.eu\/wp-content\/uploads\/2024\/05\/glareone_logo2020_RGB-01-e1715773127189.png\",\"width\":1270,\"height\":321,\"caption\":\"GlareOne\"},\"image\":{\"@id\":\"https:\/\/glareone.eu\/cs\/en\/#\/schema\/logo\/image\/\"},\"sameAs\":[\"https:\/\/www.facebook.com\/GlareOneLighting\",\"https:\/\/www.instagram.com\/glareonelighting\/\",\"https:\/\/www.youtube.com\/@GlareOneTV\"]}]}<\/script>\n<!-- \/ Yoast SEO plugin. -->","yoast_head_json":{"title":"FAQ - GlareOne","robots":{"index":"index","follow":"follow","max-snippet":"max-snippet:-1","max-image-preview":"max-image-preview:large","max-video-preview":"max-video-preview:-1"},"canonical":"https:\/\/glareone.eu\/cs\/faq\/","og_locale":"cs_CZ","og_type":"article","og_title":"FAQ - GlareOne","og_url":"https:\/\/glareone.eu\/cs\/faq\/","og_site_name":"GlareOne","article_publisher":"https:\/\/www.facebook.com\/GlareOneLighting","article_modified_time":"2025-08-14T10:06:43+00:00","twitter_card":"summary_large_image","twitter_misc":{"Odhadovan\u00e1 doba \u010dten\u00ed":"6 minut"},"schema":{"@context":"https:\/\/schema.org","@graph":[{"@type":"WebPage","@id":"https:\/\/glareone.eu\/cs\/faq\/","url":"https:\/\/glareone.eu\/cs\/faq\/","name":"FAQ - GlareOne","isPartOf":{"@id":"https:\/\/glareone.eu\/cs\/en\/#website"},"datePublished":"2025-08-06T12:49:33+00:00","dateModified":"2025-08-14T10:06:43+00:00","breadcrumb":{"@id":"https:\/\/glareone.eu\/cs\/faq\/#breadcrumb"},"inLanguage":"cs","potentialAction":[{"@type":"ReadAction","target":["https:\/\/glareone.eu\/cs\/faq\/"]}]},{"@type":"BreadcrumbList","@id":"https:\/\/glareone.eu\/cs\/faq\/#breadcrumb","itemListElement":[{"@type":"ListItem","position":1,"name":"Strona g\u0142\u00f3wna","item":"https:\/\/glareone.eu\/cs\/"},{"@type":"ListItem","position":2,"name":"FAQ"}]},{"@type":"WebSite","@id":"https:\/\/glareone.eu\/cs\/en\/#website","url":"https:\/\/glareone.eu\/cs\/en\/","name":"GlareOne","description":"Wyposa\u017cenie Studia","publisher":{"@id":"https:\/\/glareone.eu\/cs\/en\/#organization"},"potentialAction":[{"@type":"SearchAction","target":{"@type":"EntryPoint","urlTemplate":"https:\/\/glareone.eu\/cs\/en\/?s={search_term_string}"},"query-input":{"@type":"PropertyValueSpecification","valueRequired":true,"valueName":"search_term_string"}}],"inLanguage":"cs"},{"@type":"Organization","@id":"https:\/\/glareone.eu\/cs\/en\/#organization","name":"GlareOne","url":"https:\/\/glareone.eu\/cs\/en\/","logo":{"@type":"ImageObject","inLanguage":"cs","@id":"https:\/\/glareone.eu\/cs\/en\/#\/schema\/logo\/image\/","url":"http:\/\/glareone.eu\/wp-content\/uploads\/2024\/05\/glareone_logo2020_RGB-01-e1715773127189.png","contentUrl":"http:\/\/glareone.eu\/wp-content\/uploads\/2024\/05\/glareone_logo2020_RGB-01-e1715773127189.png","width":1270,"height":321,"caption":"GlareOne"},"image":{"@id":"https:\/\/glareone.eu\/cs\/en\/#\/schema\/logo\/image\/"},"sameAs":["https:\/\/www.facebook.com\/GlareOneLighting","https:\/\/www.instagram.com\/glareonelighting\/","https:\/\/www.youtube.com\/@GlareOneTV"]}]}},"_links":{"self":[{"href":"https:\/\/glareone.eu\/cs\/wp-json\/wp\/v2\/pages\/22113","targetHints":{"allow":["GET"]}}],"collection":[{"href":"https:\/\/glareone.eu\/cs\/wp-json\/wp\/v2\/pages"}],"about":[{"href":"https:\/\/glareone.eu\/cs\/wp-json\/wp\/v2\/types\/page"}],"author":[{"embeddable":true,"href":"https:\/\/glareone.eu\/cs\/wp-json\/wp\/v2\/users\/4"}],"replies":[{"embeddable":true,"href":"https:\/\/glareone.eu\/cs\/wp-json\/wp\/v2\/comments?post=22113"}],"version-history":[{"count":2,"href":"https:\/\/glareone.eu\/cs\/wp-json\/wp\/v2\/pages\/22113\/revisions"}],"predecessor-version":[{"id":22114,"href":"https:\/\/glareone.eu\/cs\/wp-json\/wp\/v2\/pages\/22113\/revisions\/22114"}],"wp:attachment":[{"href":"https:\/\/glareone.eu\/cs\/wp-json\/wp\/v2\/media?parent=22113"}],"curies":[{"name":"wp","href":"https:\/\/api.w.org\/{rel}","templated":true}]}}