{"id":21395,"date":"2024-04-25T11:59:53","date_gmt":"2024-04-25T11:59:53","guid":{"rendered":"https:\/\/glareone.eu\/produkty\/modifikatory-svetla\/spotlights-and-reflectors\/"},"modified":"2025-08-12T10:29:56","modified_gmt":"2025-08-12T10:29:56","slug":"kominky-a-reflektory","status":"publish","type":"page","link":"https:\/\/glareone.eu\/cs\/produkty\/modifikatory-svetla\/kominky-a-reflektory\/","title":{"rendered":"Kom\u00ednky a reflektory"},"content":{"rendered":"<div  class='flex_column av-1rw0ry-bea76e6eae6a4e5f4a58aa49434699e5 av_one_full  avia-builder-el-0  el_before_av_section  avia-builder-el-no-sibling  first flex_column_div  '     ><style type=\"text\/css\" data-created_by=\"avia_inline_auto\" id=\"style-css-av-luzojory-5b84e38ed98e615035a909462905676e\">\n#top .av-special-heading.av-luzojory-5b84e38ed98e615035a909462905676e{\npadding-bottom:10px;\n}\nbody .av-special-heading.av-luzojory-5b84e38ed98e615035a909462905676e .av-special-heading-tag .heading-char{\nfont-size:25px;\n}\n.av-special-heading.av-luzojory-5b84e38ed98e615035a909462905676e .av-subheading{\nfont-size:15px;\n}\n<\/style>\n<div  class='av-special-heading av-luzojory-5b84e38ed98e615035a909462905676e av-special-heading-h2 blockquote modern-quote modern-centered  avia-builder-el-1  avia-builder-el-no-sibling '><h2 class='av-special-heading-tag'  itemprop=\"headline\"  >Kom\u00ednky a reflektory<\/h2><div class=\"special-heading-border\"><div class=\"special-heading-inner-border\"><\/div><\/div><\/div><\/div>\n<\/div><\/div><\/div><!-- close content main div --><\/div><\/div><div id='homeproductcategorylist'  class='avia-section av-1lv8ri-94017da8535ef3245dc7c747be8a10d3 main_color avia-section-default avia-no-border-styling  avia-builder-el-2  el_after_av_one_full  avia-builder-el-last  avia-bg-style-scroll container_wrap fullsize'  ><div class='container av-section-cont-open' ><div class='template-page content  av-content-full alpha units'><div class='post-entry post-entry-type-page post-entry-21395'><div class='entry-content-wrapper clearfix'>\n\n<style type=\"text\/css\" data-created_by=\"avia_inline_auto\" id=\"style-css-av-14rufy-fffc5f911753f61933687112e042b850\">\n.flex_column.av-14rufy-fffc5f911753f61933687112e042b850{\nwidth:32%;\n}\n<\/style>\n<div  class='flex_column av-14rufy-fffc5f911753f61933687112e042b850 av_one_third  avia-builder-el-3  el_before_av_one_third  avia-builder-el-first  categoryBox first flex_column_div  '     ><p>\n<style type=\"text\/css\" data-created_by=\"avia_inline_auto\" id=\"style-css-av-uotrq-05da8d77e1529023639774916dfbc08e\">\n.avia-image-container.av-uotrq-05da8d77e1529023639774916dfbc08e img.avia_image{\nbox-shadow:none;\n}\n.avia-image-container.av-uotrq-05da8d77e1529023639774916dfbc08e .av-image-caption-overlay-center{\ncolor:#ffffff;\n}\n<\/style>\n<div  class='avia-image-container av-uotrq-05da8d77e1529023639774916dfbc08e av-styling-no-styling av-img-linked avia-align-center  avia-builder-el-4  el_before_av_textblock  avia-builder-el-first  categoryBoxImage'   itemprop=\"image\" itemscope=\"itemscope\" itemtype=\"https:\/\/schema.org\/ImageObject\" ><div class=\"avia-image-container-inner\"><div class=\"avia-image-overlay-wrap\"><a href=\"https:\/\/glareone.eu\/cs\/produkty\/modifikatory-svetla\/kominky-a-reflektory\/reflektory\/\" class='avia_image '  aria-label='czasze'><img decoding=\"async\" fetchpriority=\"high\" class='wp-image-21411 avia-img-lazy-loading-not-21411 avia_image ' src=\"https:\/\/glareone.eu\/wp-content\/uploads\/2024\/05\/czasze.png\" alt='' title='czasze'  height=\"283\" width=\"260\"  itemprop=\"thumbnailUrl\"  \/><\/a><\/div><\/div><\/div><br \/>\n<section  class='av_textblock_section av-luzok5ee-edc5bf8fc7356ab821438abfc93afa7e '   itemscope=\"itemscope\" itemtype=\"https:\/\/schema.org\/CreativeWork\" ><div class='avia_textblock categoryBoxTitle'  itemprop=\"text\" ><h3 style=\"text-align: center;\"><strong><a href=\"https:\/\/glareone.eu\/cs\/produkty\/modifikatory-svetla\/kominky-a-reflektory\/reflektory\/\">Reflektory<\/a><br \/>\n<br class=\"avia-permanent-lb\" \/><\/strong><\/h3>\n<\/div><\/section><\/p><\/div>\n<style type=\"text\/css\" data-created_by=\"avia_inline_auto\" id=\"style-css-av-15uwklv-cae2668e9395014fd68bd1f9ae820dfe\">\n.flex_column.av-15uwklv-cae2668e9395014fd68bd1f9ae820dfe{\nwidth:32%;\nmargin-left:2%;\n}\n<\/style>\n<div  class='flex_column av-15uwklv-cae2668e9395014fd68bd1f9ae820dfe av_one_third  avia-builder-el-6  el_after_av_one_third  el_before_av_one_third  categoryBox flex_column_div  '     ><p>\n<style type=\"text\/css\" data-created_by=\"avia_inline_auto\" id=\"style-css-av-ml207n-72d14008f18dc20954709360e0a3a2ad\">\n.avia-image-container.av-ml207n-72d14008f18dc20954709360e0a3a2ad img.avia_image{\nbox-shadow:none;\n}\n.avia-image-container.av-ml207n-72d14008f18dc20954709360e0a3a2ad .av-image-caption-overlay-center{\ncolor:#ffffff;\n}\n<\/style>\n<div  class='avia-image-container av-ml207n-72d14008f18dc20954709360e0a3a2ad av-styling-no-styling av-img-linked avia-align-center  avia-builder-el-7  el_before_av_textblock  avia-builder-el-first  categoryBoxImage'   itemprop=\"image\" itemscope=\"itemscope\" itemtype=\"https:\/\/schema.org\/ImageObject\" ><div class=\"avia-image-container-inner\"><div class=\"avia-image-overlay-wrap\"><a href=\"https:\/\/glareone.eu\/cs\/produkty\/modifikatory-svetla\/kominky-a-reflektory\/spotlight\/\" class='avia_image '  aria-label='obiektywy optyczne'><img decoding=\"async\" fetchpriority=\"high\" class='wp-image-21396 avia-img-lazy-loading-not-21396 avia_image ' src=\"https:\/\/glareone.eu\/wp-content\/uploads\/2024\/05\/obiektywy-optyczne.png\" alt='' title='obiektywy optyczne'  height=\"283\" width=\"260\"  itemprop=\"thumbnailUrl\"  \/><\/a><\/div><\/div><\/div><br \/>\n<section  class='av_textblock_section av-lw0jdwko-6e26e44637dc1324a3350ae4a709f6ff '   itemscope=\"itemscope\" itemtype=\"https:\/\/schema.org\/CreativeWork\" ><div class='avia_textblock categoryBoxTitle'  itemprop=\"text\" ><h3 style=\"text-align: center;\"><a href=\"https:\/\/glareone.eu\/cs\/produkty\/modifikatory-svetla\/kominky-a-reflektory\/spotlight\/\"><strong>Snoot base<br \/>\na projek\u010dn\u00ed \u010do\u010dky<\/strong><\/a><\/h3>\n<\/div><\/section><\/p><\/div>\n<style type=\"text\/css\" data-created_by=\"avia_inline_auto\" id=\"style-css-av-2taz6h-470d3ba8edffb268cadb3df0be86509f\">\n.flex_column.av-2taz6h-470d3ba8edffb268cadb3df0be86509f{\nwidth:32%;\nmargin-left:2%;\n}\n<\/style>\n<div  class='flex_column av-2taz6h-470d3ba8edffb268cadb3df0be86509f av_one_third  avia-builder-el-9  el_after_av_one_third  avia-builder-el-last  categoryBox flex_column_div  '     ><p>\n<style type=\"text\/css\" data-created_by=\"avia_inline_auto\" id=\"style-css-av-lvf5s63k-18bb2e1a2bfffc590fffbeebcbd63492\">\n.avia-image-container.av-lvf5s63k-18bb2e1a2bfffc590fffbeebcbd63492 img.avia_image{\nbox-shadow:none;\n}\n.avia-image-container.av-lvf5s63k-18bb2e1a2bfffc590fffbeebcbd63492 .av-image-caption-overlay-center{\ncolor:#ffffff;\n}\n<\/style>\n<div  class='avia-image-container av-lvf5s63k-18bb2e1a2bfffc590fffbeebcbd63492 av-styling-no-styling av-img-linked avia-align-center  avia-builder-el-10  el_before_av_textblock  avia-builder-el-first  categoryBoxImage'   itemprop=\"image\" itemscope=\"itemscope\" itemtype=\"https:\/\/schema.org\/ImageObject\" ><div class=\"avia-image-container-inner\"><div class=\"avia-image-overlay-wrap\"><a href=\"https:\/\/glareone.eu\/cs\/produkty\/modifikatory-svetla\/kominky-a-reflektory\/spotlight-pro\/\" class='avia_image '  aria-label='strumienica pro'><img decoding=\"async\" fetchpriority=\"high\" class='wp-image-21348 avia-img-lazy-loading-not-21348 avia_image ' src=\"https:\/\/glareone.eu\/wp-content\/uploads\/2024\/05\/strumienica-pro.png\" alt='' title='strumienica pro'  height=\"283\" width=\"260\"  itemprop=\"thumbnailUrl\"  \/><\/a><\/div><\/div><\/div><br \/>\n<section  class='av_textblock_section av-lvf6yc7n-d7fe077b7801fd07bcb991afcc16a253 '   itemscope=\"itemscope\" itemtype=\"https:\/\/schema.org\/CreativeWork\" ><div class='avia_textblock categoryBoxTitle'  itemprop=\"text\" ><h3 style=\"text-align: center;\"><strong><a href=\"https:\/\/glareone.eu\/cs\/produkty\/modifikatory-svetla\/kominky-a-reflektory\/spotlight-pro\/\">Spotlight PRO<\/a><br \/>\n<br class=\"avia-permanent-lb\" \/><\/strong><\/h3>\n<\/div><\/section><\/p><\/div>\n","protected":false},"excerpt":{"rendered":"","protected":false},"author":2,"featured_media":0,"parent":21175,"menu_order":0,"comment_status":"open","ping_status":"closed","template":"","meta":{"footnotes":""},"class_list":["post-21395","page","type-page","status-publish","hentry"],"yoast_head":"<!-- This site is optimized with the Yoast SEO plugin v27.2 - https:\/\/yoast.com\/product\/yoast-seo-wordpress\/ -->\n<title>Kom\u00ednky a reflektory - GlareOne<\/title>\n<meta name=\"description\" content=\"Reflektory a odrazy od GlareOne jsou modifik\u00e1tory sv\u011btla nezbytn\u00e9 pro pr\u00e1ci fotografa. Umo\u017e\u0148uj\u00ed v\u00e1m ovl\u00e1dat sv\u011btlo na place.\" \/>\n<meta name=\"robots\" content=\"index, follow, max-snippet:-1, max-image-preview:large, max-video-preview:-1\" \/>\n<link rel=\"canonical\" href=\"https:\/\/glareone.eu\/cs\/produkty\/modifikatory-svetla\/kominky-a-reflektory\/\" \/>\n<meta property=\"og:locale\" content=\"cs_CZ\" \/>\n<meta property=\"og:type\" content=\"article\" \/>\n<meta property=\"og:title\" content=\"Kom\u00ednky a reflektory - GlareOne\" \/>\n<meta property=\"og:description\" content=\"Reflektory a odrazy od GlareOne jsou modifik\u00e1tory sv\u011btla nezbytn\u00e9 pro pr\u00e1ci fotografa. Umo\u017e\u0148uj\u00ed v\u00e1m ovl\u00e1dat sv\u011btlo na place.\" \/>\n<meta property=\"og:url\" content=\"https:\/\/glareone.eu\/cs\/produkty\/modifikatory-svetla\/kominky-a-reflektory\/\" \/>\n<meta property=\"og:site_name\" content=\"GlareOne\" \/>\n<meta property=\"article:publisher\" content=\"https:\/\/www.facebook.com\/GlareOneLighting\" \/>\n<meta property=\"article:modified_time\" content=\"2025-08-12T10:29:56+00:00\" \/>\n<meta name=\"twitter:card\" content=\"summary_large_image\" \/>\n<meta name=\"twitter:label1\" content=\"Odhadovan\u00e1 doba \u010dten\u00ed\" \/>\n\t<meta name=\"twitter:data1\" content=\"1 minuta\" \/>\n<script type=\"application\/ld+json\" class=\"yoast-schema-graph\">{\"@context\":\"https:\/\/schema.org\",\"@graph\":[{\"@type\":\"WebPage\",\"@id\":\"https:\/\/glareone.eu\/cs\/produkty\/modifikatory-svetla\/kominky-a-reflektory\/\",\"url\":\"https:\/\/glareone.eu\/cs\/produkty\/modifikatory-svetla\/kominky-a-reflektory\/\",\"name\":\"Kom\u00ednky a reflektory - GlareOne\",\"isPartOf\":{\"@id\":\"https:\/\/glareone.eu\/cs\/en\/#website\"},\"datePublished\":\"2024-04-25T11:59:53+00:00\",\"dateModified\":\"2025-08-12T10:29:56+00:00\",\"description\":\"Reflektory a odrazy od GlareOne jsou modifik\u00e1tory sv\u011btla nezbytn\u00e9 pro pr\u00e1ci fotografa. Umo\u017e\u0148uj\u00ed v\u00e1m ovl\u00e1dat sv\u011btlo na place.\",\"breadcrumb\":{\"@id\":\"https:\/\/glareone.eu\/cs\/produkty\/modifikatory-svetla\/kominky-a-reflektory\/#breadcrumb\"},\"inLanguage\":\"cs\",\"potentialAction\":[{\"@type\":\"ReadAction\",\"target\":[\"https:\/\/glareone.eu\/cs\/produkty\/modifikatory-svetla\/kominky-a-reflektory\/\"]}]},{\"@type\":\"BreadcrumbList\",\"@id\":\"https:\/\/glareone.eu\/cs\/produkty\/modifikatory-svetla\/kominky-a-reflektory\/#breadcrumb\",\"itemListElement\":[{\"@type\":\"ListItem\",\"position\":1,\"name\":\"Strona g\u0142\u00f3wna\",\"item\":\"https:\/\/glareone.eu\/cs\/\"},{\"@type\":\"ListItem\",\"position\":2,\"name\":\"Produkty\",\"item\":\"https:\/\/glareone.eu\/cs\/produkty\/\"},{\"@type\":\"ListItem\",\"position\":3,\"name\":\"Modifik\u00e1tory sv\u011btla\",\"item\":\"https:\/\/glareone.eu\/cs\/produkty\/modifikatory-svetla\/\"},{\"@type\":\"ListItem\",\"position\":4,\"name\":\"Kom\u00ednky a reflektory\"}]},{\"@type\":\"WebSite\",\"@id\":\"https:\/\/glareone.eu\/cs\/en\/#website\",\"url\":\"https:\/\/glareone.eu\/cs\/en\/\",\"name\":\"GlareOne\",\"description\":\"Wyposa\u017cenie Studia\",\"publisher\":{\"@id\":\"https:\/\/glareone.eu\/cs\/en\/#organization\"},\"potentialAction\":[{\"@type\":\"SearchAction\",\"target\":{\"@type\":\"EntryPoint\",\"urlTemplate\":\"https:\/\/glareone.eu\/cs\/en\/?s={search_term_string}\"},\"query-input\":{\"@type\":\"PropertyValueSpecification\",\"valueRequired\":true,\"valueName\":\"search_term_string\"}}],\"inLanguage\":\"cs\"},{\"@type\":\"Organization\",\"@id\":\"https:\/\/glareone.eu\/cs\/en\/#organization\",\"name\":\"GlareOne\",\"url\":\"https:\/\/glareone.eu\/cs\/en\/\",\"logo\":{\"@type\":\"ImageObject\",\"inLanguage\":\"cs\",\"@id\":\"https:\/\/glareone.eu\/cs\/en\/#\/schema\/logo\/image\/\",\"url\":\"http:\/\/glareone.eu\/wp-content\/uploads\/2024\/05\/glareone_logo2020_RGB-01-e1715773127189.png\",\"contentUrl\":\"http:\/\/glareone.eu\/wp-content\/uploads\/2024\/05\/glareone_logo2020_RGB-01-e1715773127189.png\",\"width\":1270,\"height\":321,\"caption\":\"GlareOne\"},\"image\":{\"@id\":\"https:\/\/glareone.eu\/cs\/en\/#\/schema\/logo\/image\/\"},\"sameAs\":[\"https:\/\/www.facebook.com\/GlareOneLighting\",\"https:\/\/www.instagram.com\/glareonelighting\/\",\"https:\/\/www.youtube.com\/@GlareOneTV\"]}]}<\/script>\n<!-- \/ Yoast SEO plugin. -->","yoast_head_json":{"title":"Kom\u00ednky a reflektory - GlareOne","description":"Reflektory a odrazy od GlareOne jsou modifik\u00e1tory sv\u011btla nezbytn\u00e9 pro pr\u00e1ci fotografa. Umo\u017e\u0148uj\u00ed v\u00e1m ovl\u00e1dat sv\u011btlo na place.","robots":{"index":"index","follow":"follow","max-snippet":"max-snippet:-1","max-image-preview":"max-image-preview:large","max-video-preview":"max-video-preview:-1"},"canonical":"https:\/\/glareone.eu\/cs\/produkty\/modifikatory-svetla\/kominky-a-reflektory\/","og_locale":"cs_CZ","og_type":"article","og_title":"Kom\u00ednky a reflektory - GlareOne","og_description":"Reflektory a odrazy od GlareOne jsou modifik\u00e1tory sv\u011btla nezbytn\u00e9 pro pr\u00e1ci fotografa. Umo\u017e\u0148uj\u00ed v\u00e1m ovl\u00e1dat sv\u011btlo na place.","og_url":"https:\/\/glareone.eu\/cs\/produkty\/modifikatory-svetla\/kominky-a-reflektory\/","og_site_name":"GlareOne","article_publisher":"https:\/\/www.facebook.com\/GlareOneLighting","article_modified_time":"2025-08-12T10:29:56+00:00","twitter_card":"summary_large_image","twitter_misc":{"Odhadovan\u00e1 doba \u010dten\u00ed":"1 minuta"},"schema":{"@context":"https:\/\/schema.org","@graph":[{"@type":"WebPage","@id":"https:\/\/glareone.eu\/cs\/produkty\/modifikatory-svetla\/kominky-a-reflektory\/","url":"https:\/\/glareone.eu\/cs\/produkty\/modifikatory-svetla\/kominky-a-reflektory\/","name":"Kom\u00ednky a reflektory - GlareOne","isPartOf":{"@id":"https:\/\/glareone.eu\/cs\/en\/#website"},"datePublished":"2024-04-25T11:59:53+00:00","dateModified":"2025-08-12T10:29:56+00:00","description":"Reflektory a odrazy od GlareOne jsou modifik\u00e1tory sv\u011btla nezbytn\u00e9 pro pr\u00e1ci fotografa. Umo\u017e\u0148uj\u00ed v\u00e1m ovl\u00e1dat sv\u011btlo na place.","breadcrumb":{"@id":"https:\/\/glareone.eu\/cs\/produkty\/modifikatory-svetla\/kominky-a-reflektory\/#breadcrumb"},"inLanguage":"cs","potentialAction":[{"@type":"ReadAction","target":["https:\/\/glareone.eu\/cs\/produkty\/modifikatory-svetla\/kominky-a-reflektory\/"]}]},{"@type":"BreadcrumbList","@id":"https:\/\/glareone.eu\/cs\/produkty\/modifikatory-svetla\/kominky-a-reflektory\/#breadcrumb","itemListElement":[{"@type":"ListItem","position":1,"name":"Strona g\u0142\u00f3wna","item":"https:\/\/glareone.eu\/cs\/"},{"@type":"ListItem","position":2,"name":"Produkty","item":"https:\/\/glareone.eu\/cs\/produkty\/"},{"@type":"ListItem","position":3,"name":"Modifik\u00e1tory sv\u011btla","item":"https:\/\/glareone.eu\/cs\/produkty\/modifikatory-svetla\/"},{"@type":"ListItem","position":4,"name":"Kom\u00ednky a reflektory"}]},{"@type":"WebSite","@id":"https:\/\/glareone.eu\/cs\/en\/#website","url":"https:\/\/glareone.eu\/cs\/en\/","name":"GlareOne","description":"Wyposa\u017cenie Studia","publisher":{"@id":"https:\/\/glareone.eu\/cs\/en\/#organization"},"potentialAction":[{"@type":"SearchAction","target":{"@type":"EntryPoint","urlTemplate":"https:\/\/glareone.eu\/cs\/en\/?s={search_term_string}"},"query-input":{"@type":"PropertyValueSpecification","valueRequired":true,"valueName":"search_term_string"}}],"inLanguage":"cs"},{"@type":"Organization","@id":"https:\/\/glareone.eu\/cs\/en\/#organization","name":"GlareOne","url":"https:\/\/glareone.eu\/cs\/en\/","logo":{"@type":"ImageObject","inLanguage":"cs","@id":"https:\/\/glareone.eu\/cs\/en\/#\/schema\/logo\/image\/","url":"http:\/\/glareone.eu\/wp-content\/uploads\/2024\/05\/glareone_logo2020_RGB-01-e1715773127189.png","contentUrl":"http:\/\/glareone.eu\/wp-content\/uploads\/2024\/05\/glareone_logo2020_RGB-01-e1715773127189.png","width":1270,"height":321,"caption":"GlareOne"},"image":{"@id":"https:\/\/glareone.eu\/cs\/en\/#\/schema\/logo\/image\/"},"sameAs":["https:\/\/www.facebook.com\/GlareOneLighting","https:\/\/www.instagram.com\/glareonelighting\/","https:\/\/www.youtube.com\/@GlareOneTV"]}]}},"_links":{"self":[{"href":"https:\/\/glareone.eu\/cs\/wp-json\/wp\/v2\/pages\/21395","targetHints":{"allow":["GET"]}}],"collection":[{"href":"https:\/\/glareone.eu\/cs\/wp-json\/wp\/v2\/pages"}],"about":[{"href":"https:\/\/glareone.eu\/cs\/wp-json\/wp\/v2\/types\/page"}],"author":[{"embeddable":true,"href":"https:\/\/glareone.eu\/cs\/wp-json\/wp\/v2\/users\/2"}],"replies":[{"embeddable":true,"href":"https:\/\/glareone.eu\/cs\/wp-json\/wp\/v2\/comments?post=21395"}],"version-history":[{"count":4,"href":"https:\/\/glareone.eu\/cs\/wp-json\/wp\/v2\/pages\/21395\/revisions"}],"predecessor-version":[{"id":22011,"href":"https:\/\/glareone.eu\/cs\/wp-json\/wp\/v2\/pages\/21395\/revisions\/22011"}],"up":[{"embeddable":true,"href":"https:\/\/glareone.eu\/cs\/wp-json\/wp\/v2\/pages\/21175"}],"wp:attachment":[{"href":"https:\/\/glareone.eu\/cs\/wp-json\/wp\/v2\/media?parent=21395"}],"curies":[{"name":"wp","href":"https:\/\/api.w.org\/{rel}","templated":true}]}}