{"id":21374,"date":"2024-04-25T11:27:53","date_gmt":"2024-04-25T11:27:53","guid":{"rendered":"https:\/\/glareone.eu\/produkty\/continuous-led-light\/"},"modified":"2025-08-12T10:29:22","modified_gmt":"2025-08-12T10:29:22","slug":"kontinualni-led-svetlo","status":"publish","type":"page","link":"https:\/\/glareone.eu\/cs\/produkty\/kontinualni-led-svetlo\/","title":{"rendered":"Kontinu\u00e1ln\u00ed LED sv\u011btlo"},"content":{"rendered":"<div  class='flex_column av-1rw0ry-bea76e6eae6a4e5f4a58aa49434699e5 av_one_full  avia-builder-el-0  el_before_av_section  avia-builder-el-no-sibling  first flex_column_div  '     ><style type=\"text\/css\" data-created_by=\"avia_inline_auto\" id=\"style-css-av-luzojory-d713fda8a5281d94e542e01db1b79ea5\">\n#top .av-special-heading.av-luzojory-d713fda8a5281d94e542e01db1b79ea5{\npadding-bottom:10px;\n}\nbody .av-special-heading.av-luzojory-d713fda8a5281d94e542e01db1b79ea5 .av-special-heading-tag .heading-char{\nfont-size:25px;\n}\n.av-special-heading.av-luzojory-d713fda8a5281d94e542e01db1b79ea5 .av-subheading{\nfont-size:15px;\n}\n<\/style>\n<div  class='av-special-heading av-luzojory-d713fda8a5281d94e542e01db1b79ea5 av-special-heading-h2 blockquote modern-quote modern-centered  avia-builder-el-1  avia-builder-el-no-sibling '><h2 class='av-special-heading-tag'  itemprop=\"headline\"  >Kontinu\u00e1ln\u00ed LED sv\u011btlo<\/h2><div class=\"special-heading-border\"><div class=\"special-heading-inner-border\"><\/div><\/div><\/div><\/div><\/div><\/div><\/div><!-- close content main div --><\/div><\/div><div id='homeproductcategorylist'  class='avia-section av-1lv8ri-94017da8535ef3245dc7c747be8a10d3 main_color avia-section-default avia-no-border-styling  avia-builder-el-2  el_after_av_one_full  avia-builder-el-last  avia-bg-style-scroll container_wrap fullsize'  ><div class='container av-section-cont-open' ><div class='template-page content  av-content-full alpha units'><div class='post-entry post-entry-type-page post-entry-21374'><div class='entry-content-wrapper clearfix'>\n\n<style type=\"text\/css\" data-created_by=\"avia_inline_auto\" id=\"style-css-av-1dlsfi-78e10e486dfdd71dab84f80f1beb119c\">\n.flex_column.av-1dlsfi-78e10e486dfdd71dab84f80f1beb119c{\nwidth:23.5%;\n}\n<\/style>\n<div  class='flex_column av-1dlsfi-78e10e486dfdd71dab84f80f1beb119c av_one_fourth  avia-builder-el-3  el_before_av_one_fourth  avia-builder-el-first  categoryBox first flex_column_div  '     ><p>\n<style type=\"text\/css\" data-created_by=\"avia_inline_auto\" id=\"style-css-av-1bah7a-91f5fc082fc95281247c8db86bcec354\">\n.avia-image-container.av-1bah7a-91f5fc082fc95281247c8db86bcec354 img.avia_image{\nbox-shadow:none;\n}\n.avia-image-container.av-1bah7a-91f5fc082fc95281247c8db86bcec354 .av-image-caption-overlay-center{\ncolor:#ffffff;\n}\n<\/style>\n<div  class='avia-image-container av-1bah7a-91f5fc082fc95281247c8db86bcec354 av-styling-no-styling av-img-linked avia-align-center  avia-builder-el-4  el_before_av_textblock  avia-builder-el-first  categoryBoxImage'   itemprop=\"image\" itemscope=\"itemscope\" itemtype=\"https:\/\/schema.org\/ImageObject\" ><div class=\"avia-image-container-inner\"><div class=\"avia-image-overlay-wrap\"><a href=\"https:\/\/glareone.eu\/cs\/produkty\/kontinualni-led-svetlo\/led-lamps-bowens\/\" class='avia_image '  aria-label='led bowens'><img decoding=\"async\" fetchpriority=\"high\" class='wp-image-21477 avia-img-lazy-loading-not-21477 avia_image ' src=\"https:\/\/glareone.eu\/wp-content\/uploads\/2024\/04\/led-bowens.png\" alt='' title='led bowens'  height=\"283\" width=\"260\"  itemprop=\"thumbnailUrl\"  \/><\/a><\/div><\/div><\/div><br \/>\n<section  class='av_textblock_section av-luzojxyc-63308dfb64ce2765a9168e0d519fa456 '   itemscope=\"itemscope\" itemtype=\"https:\/\/schema.org\/CreativeWork\" ><div class='avia_textblock categoryBoxTitle'  itemprop=\"text\" ><h3 style=\"text-align: center;\"><a href=\"\/cs\/produkty\/continuous-led-light\/led-lamps-bowens\/\"><strong>LED lampy<br \/>\ns mont\u00e1\u017e\u00ed typu Bowens<\/strong><\/a><\/h3>\n<\/div><\/section><\/p><\/div>\n<style type=\"text\/css\" data-created_by=\"avia_inline_auto\" id=\"style-css-av-1upwm3-dd9b3fb2f704c584b1097359682dfd16\">\n.flex_column.av-1upwm3-dd9b3fb2f704c584b1097359682dfd16{\nwidth:23.5%;\nmargin-left:2%;\n}\n<\/style>\n<div  class='flex_column av-1upwm3-dd9b3fb2f704c584b1097359682dfd16 av_one_fourth  avia-builder-el-6  el_after_av_one_fourth  el_before_av_one_fourth  categoryBox flex_column_div  '     ><p>\n<style type=\"text\/css\" data-created_by=\"avia_inline_auto\" id=\"style-css-av-lvf5s63k-d219a13e9a32caac9029502d9ef18bd3\">\n.avia-image-container.av-lvf5s63k-d219a13e9a32caac9029502d9ef18bd3 img.avia_image{\nbox-shadow:none;\n}\n.avia-image-container.av-lvf5s63k-d219a13e9a32caac9029502d9ef18bd3 .av-image-caption-overlay-center{\ncolor:#ffffff;\n}\n<\/style>\n<div  class='avia-image-container av-lvf5s63k-d219a13e9a32caac9029502d9ef18bd3 av-styling-no-styling av-img-linked avia-align-center  avia-builder-el-7  el_before_av_textblock  avia-builder-el-first  categoryBoxImage'   itemprop=\"image\" itemscope=\"itemscope\" itemtype=\"https:\/\/schema.org\/ImageObject\" ><div class=\"avia-image-container-inner\"><div class=\"avia-image-overlay-wrap\"><a href=\"https:\/\/glareone.eu\/cs\/produkty\/kontinualni-led-svetlo\/halo-led\/\" class='avia_image '  aria-label='halo led'><img decoding=\"async\" fetchpriority=\"high\" class='wp-image-21346 avia-img-lazy-loading-not-21346 avia_image ' src=\"https:\/\/glareone.eu\/wp-content\/uploads\/2024\/05\/halo-led-1.png\" alt='' title='halo led'  height=\"283\" width=\"260\"  itemprop=\"thumbnailUrl\"  \/><\/a><\/div><\/div><\/div><br \/>\n<section  class='av_textblock_section av-lvf5hao8-eacdacdb29df53783c6ddf9ee4af3ae8 '   itemscope=\"itemscope\" itemtype=\"https:\/\/schema.org\/CreativeWork\" ><div class='avia_textblock categoryBoxTitle'  itemprop=\"text\" ><h3 style=\"text-align: center;\"><a href=\"\/cs\/produkty\/continuous-led-light\/halo-led\/\"><strong>Halo LED Panely<br \/>\n<br class=\"avia-permanent-lb\" \/><\/strong><\/a><\/h3>\n<\/div><\/section><\/p><\/div>\n<style type=\"text\/css\" data-created_by=\"avia_inline_auto\" id=\"style-css-av-14rufy-65200addb08787c54dd1145813ddf392\">\n.flex_column.av-14rufy-65200addb08787c54dd1145813ddf392{\nwidth:23.5%;\nmargin-left:2%;\n}\n<\/style>\n<div  class='flex_column av-14rufy-65200addb08787c54dd1145813ddf392 av_one_fourth  avia-builder-el-9  el_after_av_one_fourth  el_before_av_one_fourth  categoryBox flex_column_div  '     ><p>\n<style type=\"text\/css\" data-created_by=\"avia_inline_auto\" id=\"style-css-av-uotrq-0db5e106300d87400719424b52800571\">\n.avia-image-container.av-uotrq-0db5e106300d87400719424b52800571 img.avia_image{\nbox-shadow:none;\n}\n.avia-image-container.av-uotrq-0db5e106300d87400719424b52800571 .av-image-caption-overlay-center{\ncolor:#ffffff;\n}\n<\/style>\n<div  class='avia-image-container av-uotrq-0db5e106300d87400719424b52800571 av-styling-no-styling av-img-linked avia-align-center  avia-builder-el-10  el_before_av_textblock  avia-builder-el-first  categoryBoxImage'   itemprop=\"image\" itemscope=\"itemscope\" itemtype=\"https:\/\/schema.org\/ImageObject\" ><div class=\"avia-image-container-inner\"><div class=\"avia-image-overlay-wrap\"><a href=\"https:\/\/glareone.eu\/cs\/produkty\/kontinualni-led-svetlo\/led-tube-panel\/\" class='avia_image '  aria-label='led tube 24'><img decoding=\"async\" fetchpriority=\"high\" class='wp-image-21001 avia-img-lazy-loading-not-21001 avia_image ' src=\"https:\/\/glareone.eu\/wp-content\/uploads\/2024\/05\/led-tube-24.png\" alt='' title='led tube 24'  height=\"283\" width=\"260\"  itemprop=\"thumbnailUrl\"  \/><\/a><\/div><\/div><\/div><br \/>\n<section  class='av_textblock_section av-luzok5ee-edc5bf8fc7356ab821438abfc93afa7e '   itemscope=\"itemscope\" itemtype=\"https:\/\/schema.org\/CreativeWork\" ><div class='avia_textblock categoryBoxTitle'  itemprop=\"text\" ><h3 style=\"text-align: center;\"><strong><a href=\"\/cs\/produkty\/continuous-led-light\/led-tube-panel\/\">LED Tubes &amp; Panels<\/a><br \/>\n<br class=\"avia-permanent-lb\" \/><\/strong><\/h3>\n<\/div><\/section><\/p><\/div>\n<style type=\"text\/css\" data-created_by=\"avia_inline_auto\" id=\"style-css-av-110zuse-003dc1e48819c9cb36fa62538ac9788c\">\n.flex_column.av-110zuse-003dc1e48819c9cb36fa62538ac9788c{\nwidth:23.5%;\nmargin-left:2%;\n}\n<\/style>\n<div  class='flex_column av-110zuse-003dc1e48819c9cb36fa62538ac9788c av_one_fourth  avia-builder-el-12  el_after_av_one_fourth  el_before_av_hr  categoryBox flex_column_div  '     ><p>\n<style type=\"text\/css\" data-created_by=\"avia_inline_auto\" id=\"style-css-av-lw0itswt-ecd87ed447c21f8438a440e07058d300\">\n.avia-image-container.av-lw0itswt-ecd87ed447c21f8438a440e07058d300 img.avia_image{\nbox-shadow:none;\n}\n.avia-image-container.av-lw0itswt-ecd87ed447c21f8438a440e07058d300 .av-image-caption-overlay-center{\ncolor:#ffffff;\n}\n<\/style>\n<div  class='avia-image-container av-lw0itswt-ecd87ed447c21f8438a440e07058d300 av-styling-no-styling av-img-linked avia-align-center  avia-builder-el-13  el_before_av_textblock  avia-builder-el-first  categoryBoxImage'   itemprop=\"image\" itemscope=\"itemscope\" itemtype=\"https:\/\/schema.org\/ImageObject\" ><div class=\"avia-image-container-inner\"><div class=\"avia-image-overlay-wrap\"><a href=\"https:\/\/glareone.eu\/cs\/produkty\/kontinualni-led-svetlo\/krouzkove-lampy\/\" class='avia_image '  aria-label='lampy pier\u015bcieniowe'><img decoding=\"async\" fetchpriority=\"high\" class='wp-image-21410 avia-img-lazy-loading-not-21410 avia_image ' src=\"https:\/\/glareone.eu\/wp-content\/uploads\/2024\/05\/lampy-pierscieniowe.png\" alt='' title='lampy pier\u015bcieniowe'  height=\"283\" width=\"260\"  itemprop=\"thumbnailUrl\"  \/><\/a><\/div><\/div><\/div><br \/>\n<section  class='av_textblock_section av-lw0iud2y-afb6247e5fb154e82196403fd3d8ce59 '   itemscope=\"itemscope\" itemtype=\"https:\/\/schema.org\/CreativeWork\" ><div class='avia_textblock categoryBoxTitle'  itemprop=\"text\" ><h3 style=\"text-align: center;\"><strong><a href=\"\/cs\/produkty\/continuous-led-light\/krouzkove-lampy\/\">Krou\u017ekov\u00e9 lampy<\/a><br \/>\n<br class=\"avia-permanent-lb\" \/><\/strong><\/h3>\n<\/div><\/section><\/p><\/div><div  class='hr av-k4gpdq-9686a5444b6fa6f32aa38d401bfa89f8 hr-default  avia-builder-el-15  el_after_av_one_fourth  avia-builder-el-last '><span class='hr-inner '><span class=\"hr-inner-style\"><\/span><\/span><\/div>\n<\/p>\n","protected":false},"excerpt":{"rendered":"","protected":false},"author":2,"featured_media":0,"parent":21343,"menu_order":0,"comment_status":"open","ping_status":"closed","template":"","meta":{"footnotes":""},"class_list":["post-21374","page","type-page","status-publish","hentry"],"yoast_head":"<!-- This site is optimized with the Yoast SEO plugin v27.2 - https:\/\/yoast.com\/product\/yoast-seo-wordpress\/ -->\n<title>Kontinu\u00e1ln\u00ed LED sv\u011btlo - GlareOne<\/title>\n<meta name=\"description\" content=\"Kontinu\u00e1ln\u00ed LED sv\u011btlo zaji\u0161\u0165uje pohodlnou a efektivn\u00ed pr\u00e1ci na foto a filmov\u00fdch studi\u00edch. LED lampy, LED panely, sv\u011bteln\u00e9 me\u010de.\" \/>\n<meta name=\"robots\" content=\"index, follow, max-snippet:-1, max-image-preview:large, max-video-preview:-1\" \/>\n<link rel=\"canonical\" href=\"https:\/\/glareone.eu\/cs\/produkty\/kontinualni-led-svetlo\/\" \/>\n<meta property=\"og:locale\" content=\"cs_CZ\" \/>\n<meta property=\"og:type\" content=\"article\" \/>\n<meta property=\"og:title\" content=\"Kontinu\u00e1ln\u00ed LED sv\u011btlo - GlareOne\" \/>\n<meta property=\"og:description\" content=\"Kontinu\u00e1ln\u00ed LED sv\u011btlo zaji\u0161\u0165uje pohodlnou a efektivn\u00ed pr\u00e1ci na foto a filmov\u00fdch studi\u00edch. LED lampy, LED panely, sv\u011bteln\u00e9 me\u010de.\" \/>\n<meta property=\"og:url\" content=\"https:\/\/glareone.eu\/cs\/produkty\/kontinualni-led-svetlo\/\" \/>\n<meta property=\"og:site_name\" content=\"GlareOne\" \/>\n<meta property=\"article:publisher\" content=\"https:\/\/www.facebook.com\/GlareOneLighting\" \/>\n<meta property=\"article:modified_time\" content=\"2025-08-12T10:29:22+00:00\" \/>\n<meta name=\"twitter:card\" content=\"summary_large_image\" \/>\n<meta name=\"twitter:label1\" content=\"Odhadovan\u00e1 doba \u010dten\u00ed\" \/>\n\t<meta name=\"twitter:data1\" content=\"1 minuta\" \/>\n<script type=\"application\/ld+json\" class=\"yoast-schema-graph\">{\"@context\":\"https:\/\/schema.org\",\"@graph\":[{\"@type\":\"WebPage\",\"@id\":\"https:\/\/glareone.eu\/cs\/produkty\/kontinualni-led-svetlo\/\",\"url\":\"https:\/\/glareone.eu\/cs\/produkty\/kontinualni-led-svetlo\/\",\"name\":\"Kontinu\u00e1ln\u00ed LED sv\u011btlo - GlareOne\",\"isPartOf\":{\"@id\":\"https:\/\/glareone.eu\/cs\/en\/#website\"},\"datePublished\":\"2024-04-25T11:27:53+00:00\",\"dateModified\":\"2025-08-12T10:29:22+00:00\",\"description\":\"Kontinu\u00e1ln\u00ed LED sv\u011btlo zaji\u0161\u0165uje pohodlnou a efektivn\u00ed pr\u00e1ci na foto a filmov\u00fdch studi\u00edch. LED lampy, LED panely, sv\u011bteln\u00e9 me\u010de.\",\"breadcrumb\":{\"@id\":\"https:\/\/glareone.eu\/cs\/produkty\/kontinualni-led-svetlo\/#breadcrumb\"},\"inLanguage\":\"cs\",\"potentialAction\":[{\"@type\":\"ReadAction\",\"target\":[\"https:\/\/glareone.eu\/cs\/produkty\/kontinualni-led-svetlo\/\"]}]},{\"@type\":\"BreadcrumbList\",\"@id\":\"https:\/\/glareone.eu\/cs\/produkty\/kontinualni-led-svetlo\/#breadcrumb\",\"itemListElement\":[{\"@type\":\"ListItem\",\"position\":1,\"name\":\"Strona g\u0142\u00f3wna\",\"item\":\"https:\/\/glareone.eu\/cs\/\"},{\"@type\":\"ListItem\",\"position\":2,\"name\":\"Produkty\",\"item\":\"https:\/\/glareone.eu\/cs\/produkty\/\"},{\"@type\":\"ListItem\",\"position\":3,\"name\":\"Kontinu\u00e1ln\u00ed LED sv\u011btlo\"}]},{\"@type\":\"WebSite\",\"@id\":\"https:\/\/glareone.eu\/cs\/en\/#website\",\"url\":\"https:\/\/glareone.eu\/cs\/en\/\",\"name\":\"GlareOne\",\"description\":\"Wyposa\u017cenie Studia\",\"publisher\":{\"@id\":\"https:\/\/glareone.eu\/cs\/en\/#organization\"},\"potentialAction\":[{\"@type\":\"SearchAction\",\"target\":{\"@type\":\"EntryPoint\",\"urlTemplate\":\"https:\/\/glareone.eu\/cs\/en\/?s={search_term_string}\"},\"query-input\":{\"@type\":\"PropertyValueSpecification\",\"valueRequired\":true,\"valueName\":\"search_term_string\"}}],\"inLanguage\":\"cs\"},{\"@type\":\"Organization\",\"@id\":\"https:\/\/glareone.eu\/cs\/en\/#organization\",\"name\":\"GlareOne\",\"url\":\"https:\/\/glareone.eu\/cs\/en\/\",\"logo\":{\"@type\":\"ImageObject\",\"inLanguage\":\"cs\",\"@id\":\"https:\/\/glareone.eu\/cs\/en\/#\/schema\/logo\/image\/\",\"url\":\"http:\/\/glareone.eu\/wp-content\/uploads\/2024\/05\/glareone_logo2020_RGB-01-e1715773127189.png\",\"contentUrl\":\"http:\/\/glareone.eu\/wp-content\/uploads\/2024\/05\/glareone_logo2020_RGB-01-e1715773127189.png\",\"width\":1270,\"height\":321,\"caption\":\"GlareOne\"},\"image\":{\"@id\":\"https:\/\/glareone.eu\/cs\/en\/#\/schema\/logo\/image\/\"},\"sameAs\":[\"https:\/\/www.facebook.com\/GlareOneLighting\",\"https:\/\/www.instagram.com\/glareonelighting\/\",\"https:\/\/www.youtube.com\/@GlareOneTV\"]}]}<\/script>\n<!-- \/ Yoast SEO plugin. -->","yoast_head_json":{"title":"Kontinu\u00e1ln\u00ed LED sv\u011btlo - GlareOne","description":"Kontinu\u00e1ln\u00ed LED sv\u011btlo zaji\u0161\u0165uje pohodlnou a efektivn\u00ed pr\u00e1ci na foto a filmov\u00fdch studi\u00edch. LED lampy, LED panely, sv\u011bteln\u00e9 me\u010de.","robots":{"index":"index","follow":"follow","max-snippet":"max-snippet:-1","max-image-preview":"max-image-preview:large","max-video-preview":"max-video-preview:-1"},"canonical":"https:\/\/glareone.eu\/cs\/produkty\/kontinualni-led-svetlo\/","og_locale":"cs_CZ","og_type":"article","og_title":"Kontinu\u00e1ln\u00ed LED sv\u011btlo - GlareOne","og_description":"Kontinu\u00e1ln\u00ed LED sv\u011btlo zaji\u0161\u0165uje pohodlnou a efektivn\u00ed pr\u00e1ci na foto a filmov\u00fdch studi\u00edch. LED lampy, LED panely, sv\u011bteln\u00e9 me\u010de.","og_url":"https:\/\/glareone.eu\/cs\/produkty\/kontinualni-led-svetlo\/","og_site_name":"GlareOne","article_publisher":"https:\/\/www.facebook.com\/GlareOneLighting","article_modified_time":"2025-08-12T10:29:22+00:00","twitter_card":"summary_large_image","twitter_misc":{"Odhadovan\u00e1 doba \u010dten\u00ed":"1 minuta"},"schema":{"@context":"https:\/\/schema.org","@graph":[{"@type":"WebPage","@id":"https:\/\/glareone.eu\/cs\/produkty\/kontinualni-led-svetlo\/","url":"https:\/\/glareone.eu\/cs\/produkty\/kontinualni-led-svetlo\/","name":"Kontinu\u00e1ln\u00ed LED sv\u011btlo - GlareOne","isPartOf":{"@id":"https:\/\/glareone.eu\/cs\/en\/#website"},"datePublished":"2024-04-25T11:27:53+00:00","dateModified":"2025-08-12T10:29:22+00:00","description":"Kontinu\u00e1ln\u00ed LED sv\u011btlo zaji\u0161\u0165uje pohodlnou a efektivn\u00ed pr\u00e1ci na foto a filmov\u00fdch studi\u00edch. LED lampy, LED panely, sv\u011bteln\u00e9 me\u010de.","breadcrumb":{"@id":"https:\/\/glareone.eu\/cs\/produkty\/kontinualni-led-svetlo\/#breadcrumb"},"inLanguage":"cs","potentialAction":[{"@type":"ReadAction","target":["https:\/\/glareone.eu\/cs\/produkty\/kontinualni-led-svetlo\/"]}]},{"@type":"BreadcrumbList","@id":"https:\/\/glareone.eu\/cs\/produkty\/kontinualni-led-svetlo\/#breadcrumb","itemListElement":[{"@type":"ListItem","position":1,"name":"Strona g\u0142\u00f3wna","item":"https:\/\/glareone.eu\/cs\/"},{"@type":"ListItem","position":2,"name":"Produkty","item":"https:\/\/glareone.eu\/cs\/produkty\/"},{"@type":"ListItem","position":3,"name":"Kontinu\u00e1ln\u00ed LED sv\u011btlo"}]},{"@type":"WebSite","@id":"https:\/\/glareone.eu\/cs\/en\/#website","url":"https:\/\/glareone.eu\/cs\/en\/","name":"GlareOne","description":"Wyposa\u017cenie Studia","publisher":{"@id":"https:\/\/glareone.eu\/cs\/en\/#organization"},"potentialAction":[{"@type":"SearchAction","target":{"@type":"EntryPoint","urlTemplate":"https:\/\/glareone.eu\/cs\/en\/?s={search_term_string}"},"query-input":{"@type":"PropertyValueSpecification","valueRequired":true,"valueName":"search_term_string"}}],"inLanguage":"cs"},{"@type":"Organization","@id":"https:\/\/glareone.eu\/cs\/en\/#organization","name":"GlareOne","url":"https:\/\/glareone.eu\/cs\/en\/","logo":{"@type":"ImageObject","inLanguage":"cs","@id":"https:\/\/glareone.eu\/cs\/en\/#\/schema\/logo\/image\/","url":"http:\/\/glareone.eu\/wp-content\/uploads\/2024\/05\/glareone_logo2020_RGB-01-e1715773127189.png","contentUrl":"http:\/\/glareone.eu\/wp-content\/uploads\/2024\/05\/glareone_logo2020_RGB-01-e1715773127189.png","width":1270,"height":321,"caption":"GlareOne"},"image":{"@id":"https:\/\/glareone.eu\/cs\/en\/#\/schema\/logo\/image\/"},"sameAs":["https:\/\/www.facebook.com\/GlareOneLighting","https:\/\/www.instagram.com\/glareonelighting\/","https:\/\/www.youtube.com\/@GlareOneTV"]}]}},"_links":{"self":[{"href":"https:\/\/glareone.eu\/cs\/wp-json\/wp\/v2\/pages\/21374","targetHints":{"allow":["GET"]}}],"collection":[{"href":"https:\/\/glareone.eu\/cs\/wp-json\/wp\/v2\/pages"}],"about":[{"href":"https:\/\/glareone.eu\/cs\/wp-json\/wp\/v2\/types\/page"}],"author":[{"embeddable":true,"href":"https:\/\/glareone.eu\/cs\/wp-json\/wp\/v2\/users\/2"}],"replies":[{"embeddable":true,"href":"https:\/\/glareone.eu\/cs\/wp-json\/wp\/v2\/comments?post=21374"}],"version-history":[{"count":3,"href":"https:\/\/glareone.eu\/cs\/wp-json\/wp\/v2\/pages\/21374\/revisions"}],"predecessor-version":[{"id":22007,"href":"https:\/\/glareone.eu\/cs\/wp-json\/wp\/v2\/pages\/21374\/revisions\/22007"}],"up":[{"embeddable":true,"href":"https:\/\/glareone.eu\/cs\/wp-json\/wp\/v2\/pages\/21343"}],"wp:attachment":[{"href":"https:\/\/glareone.eu\/cs\/wp-json\/wp\/v2\/media?parent=21374"}],"curies":[{"name":"wp","href":"https:\/\/api.w.org\/{rel}","templated":true}]}}