{"id":21338,"date":"2025-02-04T08:08:24","date_gmt":"2025-02-04T08:08:24","guid":{"rendered":"https:\/\/glareone.eu\/studio-flash\/"},"modified":"2025-08-12T10:13:55","modified_gmt":"2025-08-12T10:13:55","slug":"zableskove-lampy","status":"publish","type":"page","link":"https:\/\/glareone.eu\/cs\/produkty\/studiovy-a-akumulatorovy-blesk\/zableskove-lampy\/","title":{"rendered":"Z\u00e1bleskov\u00e9 lampy"},"content":{"rendered":"<div  class='flex_column av-1rw0ry-bea76e6eae6a4e5f4a58aa49434699e5 av_one_full  avia-builder-el-0  el_before_av_section  avia-builder-el-no-sibling  first flex_column_div  '     ><style type=\"text\/css\" data-created_by=\"avia_inline_auto\" id=\"style-css-av-luzojory-164ee1b3bc468e616b73f24959c3b336\">\n#top .av-special-heading.av-luzojory-164ee1b3bc468e616b73f24959c3b336{\npadding-bottom:10px;\n}\nbody .av-special-heading.av-luzojory-164ee1b3bc468e616b73f24959c3b336 .av-special-heading-tag .heading-char{\nfont-size:25px;\n}\n.av-special-heading.av-luzojory-164ee1b3bc468e616b73f24959c3b336 .av-subheading{\nfont-size:15px;\n}\n<\/style>\n<div  class='av-special-heading av-luzojory-164ee1b3bc468e616b73f24959c3b336 av-special-heading-h2 blockquote modern-quote modern-centered  avia-builder-el-1  avia-builder-el-no-sibling '><h2 class='av-special-heading-tag'  itemprop=\"headline\"  >Z\u00e1bleskov\u00e9 lampy<\/h2><div class=\"special-heading-border\"><div class=\"special-heading-inner-border\"><\/div><\/div><\/div><\/div>\n<\/div><\/div><\/div><!-- close content main div --><\/div><\/div><div id='homeproductcategorylist'  class='avia-section av-1lv8ri-94017da8535ef3245dc7c747be8a10d3 main_color avia-section-default avia-no-border-styling  avia-builder-el-2  el_after_av_one_full  avia-builder-el-last  avia-bg-style-scroll container_wrap fullsize'  ><div class='container av-section-cont-open' ><div class='template-page content  av-content-full alpha units'><div class='post-entry post-entry-type-page post-entry-21338'><div class='entry-content-wrapper clearfix'>\n\n<style type=\"text\/css\" data-created_by=\"avia_inline_auto\" id=\"style-css-av-14rufy-fffc5f911753f61933687112e042b850\">\n.flex_column.av-14rufy-fffc5f911753f61933687112e042b850{\nwidth:49%;\n}\n<\/style>\n<div  class='flex_column av-14rufy-fffc5f911753f61933687112e042b850 av_one_half  avia-builder-el-3  el_before_av_one_half  avia-builder-el-first  categoryBox first flex_column_div  '     ><p>\n<style type=\"text\/css\" data-created_by=\"avia_inline_auto\" id=\"style-css-av-uotrq-2ded8d87c7ead5742dfe947792c46759\">\n.avia-image-container.av-uotrq-2ded8d87c7ead5742dfe947792c46759 img.avia_image{\nbox-shadow:none;\n}\n.avia-image-container.av-uotrq-2ded8d87c7ead5742dfe947792c46759 .av-image-caption-overlay-center{\ncolor:#ffffff;\n}\n<\/style>\n<div  class='avia-image-container av-uotrq-2ded8d87c7ead5742dfe947792c46759 av-styling-no-styling av-img-linked avia-align-center  avia-builder-el-4  el_before_av_textblock  avia-builder-el-first  categoryBoxImage'   itemprop=\"image\" itemscope=\"itemscope\" itemtype=\"https:\/\/schema.org\/ImageObject\" ><div class=\"avia-image-container-inner\"><div class=\"avia-image-overlay-wrap\"><a href=\"https:\/\/glareone.eu\/cs\/produkty\/studiovy-a-akumulatorovy-blesk\/zableskove-lampy\/antares\/\" class='avia_image '  aria-label='antares'><img decoding=\"async\" fetchpriority=\"high\" class='wp-image-21504 avia-img-lazy-loading-not-21504 avia_image ' src=\"https:\/\/glareone.eu\/wp-content\/uploads\/2024\/04\/antares.png\" alt='' title='antares'  height=\"283\" width=\"260\"  itemprop=\"thumbnailUrl\"  \/><\/a><\/div><\/div><\/div><br \/>\n<section  class='av_textblock_section av-luzok5ee-edc5bf8fc7356ab821438abfc93afa7e '   itemscope=\"itemscope\" itemtype=\"https:\/\/schema.org\/CreativeWork\" ><div class='avia_textblock categoryBoxTitle'  itemprop=\"text\" ><h3 style=\"text-align: center;\"><a href=\"https:\/\/glareone.eu\/cs\/produkty\/studiovy-a-akumulatorovy-blesk\/zableskove-lampy\/antares\/\">Antares<\/a><\/h3>\n<\/div><\/section><\/p><\/div>\n<style type=\"text\/css\" data-created_by=\"avia_inline_auto\" id=\"style-css-av-1dlsfi-74cecc04d08a0e2002a30d51d202a582\">\n.flex_column.av-1dlsfi-74cecc04d08a0e2002a30d51d202a582{\nwidth:49%;\nmargin-left:2%;\n}\n<\/style>\n<div  class='flex_column av-1dlsfi-74cecc04d08a0e2002a30d51d202a582 av_one_half  avia-builder-el-6  el_after_av_one_half  el_before_av_hr  categoryBox flex_column_div  '     ><p>\n<style type=\"text\/css\" data-created_by=\"avia_inline_auto\" id=\"style-css-av-1bah7a-9094d928e348a859aeb8e1d7dcee3444\">\n.avia-image-container.av-1bah7a-9094d928e348a859aeb8e1d7dcee3444 img.avia_image{\nbox-shadow:none;\n}\n.avia-image-container.av-1bah7a-9094d928e348a859aeb8e1d7dcee3444 .av-image-caption-overlay-center{\ncolor:#ffffff;\n}\n<\/style>\n<div  class='avia-image-container av-1bah7a-9094d928e348a859aeb8e1d7dcee3444 av-styling-no-styling av-img-linked avia-align-center  avia-builder-el-7  el_before_av_textblock  avia-builder-el-first  categoryBoxImage'   itemprop=\"image\" itemscope=\"itemscope\" itemtype=\"https:\/\/schema.org\/ImageObject\" ><div class=\"avia-image-container-inner\"><div class=\"avia-image-overlay-wrap\"><a href=\"https:\/\/glareone.eu\/cs\/produkty\/studiovy-a-akumulatorovy-blesk\/zableskove-lampy\/vega\/\" class='avia_image '  aria-label='vega'><img decoding=\"async\" fetchpriority=\"high\" class='wp-image-21503 avia-img-lazy-loading-not-21503 avia_image ' src=\"https:\/\/glareone.eu\/wp-content\/uploads\/2024\/04\/vega.png\" alt='' title='vega'  height=\"283\" width=\"260\"  itemprop=\"thumbnailUrl\"  \/><\/a><\/div><\/div><\/div><br \/>\n<section  class='av_textblock_section av-luzojxyc-63308dfb64ce2765a9168e0d519fa456 '   itemscope=\"itemscope\" itemtype=\"https:\/\/schema.org\/CreativeWork\" ><div class='avia_textblock categoryBoxTitle'  itemprop=\"text\" ><h3 style=\"text-align: center;\"><a href=\"https:\/\/glareone.eu\/cs\/produkty\/studiovy-a-akumulatorovy-blesk\/zableskove-lampy\/vega\/\">Vega<\/a><\/h3>\n<\/div><\/section><\/p><\/div><div  class='hr av-90tiu-f4432d6c644b201406f7d77a4683df01 hr-default  avia-builder-el-9  el_after_av_one_half  avia-builder-el-last '><span class='hr-inner '><span class=\"hr-inner-style\"><\/span><\/span><\/div>\n\n","protected":false},"excerpt":{"rendered":"","protected":false},"author":4,"featured_media":0,"parent":21362,"menu_order":0,"comment_status":"open","ping_status":"closed","template":"","meta":{"footnotes":""},"class_list":["post-21338","page","type-page","status-publish","hentry"],"yoast_head":"<!-- This site is optimized with the Yoast SEO plugin v27.2 - https:\/\/yoast.com\/product\/yoast-seo-wordpress\/ -->\n<title>Z\u00e1bleskov\u00e9 lampy - GlareOne<\/title>\n<meta name=\"description\" content=\"Studiov\u00e9 blesky GlareOne pro za\u010d\u00ednaj\u00edc\u00ed i zku\u0161en\u00e9 fotografy. Vybaven\u00e9 pilotn\u00edm sv\u011btlem a mont\u00e1\u017e\u00ed typu Bowens.\" \/>\n<meta name=\"robots\" content=\"index, follow, max-snippet:-1, max-image-preview:large, max-video-preview:-1\" \/>\n<link rel=\"canonical\" href=\"https:\/\/glareone.eu\/cs\/produkty\/studiovy-a-akumulatorovy-blesk\/zableskove-lampy\/\" \/>\n<meta property=\"og:locale\" content=\"cs_CZ\" \/>\n<meta property=\"og:type\" content=\"article\" \/>\n<meta property=\"og:title\" content=\"Z\u00e1bleskov\u00e9 lampy - GlareOne\" \/>\n<meta property=\"og:description\" content=\"Studiov\u00e9 blesky GlareOne pro za\u010d\u00ednaj\u00edc\u00ed i zku\u0161en\u00e9 fotografy. Vybaven\u00e9 pilotn\u00edm sv\u011btlem a mont\u00e1\u017e\u00ed typu Bowens.\" \/>\n<meta property=\"og:url\" content=\"https:\/\/glareone.eu\/cs\/produkty\/studiovy-a-akumulatorovy-blesk\/zableskove-lampy\/\" \/>\n<meta property=\"og:site_name\" content=\"GlareOne\" \/>\n<meta property=\"article:publisher\" content=\"https:\/\/www.facebook.com\/GlareOneLighting\" \/>\n<meta property=\"article:modified_time\" content=\"2025-08-12T10:13:55+00:00\" \/>\n<meta name=\"twitter:card\" content=\"summary_large_image\" \/>\n<meta name=\"twitter:label1\" content=\"Odhadovan\u00e1 doba \u010dten\u00ed\" \/>\n\t<meta name=\"twitter:data1\" content=\"1 minuta\" \/>\n<script type=\"application\/ld+json\" class=\"yoast-schema-graph\">{\"@context\":\"https:\/\/schema.org\",\"@graph\":[{\"@type\":\"WebPage\",\"@id\":\"https:\/\/glareone.eu\/cs\/produkty\/studiovy-a-akumulatorovy-blesk\/zableskove-lampy\/\",\"url\":\"https:\/\/glareone.eu\/cs\/produkty\/studiovy-a-akumulatorovy-blesk\/zableskove-lampy\/\",\"name\":\"Z\u00e1bleskov\u00e9 lampy - GlareOne\",\"isPartOf\":{\"@id\":\"https:\/\/glareone.eu\/cs\/en\/#website\"},\"datePublished\":\"2025-02-04T08:08:24+00:00\",\"dateModified\":\"2025-08-12T10:13:55+00:00\",\"description\":\"Studiov\u00e9 blesky GlareOne pro za\u010d\u00ednaj\u00edc\u00ed i zku\u0161en\u00e9 fotografy. Vybaven\u00e9 pilotn\u00edm sv\u011btlem a mont\u00e1\u017e\u00ed typu Bowens.\",\"breadcrumb\":{\"@id\":\"https:\/\/glareone.eu\/cs\/produkty\/studiovy-a-akumulatorovy-blesk\/zableskove-lampy\/#breadcrumb\"},\"inLanguage\":\"cs\",\"potentialAction\":[{\"@type\":\"ReadAction\",\"target\":[\"https:\/\/glareone.eu\/cs\/produkty\/studiovy-a-akumulatorovy-blesk\/zableskove-lampy\/\"]}]},{\"@type\":\"BreadcrumbList\",\"@id\":\"https:\/\/glareone.eu\/cs\/produkty\/studiovy-a-akumulatorovy-blesk\/zableskove-lampy\/#breadcrumb\",\"itemListElement\":[{\"@type\":\"ListItem\",\"position\":1,\"name\":\"Strona g\u0142\u00f3wna\",\"item\":\"https:\/\/glareone.eu\/cs\/\"},{\"@type\":\"ListItem\",\"position\":2,\"name\":\"Produkty\",\"item\":\"https:\/\/glareone.eu\/cs\/produkty\/\"},{\"@type\":\"ListItem\",\"position\":3,\"name\":\"Studiov\u00fd a akumul\u00e1torov\u00fd blesk\",\"item\":\"https:\/\/glareone.eu\/cs\/produkty\/studiovy-a-akumulatorovy-blesk\/\"},{\"@type\":\"ListItem\",\"position\":4,\"name\":\"Z\u00e1bleskov\u00e9 lampy\"}]},{\"@type\":\"WebSite\",\"@id\":\"https:\/\/glareone.eu\/cs\/en\/#website\",\"url\":\"https:\/\/glareone.eu\/cs\/en\/\",\"name\":\"GlareOne\",\"description\":\"Wyposa\u017cenie Studia\",\"publisher\":{\"@id\":\"https:\/\/glareone.eu\/cs\/en\/#organization\"},\"potentialAction\":[{\"@type\":\"SearchAction\",\"target\":{\"@type\":\"EntryPoint\",\"urlTemplate\":\"https:\/\/glareone.eu\/cs\/en\/?s={search_term_string}\"},\"query-input\":{\"@type\":\"PropertyValueSpecification\",\"valueRequired\":true,\"valueName\":\"search_term_string\"}}],\"inLanguage\":\"cs\"},{\"@type\":\"Organization\",\"@id\":\"https:\/\/glareone.eu\/cs\/en\/#organization\",\"name\":\"GlareOne\",\"url\":\"https:\/\/glareone.eu\/cs\/en\/\",\"logo\":{\"@type\":\"ImageObject\",\"inLanguage\":\"cs\",\"@id\":\"https:\/\/glareone.eu\/cs\/en\/#\/schema\/logo\/image\/\",\"url\":\"http:\/\/glareone.eu\/wp-content\/uploads\/2024\/05\/glareone_logo2020_RGB-01-e1715773127189.png\",\"contentUrl\":\"http:\/\/glareone.eu\/wp-content\/uploads\/2024\/05\/glareone_logo2020_RGB-01-e1715773127189.png\",\"width\":1270,\"height\":321,\"caption\":\"GlareOne\"},\"image\":{\"@id\":\"https:\/\/glareone.eu\/cs\/en\/#\/schema\/logo\/image\/\"},\"sameAs\":[\"https:\/\/www.facebook.com\/GlareOneLighting\",\"https:\/\/www.instagram.com\/glareonelighting\/\",\"https:\/\/www.youtube.com\/@GlareOneTV\"]}]}<\/script>\n<!-- \/ Yoast SEO plugin. -->","yoast_head_json":{"title":"Z\u00e1bleskov\u00e9 lampy - GlareOne","description":"Studiov\u00e9 blesky GlareOne pro za\u010d\u00ednaj\u00edc\u00ed i zku\u0161en\u00e9 fotografy. Vybaven\u00e9 pilotn\u00edm sv\u011btlem a mont\u00e1\u017e\u00ed typu Bowens.","robots":{"index":"index","follow":"follow","max-snippet":"max-snippet:-1","max-image-preview":"max-image-preview:large","max-video-preview":"max-video-preview:-1"},"canonical":"https:\/\/glareone.eu\/cs\/produkty\/studiovy-a-akumulatorovy-blesk\/zableskove-lampy\/","og_locale":"cs_CZ","og_type":"article","og_title":"Z\u00e1bleskov\u00e9 lampy - GlareOne","og_description":"Studiov\u00e9 blesky GlareOne pro za\u010d\u00ednaj\u00edc\u00ed i zku\u0161en\u00e9 fotografy. Vybaven\u00e9 pilotn\u00edm sv\u011btlem a mont\u00e1\u017e\u00ed typu Bowens.","og_url":"https:\/\/glareone.eu\/cs\/produkty\/studiovy-a-akumulatorovy-blesk\/zableskove-lampy\/","og_site_name":"GlareOne","article_publisher":"https:\/\/www.facebook.com\/GlareOneLighting","article_modified_time":"2025-08-12T10:13:55+00:00","twitter_card":"summary_large_image","twitter_misc":{"Odhadovan\u00e1 doba \u010dten\u00ed":"1 minuta"},"schema":{"@context":"https:\/\/schema.org","@graph":[{"@type":"WebPage","@id":"https:\/\/glareone.eu\/cs\/produkty\/studiovy-a-akumulatorovy-blesk\/zableskove-lampy\/","url":"https:\/\/glareone.eu\/cs\/produkty\/studiovy-a-akumulatorovy-blesk\/zableskove-lampy\/","name":"Z\u00e1bleskov\u00e9 lampy - GlareOne","isPartOf":{"@id":"https:\/\/glareone.eu\/cs\/en\/#website"},"datePublished":"2025-02-04T08:08:24+00:00","dateModified":"2025-08-12T10:13:55+00:00","description":"Studiov\u00e9 blesky GlareOne pro za\u010d\u00ednaj\u00edc\u00ed i zku\u0161en\u00e9 fotografy. Vybaven\u00e9 pilotn\u00edm sv\u011btlem a mont\u00e1\u017e\u00ed typu Bowens.","breadcrumb":{"@id":"https:\/\/glareone.eu\/cs\/produkty\/studiovy-a-akumulatorovy-blesk\/zableskove-lampy\/#breadcrumb"},"inLanguage":"cs","potentialAction":[{"@type":"ReadAction","target":["https:\/\/glareone.eu\/cs\/produkty\/studiovy-a-akumulatorovy-blesk\/zableskove-lampy\/"]}]},{"@type":"BreadcrumbList","@id":"https:\/\/glareone.eu\/cs\/produkty\/studiovy-a-akumulatorovy-blesk\/zableskove-lampy\/#breadcrumb","itemListElement":[{"@type":"ListItem","position":1,"name":"Strona g\u0142\u00f3wna","item":"https:\/\/glareone.eu\/cs\/"},{"@type":"ListItem","position":2,"name":"Produkty","item":"https:\/\/glareone.eu\/cs\/produkty\/"},{"@type":"ListItem","position":3,"name":"Studiov\u00fd a akumul\u00e1torov\u00fd blesk","item":"https:\/\/glareone.eu\/cs\/produkty\/studiovy-a-akumulatorovy-blesk\/"},{"@type":"ListItem","position":4,"name":"Z\u00e1bleskov\u00e9 lampy"}]},{"@type":"WebSite","@id":"https:\/\/glareone.eu\/cs\/en\/#website","url":"https:\/\/glareone.eu\/cs\/en\/","name":"GlareOne","description":"Wyposa\u017cenie Studia","publisher":{"@id":"https:\/\/glareone.eu\/cs\/en\/#organization"},"potentialAction":[{"@type":"SearchAction","target":{"@type":"EntryPoint","urlTemplate":"https:\/\/glareone.eu\/cs\/en\/?s={search_term_string}"},"query-input":{"@type":"PropertyValueSpecification","valueRequired":true,"valueName":"search_term_string"}}],"inLanguage":"cs"},{"@type":"Organization","@id":"https:\/\/glareone.eu\/cs\/en\/#organization","name":"GlareOne","url":"https:\/\/glareone.eu\/cs\/en\/","logo":{"@type":"ImageObject","inLanguage":"cs","@id":"https:\/\/glareone.eu\/cs\/en\/#\/schema\/logo\/image\/","url":"http:\/\/glareone.eu\/wp-content\/uploads\/2024\/05\/glareone_logo2020_RGB-01-e1715773127189.png","contentUrl":"http:\/\/glareone.eu\/wp-content\/uploads\/2024\/05\/glareone_logo2020_RGB-01-e1715773127189.png","width":1270,"height":321,"caption":"GlareOne"},"image":{"@id":"https:\/\/glareone.eu\/cs\/en\/#\/schema\/logo\/image\/"},"sameAs":["https:\/\/www.facebook.com\/GlareOneLighting","https:\/\/www.instagram.com\/glareonelighting\/","https:\/\/www.youtube.com\/@GlareOneTV"]}]}},"_links":{"self":[{"href":"https:\/\/glareone.eu\/cs\/wp-json\/wp\/v2\/pages\/21338","targetHints":{"allow":["GET"]}}],"collection":[{"href":"https:\/\/glareone.eu\/cs\/wp-json\/wp\/v2\/pages"}],"about":[{"href":"https:\/\/glareone.eu\/cs\/wp-json\/wp\/v2\/types\/page"}],"author":[{"embeddable":true,"href":"https:\/\/glareone.eu\/cs\/wp-json\/wp\/v2\/users\/4"}],"replies":[{"embeddable":true,"href":"https:\/\/glareone.eu\/cs\/wp-json\/wp\/v2\/comments?post=21338"}],"version-history":[{"count":4,"href":"https:\/\/glareone.eu\/cs\/wp-json\/wp\/v2\/pages\/21338\/revisions"}],"predecessor-version":[{"id":21973,"href":"https:\/\/glareone.eu\/cs\/wp-json\/wp\/v2\/pages\/21338\/revisions\/21973"}],"up":[{"embeddable":true,"href":"https:\/\/glareone.eu\/cs\/wp-json\/wp\/v2\/pages\/21362"}],"wp:attachment":[{"href":"https:\/\/glareone.eu\/cs\/wp-json\/wp\/v2\/media?parent=21338"}],"curies":[{"name":"wp","href":"https:\/\/api.w.org\/{rel}","templated":true}]}}