{"id":21195,"date":"2024-04-25T11:45:36","date_gmt":"2024-04-25T11:45:36","guid":{"rendered":"https:\/\/glareone.eu\/modifikatory-svetla\/softboxy\/"},"modified":"2025-08-12T10:30:52","modified_gmt":"2025-08-12T10:30:52","slug":"softboxy","status":"publish","type":"page","link":"https:\/\/glareone.eu\/cs\/produkty\/modifikatory-svetla\/softboxy\/","title":{"rendered":"Softboxy"},"content":{"rendered":"<div  class='flex_column av-1rw0ry-bea76e6eae6a4e5f4a58aa49434699e5 av_one_full  avia-builder-el-0  el_before_av_section  avia-builder-el-no-sibling  first flex_column_div  '     ><style type=\"text\/css\" data-created_by=\"avia_inline_auto\" id=\"style-css-av-luzojory-f47db3fa7606c87681a89d513506f646\">\n#top .av-special-heading.av-luzojory-f47db3fa7606c87681a89d513506f646{\npadding-bottom:10px;\n}\nbody .av-special-heading.av-luzojory-f47db3fa7606c87681a89d513506f646 .av-special-heading-tag .heading-char{\nfont-size:25px;\n}\n.av-special-heading.av-luzojory-f47db3fa7606c87681a89d513506f646 .av-subheading{\nfont-size:15px;\n}\n<\/style>\n<div  class='av-special-heading av-luzojory-f47db3fa7606c87681a89d513506f646 av-special-heading-h2 blockquote modern-quote modern-centered  avia-builder-el-1  avia-builder-el-no-sibling '><h2 class='av-special-heading-tag'  itemprop=\"headline\"  >Softboxy<\/h2><div class=\"special-heading-border\"><div class=\"special-heading-inner-border\"><\/div><\/div><\/div><\/div>\n<\/div><\/div><\/div><!-- close content main div --><\/div><\/div><div id='homeproductcategorylist'  class='avia-section av-1lv8ri-94017da8535ef3245dc7c747be8a10d3 main_color avia-section-default avia-no-border-styling  avia-builder-el-2  el_after_av_one_full  el_before_av_section  avia-bg-style-scroll container_wrap fullsize'  ><div class='container av-section-cont-open' ><div class='template-page content  av-content-full alpha units'><div class='post-entry post-entry-type-page post-entry-21195'><div class='entry-content-wrapper clearfix'>\n\n<style type=\"text\/css\" data-created_by=\"avia_inline_auto\" id=\"style-css-av-2taz6h-3151ec9b2090b434b1104cd21240d124\">\n.flex_column.av-2taz6h-3151ec9b2090b434b1104cd21240d124{\nwidth:32%;\n}\n<\/style>\n<div  class='flex_column av-2taz6h-3151ec9b2090b434b1104cd21240d124 av_one_third  avia-builder-el-3  el_before_av_one_third  avia-builder-el-first  categoryBox first flex_column_div  '     ><p>\n<style type=\"text\/css\" data-created_by=\"avia_inline_auto\" id=\"style-css-av-lvf5s63k-0207312c4a3e54b5a8babc5da513611c\">\n.avia-image-container.av-lvf5s63k-0207312c4a3e54b5a8babc5da513611c img.avia_image{\nbox-shadow:none;\n}\n.avia-image-container.av-lvf5s63k-0207312c4a3e54b5a8babc5da513611c .av-image-caption-overlay-center{\ncolor:#ffffff;\n}\n<\/style>\n<div  class='avia-image-container av-lvf5s63k-0207312c4a3e54b5a8babc5da513611c av-styling-no-styling av-img-linked avia-align-center  avia-builder-el-4  el_before_av_textblock  avia-builder-el-first  categoryBoxImage'   itemprop=\"image\" itemscope=\"itemscope\" itemtype=\"https:\/\/schema.org\/ImageObject\" ><div class=\"avia-image-container-inner\"><div class=\"avia-image-overlay-wrap\"><a href=\"https:\/\/glareone.eu\/cs\/produkty\/modifikatory-svetla\/softboxy\/softboxy-pro\/\" class='avia_image '  aria-label='softbox pro'><img decoding=\"async\" fetchpriority=\"high\" class='wp-image-21196 avia-img-lazy-loading-not-21196 avia_image ' src=\"https:\/\/glareone.eu\/wp-content\/uploads\/2024\/05\/softbox-pro.png\" alt='' title='softbox pro'  height=\"283\" width=\"260\"  itemprop=\"thumbnailUrl\"  \/><\/a><\/div><\/div><\/div><br \/>\n<section  class='av_textblock_section av-lvf5hao8-eacdacdb29df53783c6ddf9ee4af3ae8 '   itemscope=\"itemscope\" itemtype=\"https:\/\/schema.org\/CreativeWork\" ><div class='avia_textblock categoryBoxTitle'  itemprop=\"text\" ><h3 style=\"text-align: center;\"><a href=\"https:\/\/glareone.eu\/cs\/produkty\/modifikatory-svetla\/softboxy\/softboxy-pro\/\">PRO<\/a><\/h3>\n<\/div><\/section><\/p><\/div>\n<style type=\"text\/css\" data-created_by=\"avia_inline_auto\" id=\"style-css-av-arbm6x-255290e0c75b382920dee7e975d17e7e\">\n.flex_column.av-arbm6x-255290e0c75b382920dee7e975d17e7e{\nwidth:32%;\nmargin-left:2%;\n}\n<\/style>\n<div  class='flex_column av-arbm6x-255290e0c75b382920dee7e975d17e7e av_one_third  avia-builder-el-6  el_after_av_one_third  el_before_av_one_third  categoryBox flex_column_div  '     ><p>\n<style type=\"text\/css\" data-created_by=\"avia_inline_auto\" id=\"style-css-av-92b449-0f0d0d3ab0125da9e872ec2f0e803cbe\">\n.avia-image-container.av-92b449-0f0d0d3ab0125da9e872ec2f0e803cbe img.avia_image{\nbox-shadow:none;\n}\n.avia-image-container.av-92b449-0f0d0d3ab0125da9e872ec2f0e803cbe .av-image-caption-overlay-center{\ncolor:#ffffff;\n}\n<\/style>\n<div  class='avia-image-container av-92b449-0f0d0d3ab0125da9e872ec2f0e803cbe av-styling-no-styling av-img-linked avia-align-center  avia-builder-el-7  el_before_av_textblock  avia-builder-el-first  categoryBoxImage'   itemprop=\"image\" itemscope=\"itemscope\" itemtype=\"https:\/\/schema.org\/ImageObject\" ><div class=\"avia-image-container-inner\"><div class=\"avia-image-overlay-wrap\"><a href=\"https:\/\/glareone.eu\/cs\/produkty\/modifikatory-svetla\/softboxy\/easy-fold\/\" class='avia_image '  aria-label='softbox easy fold'><img decoding=\"async\" fetchpriority=\"high\" class='wp-image-21198 avia-img-lazy-loading-not-21198 avia_image ' src=\"https:\/\/glareone.eu\/wp-content\/uploads\/2024\/05\/softbox-easy-fold.png\" alt='' title='softbox easy fold'  height=\"283\" width=\"260\"  itemprop=\"thumbnailUrl\"  \/><\/a><\/div><\/div><\/div><br \/>\n<section  class='av_textblock_section av-lvxp5ra4-b833833e9d2e8a0986ffbb8926e52cd4 '   itemscope=\"itemscope\" itemtype=\"https:\/\/schema.org\/CreativeWork\" ><div class='avia_textblock categoryBoxTitle'  itemprop=\"text\" ><h3 style=\"text-align: center;\"><a href=\"https:\/\/glareone.eu\/cs\/produkty\/modifikatory-svetla\/softboxy\/easy-fold\/\">Easy Fold<\/a><\/h3>\n<\/div><\/section><\/p><\/div>\n<style type=\"text\/css\" data-created_by=\"avia_inline_auto\" id=\"style-css-av-753h1l-5a9af162839b355b33a9163c754c654b\">\n.flex_column.av-753h1l-5a9af162839b355b33a9163c754c654b{\nwidth:32%;\nmargin-left:2%;\n}\n<\/style>\n<div  class='flex_column av-753h1l-5a9af162839b355b33a9163c754c654b av_one_third  avia-builder-el-9  el_after_av_one_third  avia-builder-el-last  categoryBox flex_column_div  '     ><p>\n<style type=\"text\/css\" data-created_by=\"avia_inline_auto\" id=\"style-css-av-5tdd6x-487a21437b06377a5adfae78464c56eb\">\n.avia-image-container.av-5tdd6x-487a21437b06377a5adfae78464c56eb img.avia_image{\nbox-shadow:none;\n}\n.avia-image-container.av-5tdd6x-487a21437b06377a5adfae78464c56eb .av-image-caption-overlay-center{\ncolor:#ffffff;\n}\n<\/style>\n<div  class='avia-image-container av-5tdd6x-487a21437b06377a5adfae78464c56eb av-styling-no-styling av-img-linked avia-align-center  avia-builder-el-10  el_before_av_textblock  avia-builder-el-first  categoryBoxImage'   itemprop=\"image\" itemscope=\"itemscope\" itemtype=\"https:\/\/schema.org\/ImageObject\" ><div class=\"avia-image-container-inner\"><div class=\"avia-image-overlay-wrap\"><a href=\"https:\/\/glareone.eu\/cs\/produkty\/modifikatory-svetla\/softboxy\/strappo\/\" class='avia_image '  aria-label='softbox strappo'><img decoding=\"async\" fetchpriority=\"high\" class='wp-image-21199 avia-img-lazy-loading-not-21199 avia_image ' src=\"https:\/\/glareone.eu\/wp-content\/uploads\/2024\/05\/softbox-strappo.png\" alt='' title='softbox strappo'  height=\"283\" width=\"260\"  itemprop=\"thumbnailUrl\"  \/><\/a><\/div><\/div><\/div><br \/>\n<section  class='av_textblock_section av-lvxp7r3w-e2ae80ddf7305e2008d9a5369455612a '   itemscope=\"itemscope\" itemtype=\"https:\/\/schema.org\/CreativeWork\" ><div class='avia_textblock categoryBoxTitle'  itemprop=\"text\" ><h3 style=\"text-align: center;\"><a href=\"https:\/\/glareone.eu\/cs\/produkty\/modifikatory-svetla\/softboxy\/strappo\/\">Strappo<\/a><\/h3>\n<\/div><\/section><\/p><\/div><\/div><\/div><\/div><!-- close content main div --><\/div><\/div><div id='homeproductcategorylist'  class='avia-section av-b0qh9l-da55e2a0e7e16f6d3ae50b5cd160dcc1 main_color avia-section-default avia-no-border-styling  avia-builder-el-12  el_after_av_section  el_before_av_two_third  avia-bg-style-scroll container_wrap fullsize'  ><div class='container av-section-cont-open' ><div class='template-page content  av-content-full alpha units'><div class='post-entry post-entry-type-page post-entry-21195'><div class='entry-content-wrapper clearfix'>\n\n<style type=\"text\/css\" data-created_by=\"avia_inline_auto\" id=\"style-css-av-9b91mh-f5a23e445956ac42b9f2134562d54ea2\">\n.flex_column.av-9b91mh-f5a23e445956ac42b9f2134562d54ea2{\nwidth:32%;\n}\n<\/style>\n<div  class='flex_column av-9b91mh-f5a23e445956ac42b9f2134562d54ea2 av_one_third  avia-builder-el-13  el_before_av_one_third  avia-builder-el-first  categoryBox first flex_column_div  '     ><p>\n<style type=\"text\/css\" data-created_by=\"avia_inline_auto\" id=\"style-css-av-807su1-7c6e203bdfefdb2a1f2620ac1bc56762\">\n.avia-image-container.av-807su1-7c6e203bdfefdb2a1f2620ac1bc56762 img.avia_image{\nbox-shadow:none;\n}\n.avia-image-container.av-807su1-7c6e203bdfefdb2a1f2620ac1bc56762 .av-image-caption-overlay-center{\ncolor:#ffffff;\n}\n<\/style>\n<div  class='avia-image-container av-807su1-7c6e203bdfefdb2a1f2620ac1bc56762 av-styling-no-styling av-img-linked avia-align-center  avia-builder-el-14  el_before_av_textblock  avia-builder-el-first  categoryBoxImage'   itemprop=\"image\" itemscope=\"itemscope\" itemtype=\"https:\/\/schema.org\/ImageObject\" ><div class=\"avia-image-container-inner\"><div class=\"avia-image-overlay-wrap\"><a href=\"https:\/\/glareone.eu\/cs\/produkty\/modifikatory-svetla\/softboxy\/gridy\/\" class='avia_image '  aria-label='grid'><img decoding=\"async\" fetchpriority=\"high\" class='wp-image-21200 avia-img-lazy-loading-not-21200 avia_image ' src=\"https:\/\/glareone.eu\/wp-content\/uploads\/2024\/05\/grid.png\" alt='' title='grid'  height=\"283\" width=\"260\"  itemprop=\"thumbnailUrl\"  \/><\/a><\/div><\/div><\/div><br \/>\n<section  class='av_textblock_section av-5xijk9-f03c704f6213b345b848d9946a16f0df '   itemscope=\"itemscope\" itemtype=\"https:\/\/schema.org\/CreativeWork\" ><div class='avia_textblock categoryBoxTitle'  itemprop=\"text\" ><h3 style=\"text-align: center;\"><a href=\"https:\/\/glareone.eu\/cs\/produkty\/modifikatory-svetla\/softboxy\/gridy\/\">Gridy<\/a><\/h3>\n<\/div><\/section><\/p><\/div>\n<style type=\"text\/css\" data-created_by=\"avia_inline_auto\" id=\"style-css-av-ejowp-fdd59750ce7189e5c52dcacdf7e2f915\">\n.flex_column.av-ejowp-fdd59750ce7189e5c52dcacdf7e2f915{\nwidth:32%;\nmargin-left:2%;\n}\n<\/style>\n<div  class='flex_column av-ejowp-fdd59750ce7189e5c52dcacdf7e2f915 av_one_third  avia-builder-el-16  el_after_av_one_third  avia-builder-el-last  categoryBox flex_column_div  '     ><p>\n<style type=\"text\/css\" data-created_by=\"avia_inline_auto\" id=\"style-css-av-lw0lynw7-bb742f90bc8acf1d6d1703a9e971ce9f\">\n.avia-image-container.av-lw0lynw7-bb742f90bc8acf1d6d1703a9e971ce9f img.avia_image{\nbox-shadow:none;\n}\n.avia-image-container.av-lw0lynw7-bb742f90bc8acf1d6d1703a9e971ce9f .av-image-caption-overlay-center{\ncolor:#ffffff;\n}\n<\/style>\n<div  class='avia-image-container av-lw0lynw7-bb742f90bc8acf1d6d1703a9e971ce9f av-styling-no-styling av-img-linked avia-align-center  avia-builder-el-17  el_before_av_textblock  avia-builder-el-first  categoryBoxImage'   itemprop=\"image\" itemscope=\"itemscope\" itemtype=\"https:\/\/schema.org\/ImageObject\" ><div class=\"avia-image-container-inner\"><div class=\"avia-image-overlay-wrap\"><a href=\"https:\/\/glareone.eu\/cs\/produkty\/modifikatory-svetla\/softboxy\/ostatni-softboxy\/\" class='avia_image '  aria-label='parasol'><img decoding=\"async\" fetchpriority=\"high\" class='wp-image-21351 avia-img-lazy-loading-not-21351 avia_image ' src=\"https:\/\/glareone.eu\/wp-content\/uploads\/2024\/05\/parasol.png\" alt='' title='parasol'  height=\"283\" width=\"260\"  itemprop=\"thumbnailUrl\"  \/><\/a><\/div><\/div><\/div><br \/>\n<section  class='av_textblock_section av-23q715-3687b683fb8bdf604662462703c3c690 '   itemscope=\"itemscope\" itemtype=\"https:\/\/schema.org\/CreativeWork\" ><div class='avia_textblock categoryBoxTitle'  itemprop=\"text\" ><h3 style=\"text-align: center;\"><a href=\"https:\/\/glareone.eu\/cs\/produkty\/modifikatory-svetla\/softboxy\/ostatni-softboxy\/\">Ostatn\u00ed softboxy<\/a><\/h3>\n<\/div><\/section><\/p><\/div><\/div><\/div><\/div><!-- close content main div --><\/div><\/div><div id='after_section_2'  class='main_color av_default_container_wrap container_wrap fullsize'  ><div class='container av-section-cont-open' ><div class='template-page content  av-content-full alpha units'><div class='post-entry post-entry-type-page post-entry-21195'><div class='entry-content-wrapper clearfix'><div  class='flex_column av-2kbby1-db6fcae852f5f66235ff8451e24df2df av_two_third  avia-builder-el-19  el_after_av_section  avia-builder-el-no-sibling  first flex_column_div  '     ><\/div><\/p>\n","protected":false},"excerpt":{"rendered":"","protected":false},"author":4,"featured_media":0,"parent":21175,"menu_order":0,"comment_status":"open","ping_status":"closed","template":"","meta":{"footnotes":""},"class_list":["post-21195","page","type-page","status-publish","hentry"],"yoast_head":"<!-- This site is optimized with the Yoast SEO plugin v27.2 - https:\/\/yoast.com\/product\/yoast-seo-wordpress\/ -->\n<title>Softboxy - GlareOne<\/title>\n<meta name=\"description\" content=\"Reflektory a odrazy od GlareOne jsou modifik\u00e1tory sv\u011btla nezbytn\u00e9 pro pr\u00e1ci fotografa. Umo\u017e\u0148uj\u00ed v\u00e1m ovl\u00e1dat sv\u011btlo na place.\" \/>\n<meta name=\"robots\" content=\"index, follow, max-snippet:-1, max-image-preview:large, max-video-preview:-1\" \/>\n<link rel=\"canonical\" href=\"https:\/\/glareone.eu\/cs\/produkty\/modifikatory-svetla\/softboxy\/\" \/>\n<meta property=\"og:locale\" content=\"cs_CZ\" \/>\n<meta property=\"og:type\" content=\"article\" \/>\n<meta property=\"og:title\" content=\"Softboxy - GlareOne\" \/>\n<meta property=\"og:description\" content=\"Reflektory a odrazy od GlareOne jsou modifik\u00e1tory sv\u011btla nezbytn\u00e9 pro pr\u00e1ci fotografa. Umo\u017e\u0148uj\u00ed v\u00e1m ovl\u00e1dat sv\u011btlo na place.\" \/>\n<meta property=\"og:url\" content=\"https:\/\/glareone.eu\/cs\/produkty\/modifikatory-svetla\/softboxy\/\" \/>\n<meta property=\"og:site_name\" content=\"GlareOne\" \/>\n<meta property=\"article:publisher\" content=\"https:\/\/www.facebook.com\/GlareOneLighting\" \/>\n<meta property=\"article:modified_time\" content=\"2025-08-12T10:30:52+00:00\" \/>\n<meta name=\"twitter:card\" content=\"summary_large_image\" \/>\n<meta name=\"twitter:label1\" content=\"Odhadovan\u00e1 doba \u010dten\u00ed\" \/>\n\t<meta name=\"twitter:data1\" content=\"2 minuty\" \/>\n<script type=\"application\/ld+json\" class=\"yoast-schema-graph\">{\"@context\":\"https:\/\/schema.org\",\"@graph\":[{\"@type\":\"WebPage\",\"@id\":\"https:\/\/glareone.eu\/cs\/produkty\/modifikatory-svetla\/softboxy\/\",\"url\":\"https:\/\/glareone.eu\/cs\/produkty\/modifikatory-svetla\/softboxy\/\",\"name\":\"Softboxy - GlareOne\",\"isPartOf\":{\"@id\":\"https:\/\/glareone.eu\/cs\/en\/#website\"},\"datePublished\":\"2024-04-25T11:45:36+00:00\",\"dateModified\":\"2025-08-12T10:30:52+00:00\",\"description\":\"Reflektory a odrazy od GlareOne jsou modifik\u00e1tory sv\u011btla nezbytn\u00e9 pro pr\u00e1ci fotografa. Umo\u017e\u0148uj\u00ed v\u00e1m ovl\u00e1dat sv\u011btlo na place.\",\"breadcrumb\":{\"@id\":\"https:\/\/glareone.eu\/cs\/produkty\/modifikatory-svetla\/softboxy\/#breadcrumb\"},\"inLanguage\":\"cs\",\"potentialAction\":[{\"@type\":\"ReadAction\",\"target\":[\"https:\/\/glareone.eu\/cs\/produkty\/modifikatory-svetla\/softboxy\/\"]}]},{\"@type\":\"BreadcrumbList\",\"@id\":\"https:\/\/glareone.eu\/cs\/produkty\/modifikatory-svetla\/softboxy\/#breadcrumb\",\"itemListElement\":[{\"@type\":\"ListItem\",\"position\":1,\"name\":\"Strona g\u0142\u00f3wna\",\"item\":\"https:\/\/glareone.eu\/cs\/\"},{\"@type\":\"ListItem\",\"position\":2,\"name\":\"Produkty\",\"item\":\"https:\/\/glareone.eu\/cs\/produkty\/\"},{\"@type\":\"ListItem\",\"position\":3,\"name\":\"Modifik\u00e1tory sv\u011btla\",\"item\":\"https:\/\/glareone.eu\/cs\/produkty\/modifikatory-svetla\/\"},{\"@type\":\"ListItem\",\"position\":4,\"name\":\"Softboxy\"}]},{\"@type\":\"WebSite\",\"@id\":\"https:\/\/glareone.eu\/cs\/en\/#website\",\"url\":\"https:\/\/glareone.eu\/cs\/en\/\",\"name\":\"GlareOne\",\"description\":\"Wyposa\u017cenie Studia\",\"publisher\":{\"@id\":\"https:\/\/glareone.eu\/cs\/en\/#organization\"},\"potentialAction\":[{\"@type\":\"SearchAction\",\"target\":{\"@type\":\"EntryPoint\",\"urlTemplate\":\"https:\/\/glareone.eu\/cs\/en\/?s={search_term_string}\"},\"query-input\":{\"@type\":\"PropertyValueSpecification\",\"valueRequired\":true,\"valueName\":\"search_term_string\"}}],\"inLanguage\":\"cs\"},{\"@type\":\"Organization\",\"@id\":\"https:\/\/glareone.eu\/cs\/en\/#organization\",\"name\":\"GlareOne\",\"url\":\"https:\/\/glareone.eu\/cs\/en\/\",\"logo\":{\"@type\":\"ImageObject\",\"inLanguage\":\"cs\",\"@id\":\"https:\/\/glareone.eu\/cs\/en\/#\/schema\/logo\/image\/\",\"url\":\"http:\/\/glareone.eu\/wp-content\/uploads\/2024\/05\/glareone_logo2020_RGB-01-e1715773127189.png\",\"contentUrl\":\"http:\/\/glareone.eu\/wp-content\/uploads\/2024\/05\/glareone_logo2020_RGB-01-e1715773127189.png\",\"width\":1270,\"height\":321,\"caption\":\"GlareOne\"},\"image\":{\"@id\":\"https:\/\/glareone.eu\/cs\/en\/#\/schema\/logo\/image\/\"},\"sameAs\":[\"https:\/\/www.facebook.com\/GlareOneLighting\",\"https:\/\/www.instagram.com\/glareonelighting\/\",\"https:\/\/www.youtube.com\/@GlareOneTV\"]}]}<\/script>\n<!-- \/ Yoast SEO plugin. -->","yoast_head_json":{"title":"Softboxy - GlareOne","description":"Reflektory a odrazy od GlareOne jsou modifik\u00e1tory sv\u011btla nezbytn\u00e9 pro pr\u00e1ci fotografa. Umo\u017e\u0148uj\u00ed v\u00e1m ovl\u00e1dat sv\u011btlo na place.","robots":{"index":"index","follow":"follow","max-snippet":"max-snippet:-1","max-image-preview":"max-image-preview:large","max-video-preview":"max-video-preview:-1"},"canonical":"https:\/\/glareone.eu\/cs\/produkty\/modifikatory-svetla\/softboxy\/","og_locale":"cs_CZ","og_type":"article","og_title":"Softboxy - GlareOne","og_description":"Reflektory a odrazy od GlareOne jsou modifik\u00e1tory sv\u011btla nezbytn\u00e9 pro pr\u00e1ci fotografa. Umo\u017e\u0148uj\u00ed v\u00e1m ovl\u00e1dat sv\u011btlo na place.","og_url":"https:\/\/glareone.eu\/cs\/produkty\/modifikatory-svetla\/softboxy\/","og_site_name":"GlareOne","article_publisher":"https:\/\/www.facebook.com\/GlareOneLighting","article_modified_time":"2025-08-12T10:30:52+00:00","twitter_card":"summary_large_image","twitter_misc":{"Odhadovan\u00e1 doba \u010dten\u00ed":"2 minuty"},"schema":{"@context":"https:\/\/schema.org","@graph":[{"@type":"WebPage","@id":"https:\/\/glareone.eu\/cs\/produkty\/modifikatory-svetla\/softboxy\/","url":"https:\/\/glareone.eu\/cs\/produkty\/modifikatory-svetla\/softboxy\/","name":"Softboxy - GlareOne","isPartOf":{"@id":"https:\/\/glareone.eu\/cs\/en\/#website"},"datePublished":"2024-04-25T11:45:36+00:00","dateModified":"2025-08-12T10:30:52+00:00","description":"Reflektory a odrazy od GlareOne jsou modifik\u00e1tory sv\u011btla nezbytn\u00e9 pro pr\u00e1ci fotografa. Umo\u017e\u0148uj\u00ed v\u00e1m ovl\u00e1dat sv\u011btlo na place.","breadcrumb":{"@id":"https:\/\/glareone.eu\/cs\/produkty\/modifikatory-svetla\/softboxy\/#breadcrumb"},"inLanguage":"cs","potentialAction":[{"@type":"ReadAction","target":["https:\/\/glareone.eu\/cs\/produkty\/modifikatory-svetla\/softboxy\/"]}]},{"@type":"BreadcrumbList","@id":"https:\/\/glareone.eu\/cs\/produkty\/modifikatory-svetla\/softboxy\/#breadcrumb","itemListElement":[{"@type":"ListItem","position":1,"name":"Strona g\u0142\u00f3wna","item":"https:\/\/glareone.eu\/cs\/"},{"@type":"ListItem","position":2,"name":"Produkty","item":"https:\/\/glareone.eu\/cs\/produkty\/"},{"@type":"ListItem","position":3,"name":"Modifik\u00e1tory sv\u011btla","item":"https:\/\/glareone.eu\/cs\/produkty\/modifikatory-svetla\/"},{"@type":"ListItem","position":4,"name":"Softboxy"}]},{"@type":"WebSite","@id":"https:\/\/glareone.eu\/cs\/en\/#website","url":"https:\/\/glareone.eu\/cs\/en\/","name":"GlareOne","description":"Wyposa\u017cenie Studia","publisher":{"@id":"https:\/\/glareone.eu\/cs\/en\/#organization"},"potentialAction":[{"@type":"SearchAction","target":{"@type":"EntryPoint","urlTemplate":"https:\/\/glareone.eu\/cs\/en\/?s={search_term_string}"},"query-input":{"@type":"PropertyValueSpecification","valueRequired":true,"valueName":"search_term_string"}}],"inLanguage":"cs"},{"@type":"Organization","@id":"https:\/\/glareone.eu\/cs\/en\/#organization","name":"GlareOne","url":"https:\/\/glareone.eu\/cs\/en\/","logo":{"@type":"ImageObject","inLanguage":"cs","@id":"https:\/\/glareone.eu\/cs\/en\/#\/schema\/logo\/image\/","url":"http:\/\/glareone.eu\/wp-content\/uploads\/2024\/05\/glareone_logo2020_RGB-01-e1715773127189.png","contentUrl":"http:\/\/glareone.eu\/wp-content\/uploads\/2024\/05\/glareone_logo2020_RGB-01-e1715773127189.png","width":1270,"height":321,"caption":"GlareOne"},"image":{"@id":"https:\/\/glareone.eu\/cs\/en\/#\/schema\/logo\/image\/"},"sameAs":["https:\/\/www.facebook.com\/GlareOneLighting","https:\/\/www.instagram.com\/glareonelighting\/","https:\/\/www.youtube.com\/@GlareOneTV"]}]}},"_links":{"self":[{"href":"https:\/\/glareone.eu\/cs\/wp-json\/wp\/v2\/pages\/21195","targetHints":{"allow":["GET"]}}],"collection":[{"href":"https:\/\/glareone.eu\/cs\/wp-json\/wp\/v2\/pages"}],"about":[{"href":"https:\/\/glareone.eu\/cs\/wp-json\/wp\/v2\/types\/page"}],"author":[{"embeddable":true,"href":"https:\/\/glareone.eu\/cs\/wp-json\/wp\/v2\/users\/4"}],"replies":[{"embeddable":true,"href":"https:\/\/glareone.eu\/cs\/wp-json\/wp\/v2\/comments?post=21195"}],"version-history":[{"count":4,"href":"https:\/\/glareone.eu\/cs\/wp-json\/wp\/v2\/pages\/21195\/revisions"}],"predecessor-version":[{"id":22014,"href":"https:\/\/glareone.eu\/cs\/wp-json\/wp\/v2\/pages\/21195\/revisions\/22014"}],"up":[{"embeddable":true,"href":"https:\/\/glareone.eu\/cs\/wp-json\/wp\/v2\/pages\/21175"}],"wp:attachment":[{"href":"https:\/\/glareone.eu\/cs\/wp-json\/wp\/v2\/media?parent=21195"}],"curies":[{"name":"wp","href":"https:\/\/api.w.org\/{rel}","templated":true}]}}