{"id":21164,"date":"2024-05-08T08:20:03","date_gmt":"2024-05-08T08:20:03","guid":{"rendered":"https:\/\/glareone.eu\/prislusenstvi\/statywy\/"},"modified":"2025-08-12T10:31:32","modified_gmt":"2025-08-12T10:31:32","slug":"svetelne-stojany","status":"publish","type":"page","link":"https:\/\/glareone.eu\/cs\/produkty\/prislusenstvi\/svetelne-stojany\/","title":{"rendered":"Sv\u011bteln\u00e9 stojany"},"content":{"rendered":"<div  class='flex_column av-1rw0ry-bea76e6eae6a4e5f4a58aa49434699e5 av_one_full  avia-builder-el-0  el_before_av_section  avia-builder-el-no-sibling  first flex_column_div  '     ><style type=\"text\/css\" data-created_by=\"avia_inline_auto\" id=\"style-css-av-luzojory-a5a878b74ef42daf45fbb774033910ab\">\n#top .av-special-heading.av-luzojory-a5a878b74ef42daf45fbb774033910ab{\npadding-bottom:10px;\n}\nbody .av-special-heading.av-luzojory-a5a878b74ef42daf45fbb774033910ab .av-special-heading-tag .heading-char{\nfont-size:25px;\n}\n.av-special-heading.av-luzojory-a5a878b74ef42daf45fbb774033910ab .av-subheading{\nfont-size:15px;\n}\n<\/style>\n<div  class='av-special-heading av-luzojory-a5a878b74ef42daf45fbb774033910ab av-special-heading-h2 blockquote modern-quote modern-centered  avia-builder-el-1  avia-builder-el-no-sibling '><h2 class='av-special-heading-tag'  itemprop=\"headline\"  >Sv\u011bteln\u00e9 stojany<\/h2><div class=\"special-heading-border\"><div class=\"special-heading-inner-border\"><\/div><\/div><\/div><\/div>\n<\/div><\/div><\/div><!-- close content main div --><\/div><\/div><div id='homeproductcategorylist'  class='avia-section av-1lv8ri-94017da8535ef3245dc7c747be8a10d3 main_color avia-section-default avia-no-border-styling  avia-builder-el-2  el_after_av_one_full  el_before_av_two_third  avia-bg-style-scroll container_wrap fullsize'  ><div class='container av-section-cont-open' ><div class='template-page content  av-content-full alpha units'><div class='post-entry post-entry-type-page post-entry-21164'><div class='entry-content-wrapper clearfix'>\n\n<style type=\"text\/css\" data-created_by=\"avia_inline_auto\" id=\"style-css-av-7mfh6m-28b275657294a7b59134e7f434c29505\">\n.flex_column.av-7mfh6m-28b275657294a7b59134e7f434c29505{\nwidth:23.5%;\n}\n<\/style>\n<div  class='flex_column av-7mfh6m-28b275657294a7b59134e7f434c29505 av_one_fourth  avia-builder-el-3  el_before_av_one_fourth  avia-builder-el-first  categoryBox first flex_column_div  '     ><p>\n<style type=\"text\/css\" data-created_by=\"avia_inline_auto\" id=\"style-css-av-5b42se-f241146cf036199e9a7789be7f9a62c5\">\n.avia-image-container.av-5b42se-f241146cf036199e9a7789be7f9a62c5 img.avia_image{\nbox-shadow:none;\n}\n.avia-image-container.av-5b42se-f241146cf036199e9a7789be7f9a62c5 .av-image-caption-overlay-center{\ncolor:#ffffff;\n}\n<\/style>\n<div  class='avia-image-container av-5b42se-f241146cf036199e9a7789be7f9a62c5 av-styling-no-styling av-img-linked avia-align-center  avia-builder-el-4  el_before_av_textblock  avia-builder-el-first  categoryBoxImage'   itemprop=\"image\" itemscope=\"itemscope\" itemtype=\"https:\/\/schema.org\/ImageObject\" ><div class=\"avia-image-container-inner\"><div class=\"avia-image-overlay-wrap\"><a href=\"https:\/\/glareone.eu\/cs\/produkty\/prislusenstvi\/svetelne-stojany\/klasicke-stativy\/\" class='avia_image '  aria-label='statyw klasyczny'><img decoding=\"async\" fetchpriority=\"high\" class='wp-image-21165 avia-img-lazy-loading-not-21165 avia_image ' src=\"https:\/\/glareone.eu\/wp-content\/uploads\/2024\/05\/statyw-klasyczny.png\" alt='' title='statyw klasyczny'  height=\"283\" width=\"260\"  itemprop=\"thumbnailUrl\"  \/><\/a><\/div><\/div><\/div><br \/>\n<section  class='av_textblock_section av-lvxjt8w2-91b21c33247749d3ada26049f75ee4b7 '   itemscope=\"itemscope\" itemtype=\"https:\/\/schema.org\/CreativeWork\" ><div class='avia_textblock categoryBoxTitle'  itemprop=\"text\" ><h3 style=\"text-align: center;\"><a href=\"https:\/\/glareone.eu\/cs\/produkty\/prislusenstvi\/svetelne-stojany\/klasicke-stativy\/\">Klasick\u00e9 stativy<\/a><\/h3>\n<\/div><\/section><\/p><\/div>\n<style type=\"text\/css\" data-created_by=\"avia_inline_auto\" id=\"style-css-av-2taz6h-470d3ba8edffb268cadb3df0be86509f\">\n.flex_column.av-2taz6h-470d3ba8edffb268cadb3df0be86509f{\nwidth:23.5%;\nmargin-left:2%;\n}\n<\/style>\n<div  class='flex_column av-2taz6h-470d3ba8edffb268cadb3df0be86509f av_one_fourth  avia-builder-el-6  el_after_av_one_fourth  el_before_av_one_fourth  categoryBox flex_column_div  '     ><p>\n<style type=\"text\/css\" data-created_by=\"avia_inline_auto\" id=\"style-css-av-lvf5s63k-47f623a1f046bebb0069ee2c32edf975\">\n.avia-image-container.av-lvf5s63k-47f623a1f046bebb0069ee2c32edf975 img.avia_image{\nbox-shadow:none;\n}\n.avia-image-container.av-lvf5s63k-47f623a1f046bebb0069ee2c32edf975 .av-image-caption-overlay-center{\ncolor:#ffffff;\n}\n<\/style>\n<div  class='avia-image-container av-lvf5s63k-47f623a1f046bebb0069ee2c32edf975 av-styling-no-styling av-img-linked avia-align-center  avia-builder-el-7  el_before_av_textblock  avia-builder-el-first  categoryBoxImage'   itemprop=\"image\" itemscope=\"itemscope\" itemtype=\"https:\/\/schema.org\/ImageObject\" ><div class=\"avia-image-container-inner\"><div class=\"avia-image-overlay-wrap\"><a href=\"https:\/\/glareone.eu\/cs\/produkty\/prislusenstvi\/svetelne-stojany\/c-stand\/\" class='avia_image '  aria-label='fatboy'><img decoding=\"async\" fetchpriority=\"high\" class='wp-image-21354 avia-img-lazy-loading-not-21354 avia_image ' src=\"https:\/\/glareone.eu\/wp-content\/uploads\/2024\/05\/fatboy.png\" alt='' title='fatboy'  height=\"283\" width=\"260\"  itemprop=\"thumbnailUrl\"  \/><\/a><\/div><\/div><\/div><br \/>\n<section  class='av_textblock_section av-lvf5hao8-eacdacdb29df53783c6ddf9ee4af3ae8 '   itemscope=\"itemscope\" itemtype=\"https:\/\/schema.org\/CreativeWork\" ><div class='avia_textblock categoryBoxTitle'  itemprop=\"text\" ><h3 style=\"text-align: center;\"><a href=\"https:\/\/glareone.eu\/cs\/produkty\/prislusenstvi\/svetelne-stojany\/c-stand\/\">C-Stand<\/a><\/h3>\n<\/div><\/section><\/p><\/div>\n<style type=\"text\/css\" data-created_by=\"avia_inline_auto\" id=\"style-css-av-c3cike-afb05fc01a811f3b6aa2d6e73c77ee12\">\n.flex_column.av-c3cike-afb05fc01a811f3b6aa2d6e73c77ee12{\nwidth:23.5%;\nmargin-left:2%;\n}\n<\/style>\n<div  class='flex_column av-c3cike-afb05fc01a811f3b6aa2d6e73c77ee12 av_one_fourth  avia-builder-el-9  el_after_av_one_fourth  el_before_av_one_fourth  categoryBox flex_column_div  '     ><p>\n<style type=\"text\/css\" data-created_by=\"avia_inline_auto\" id=\"style-css-av-b2qsam-0dd7057b80a9a2425e28ad8b93e172aa\">\n.avia-image-container.av-b2qsam-0dd7057b80a9a2425e28ad8b93e172aa img.avia_image{\nbox-shadow:none;\n}\n.avia-image-container.av-b2qsam-0dd7057b80a9a2425e28ad8b93e172aa .av-image-caption-overlay-center{\ncolor:#ffffff;\n}\n<\/style>\n<div  class='avia-image-container av-b2qsam-0dd7057b80a9a2425e28ad8b93e172aa av-styling-no-styling av-img-linked avia-align-center  avia-builder-el-10  el_before_av_textblock  avia-builder-el-first  categoryBoxImage'   itemprop=\"image\" itemscope=\"itemscope\" itemtype=\"https:\/\/schema.org\/ImageObject\" ><div class=\"avia-image-container-inner\"><div class=\"avia-image-overlay-wrap\"><a href=\"https:\/\/glareone.eu\/cs\/produkty\/prislusenstvi\/svetelne-stojany\/glide\/\" class='avia_image '  aria-label='glide'><img decoding=\"async\" fetchpriority=\"high\" class='wp-image-21167 avia-img-lazy-loading-not-21167 avia_image ' src=\"https:\/\/glareone.eu\/wp-content\/uploads\/2024\/05\/glide.png\" alt='' title='glide'  height=\"283\" width=\"260\"  itemprop=\"thumbnailUrl\"  \/><\/a><\/div><\/div><\/div><br \/>\n<section  class='av_textblock_section av-lvxjsx38-57ca16961e63f78ab65f10a0c224675e '   itemscope=\"itemscope\" itemtype=\"https:\/\/schema.org\/CreativeWork\" ><div class='avia_textblock categoryBoxTitle'  itemprop=\"text\" ><h3 style=\"text-align: center;\"><a href=\"https:\/\/glareone.eu\/cs\/produkty\/prislusenstvi\/svetelne-stojany\/glide\/\">Glide<\/a><\/h3>\n<\/div><\/section><\/p><\/div>\n<style type=\"text\/css\" data-created_by=\"avia_inline_auto\" id=\"style-css-av-4r9p72-e8a2a7446cdc3a5484a57dc067eeec77\">\n.flex_column.av-4r9p72-e8a2a7446cdc3a5484a57dc067eeec77{\nwidth:23.5%;\nmargin-left:2%;\n}\n<\/style>\n<div  class='flex_column av-4r9p72-e8a2a7446cdc3a5484a57dc067eeec77 av_one_fourth  avia-builder-el-12  el_after_av_one_fourth  avia-builder-el-last  categoryBox flex_column_div  '     ><p>\n<style type=\"text\/css\" data-created_by=\"avia_inline_auto\" id=\"style-css-av-2y23b2-eb34e76344d94a2fad12ebda4d0eb0f1\">\n.avia-image-container.av-2y23b2-eb34e76344d94a2fad12ebda4d0eb0f1 img.avia_image{\nbox-shadow:none;\n}\n.avia-image-container.av-2y23b2-eb34e76344d94a2fad12ebda4d0eb0f1 .av-image-caption-overlay-center{\ncolor:#ffffff;\n}\n<\/style>\n<div  class='avia-image-container av-2y23b2-eb34e76344d94a2fad12ebda4d0eb0f1 av-styling-no-styling av-img-linked avia-align-center  avia-builder-el-13  el_before_av_textblock  avia-builder-el-first  categoryBoxImage'   itemprop=\"image\" itemscope=\"itemscope\" itemtype=\"https:\/\/schema.org\/ImageObject\" ><div class=\"avia-image-container-inner\"><div class=\"avia-image-overlay-wrap\"><a href=\"https:\/\/glareone.eu\/cs\/produkty\/prislusenstvi\/svetelne-stojany\/ostatni\/\" class='avia_image '  aria-label='inne statywy'><img decoding=\"async\" fetchpriority=\"high\" class='wp-image-21168 avia-img-lazy-loading-not-21168 avia_image ' src=\"https:\/\/glareone.eu\/wp-content\/uploads\/2024\/05\/inne-statywy.png\" alt='' title='inne statywy'  height=\"283\" width=\"260\"  itemprop=\"thumbnailUrl\"  \/><\/a><\/div><\/div><\/div><br \/>\n<section  class='av_textblock_section av-lvxjtjts-22a918f4827cad8a2bab568faec19c09 '   itemscope=\"itemscope\" itemtype=\"https:\/\/schema.org\/CreativeWork\" ><div class='avia_textblock categoryBoxTitle'  itemprop=\"text\" ><h3 style=\"text-align: center;\"><a href=\"https:\/\/glareone.eu\/cs\/produkty\/prislusenstvi\/svetelne-stojany\/ostatni\/\">Ostatn\u00ed<\/a><\/h3>\n<\/div><\/section><\/p><\/div><\/div><\/div><\/div><!-- close content main div --><\/div><\/div><div id='after_section_1'  class='main_color av_default_container_wrap container_wrap fullsize'  ><div class='container av-section-cont-open' ><div class='template-page content  av-content-full alpha units'><div class='post-entry post-entry-type-page post-entry-21164'><div class='entry-content-wrapper clearfix'><div  class='flex_column av-45nl7t-ce8ed7fa967ac5a8dfcd62c1eaf5e49a av_two_third  avia-builder-el-15  el_after_av_section  avia-builder-el-no-sibling  first flex_column_div  '     ><\/div><\/p>\n","protected":false},"excerpt":{"rendered":"","protected":false},"author":4,"featured_media":0,"parent":21159,"menu_order":0,"comment_status":"open","ping_status":"closed","template":"","meta":{"footnotes":""},"class_list":["post-21164","page","type-page","status-publish","hentry"],"yoast_head":"<!-- This site is optimized with the Yoast SEO plugin v27.2 - https:\/\/yoast.com\/product\/yoast-seo-wordpress\/ -->\n<title>Sv\u011bteln\u00e9 stojany - GlareOne<\/title>\n<meta name=\"description\" content=\"Stativy GlareOne \u2013 z\u00e1kladn\u00ed vybaven\u00ed ka\u017ed\u00e9ho studia.Vysoce kvalitn\u00ed klasick\u00e9 stativy, C-Stand, Glide a dal\u0161\u00ed.\" \/>\n<meta name=\"robots\" content=\"index, follow, max-snippet:-1, max-image-preview:large, max-video-preview:-1\" \/>\n<link rel=\"canonical\" href=\"https:\/\/glareone.eu\/cs\/produkty\/prislusenstvi\/svetelne-stojany\/\" \/>\n<meta property=\"og:locale\" content=\"cs_CZ\" \/>\n<meta property=\"og:type\" content=\"article\" \/>\n<meta property=\"og:title\" content=\"Sv\u011bteln\u00e9 stojany - GlareOne\" \/>\n<meta property=\"og:description\" content=\"Stativy GlareOne \u2013 z\u00e1kladn\u00ed vybaven\u00ed ka\u017ed\u00e9ho studia.Vysoce kvalitn\u00ed klasick\u00e9 stativy, C-Stand, Glide a dal\u0161\u00ed.\" \/>\n<meta property=\"og:url\" content=\"https:\/\/glareone.eu\/cs\/produkty\/prislusenstvi\/svetelne-stojany\/\" \/>\n<meta property=\"og:site_name\" content=\"GlareOne\" \/>\n<meta property=\"article:publisher\" content=\"https:\/\/www.facebook.com\/GlareOneLighting\" \/>\n<meta property=\"article:modified_time\" content=\"2025-08-12T10:31:32+00:00\" \/>\n<meta name=\"twitter:card\" content=\"summary_large_image\" \/>\n<meta name=\"twitter:label1\" content=\"Odhadovan\u00e1 doba \u010dten\u00ed\" \/>\n\t<meta name=\"twitter:data1\" content=\"1 minuta\" \/>\n<script type=\"application\/ld+json\" class=\"yoast-schema-graph\">{\"@context\":\"https:\/\/schema.org\",\"@graph\":[{\"@type\":\"WebPage\",\"@id\":\"https:\/\/glareone.eu\/cs\/produkty\/prislusenstvi\/svetelne-stojany\/\",\"url\":\"https:\/\/glareone.eu\/cs\/produkty\/prislusenstvi\/svetelne-stojany\/\",\"name\":\"Sv\u011bteln\u00e9 stojany - GlareOne\",\"isPartOf\":{\"@id\":\"https:\/\/glareone.eu\/cs\/en\/#website\"},\"datePublished\":\"2024-05-08T08:20:03+00:00\",\"dateModified\":\"2025-08-12T10:31:32+00:00\",\"description\":\"Stativy GlareOne \u2013 z\u00e1kladn\u00ed vybaven\u00ed ka\u017ed\u00e9ho studia.Vysoce kvalitn\u00ed klasick\u00e9 stativy, C-Stand, Glide a dal\u0161\u00ed.\",\"breadcrumb\":{\"@id\":\"https:\/\/glareone.eu\/cs\/produkty\/prislusenstvi\/svetelne-stojany\/#breadcrumb\"},\"inLanguage\":\"cs\",\"potentialAction\":[{\"@type\":\"ReadAction\",\"target\":[\"https:\/\/glareone.eu\/cs\/produkty\/prislusenstvi\/svetelne-stojany\/\"]}]},{\"@type\":\"BreadcrumbList\",\"@id\":\"https:\/\/glareone.eu\/cs\/produkty\/prislusenstvi\/svetelne-stojany\/#breadcrumb\",\"itemListElement\":[{\"@type\":\"ListItem\",\"position\":1,\"name\":\"Strona g\u0142\u00f3wna\",\"item\":\"https:\/\/glareone.eu\/cs\/\"},{\"@type\":\"ListItem\",\"position\":2,\"name\":\"Produkty\",\"item\":\"https:\/\/glareone.eu\/cs\/produkty\/\"},{\"@type\":\"ListItem\",\"position\":3,\"name\":\"P\u0159\u00edslu\u0161enstv\u00ed\",\"item\":\"https:\/\/glareone.eu\/cs\/produkty\/prislusenstvi\/\"},{\"@type\":\"ListItem\",\"position\":4,\"name\":\"Sv\u011bteln\u00e9 stojany\"}]},{\"@type\":\"WebSite\",\"@id\":\"https:\/\/glareone.eu\/cs\/en\/#website\",\"url\":\"https:\/\/glareone.eu\/cs\/en\/\",\"name\":\"GlareOne\",\"description\":\"Wyposa\u017cenie Studia\",\"publisher\":{\"@id\":\"https:\/\/glareone.eu\/cs\/en\/#organization\"},\"potentialAction\":[{\"@type\":\"SearchAction\",\"target\":{\"@type\":\"EntryPoint\",\"urlTemplate\":\"https:\/\/glareone.eu\/cs\/en\/?s={search_term_string}\"},\"query-input\":{\"@type\":\"PropertyValueSpecification\",\"valueRequired\":true,\"valueName\":\"search_term_string\"}}],\"inLanguage\":\"cs\"},{\"@type\":\"Organization\",\"@id\":\"https:\/\/glareone.eu\/cs\/en\/#organization\",\"name\":\"GlareOne\",\"url\":\"https:\/\/glareone.eu\/cs\/en\/\",\"logo\":{\"@type\":\"ImageObject\",\"inLanguage\":\"cs\",\"@id\":\"https:\/\/glareone.eu\/cs\/en\/#\/schema\/logo\/image\/\",\"url\":\"http:\/\/glareone.eu\/wp-content\/uploads\/2024\/05\/glareone_logo2020_RGB-01-e1715773127189.png\",\"contentUrl\":\"http:\/\/glareone.eu\/wp-content\/uploads\/2024\/05\/glareone_logo2020_RGB-01-e1715773127189.png\",\"width\":1270,\"height\":321,\"caption\":\"GlareOne\"},\"image\":{\"@id\":\"https:\/\/glareone.eu\/cs\/en\/#\/schema\/logo\/image\/\"},\"sameAs\":[\"https:\/\/www.facebook.com\/GlareOneLighting\",\"https:\/\/www.instagram.com\/glareonelighting\/\",\"https:\/\/www.youtube.com\/@GlareOneTV\"]}]}<\/script>\n<!-- \/ Yoast SEO plugin. -->","yoast_head_json":{"title":"Sv\u011bteln\u00e9 stojany - GlareOne","description":"Stativy GlareOne \u2013 z\u00e1kladn\u00ed vybaven\u00ed ka\u017ed\u00e9ho studia.Vysoce kvalitn\u00ed klasick\u00e9 stativy, C-Stand, Glide a dal\u0161\u00ed.","robots":{"index":"index","follow":"follow","max-snippet":"max-snippet:-1","max-image-preview":"max-image-preview:large","max-video-preview":"max-video-preview:-1"},"canonical":"https:\/\/glareone.eu\/cs\/produkty\/prislusenstvi\/svetelne-stojany\/","og_locale":"cs_CZ","og_type":"article","og_title":"Sv\u011bteln\u00e9 stojany - GlareOne","og_description":"Stativy GlareOne \u2013 z\u00e1kladn\u00ed vybaven\u00ed ka\u017ed\u00e9ho studia.Vysoce kvalitn\u00ed klasick\u00e9 stativy, C-Stand, Glide a dal\u0161\u00ed.","og_url":"https:\/\/glareone.eu\/cs\/produkty\/prislusenstvi\/svetelne-stojany\/","og_site_name":"GlareOne","article_publisher":"https:\/\/www.facebook.com\/GlareOneLighting","article_modified_time":"2025-08-12T10:31:32+00:00","twitter_card":"summary_large_image","twitter_misc":{"Odhadovan\u00e1 doba \u010dten\u00ed":"1 minuta"},"schema":{"@context":"https:\/\/schema.org","@graph":[{"@type":"WebPage","@id":"https:\/\/glareone.eu\/cs\/produkty\/prislusenstvi\/svetelne-stojany\/","url":"https:\/\/glareone.eu\/cs\/produkty\/prislusenstvi\/svetelne-stojany\/","name":"Sv\u011bteln\u00e9 stojany - GlareOne","isPartOf":{"@id":"https:\/\/glareone.eu\/cs\/en\/#website"},"datePublished":"2024-05-08T08:20:03+00:00","dateModified":"2025-08-12T10:31:32+00:00","description":"Stativy GlareOne \u2013 z\u00e1kladn\u00ed vybaven\u00ed ka\u017ed\u00e9ho studia.Vysoce kvalitn\u00ed klasick\u00e9 stativy, C-Stand, Glide a dal\u0161\u00ed.","breadcrumb":{"@id":"https:\/\/glareone.eu\/cs\/produkty\/prislusenstvi\/svetelne-stojany\/#breadcrumb"},"inLanguage":"cs","potentialAction":[{"@type":"ReadAction","target":["https:\/\/glareone.eu\/cs\/produkty\/prislusenstvi\/svetelne-stojany\/"]}]},{"@type":"BreadcrumbList","@id":"https:\/\/glareone.eu\/cs\/produkty\/prislusenstvi\/svetelne-stojany\/#breadcrumb","itemListElement":[{"@type":"ListItem","position":1,"name":"Strona g\u0142\u00f3wna","item":"https:\/\/glareone.eu\/cs\/"},{"@type":"ListItem","position":2,"name":"Produkty","item":"https:\/\/glareone.eu\/cs\/produkty\/"},{"@type":"ListItem","position":3,"name":"P\u0159\u00edslu\u0161enstv\u00ed","item":"https:\/\/glareone.eu\/cs\/produkty\/prislusenstvi\/"},{"@type":"ListItem","position":4,"name":"Sv\u011bteln\u00e9 stojany"}]},{"@type":"WebSite","@id":"https:\/\/glareone.eu\/cs\/en\/#website","url":"https:\/\/glareone.eu\/cs\/en\/","name":"GlareOne","description":"Wyposa\u017cenie Studia","publisher":{"@id":"https:\/\/glareone.eu\/cs\/en\/#organization"},"potentialAction":[{"@type":"SearchAction","target":{"@type":"EntryPoint","urlTemplate":"https:\/\/glareone.eu\/cs\/en\/?s={search_term_string}"},"query-input":{"@type":"PropertyValueSpecification","valueRequired":true,"valueName":"search_term_string"}}],"inLanguage":"cs"},{"@type":"Organization","@id":"https:\/\/glareone.eu\/cs\/en\/#organization","name":"GlareOne","url":"https:\/\/glareone.eu\/cs\/en\/","logo":{"@type":"ImageObject","inLanguage":"cs","@id":"https:\/\/glareone.eu\/cs\/en\/#\/schema\/logo\/image\/","url":"http:\/\/glareone.eu\/wp-content\/uploads\/2024\/05\/glareone_logo2020_RGB-01-e1715773127189.png","contentUrl":"http:\/\/glareone.eu\/wp-content\/uploads\/2024\/05\/glareone_logo2020_RGB-01-e1715773127189.png","width":1270,"height":321,"caption":"GlareOne"},"image":{"@id":"https:\/\/glareone.eu\/cs\/en\/#\/schema\/logo\/image\/"},"sameAs":["https:\/\/www.facebook.com\/GlareOneLighting","https:\/\/www.instagram.com\/glareonelighting\/","https:\/\/www.youtube.com\/@GlareOneTV"]}]}},"_links":{"self":[{"href":"https:\/\/glareone.eu\/cs\/wp-json\/wp\/v2\/pages\/21164","targetHints":{"allow":["GET"]}}],"collection":[{"href":"https:\/\/glareone.eu\/cs\/wp-json\/wp\/v2\/pages"}],"about":[{"href":"https:\/\/glareone.eu\/cs\/wp-json\/wp\/v2\/types\/page"}],"author":[{"embeddable":true,"href":"https:\/\/glareone.eu\/cs\/wp-json\/wp\/v2\/users\/4"}],"replies":[{"embeddable":true,"href":"https:\/\/glareone.eu\/cs\/wp-json\/wp\/v2\/comments?post=21164"}],"version-history":[{"count":5,"href":"https:\/\/glareone.eu\/cs\/wp-json\/wp\/v2\/pages\/21164\/revisions"}],"predecessor-version":[{"id":22017,"href":"https:\/\/glareone.eu\/cs\/wp-json\/wp\/v2\/pages\/21164\/revisions\/22017"}],"up":[{"embeddable":true,"href":"https:\/\/glareone.eu\/cs\/wp-json\/wp\/v2\/pages\/21159"}],"wp:attachment":[{"href":"https:\/\/glareone.eu\/cs\/wp-json\/wp\/v2\/media?parent=21164"}],"curies":[{"name":"wp","href":"https:\/\/api.w.org\/{rel}","templated":true}]}}