{"id":21136,"date":"2024-05-08T08:20:57","date_gmt":"2024-05-08T08:20:57","guid":{"rendered":"https:\/\/glareone.eu\/c-stand\/"},"modified":"2025-07-22T10:42:03","modified_gmt":"2025-07-22T10:42:03","slug":"c-stand","status":"publish","type":"page","link":"https:\/\/glareone.eu\/cs\/produkty\/prislusenstvi\/svetelne-stojany\/c-stand\/","title":{"rendered":"Stativy C-Stand"},"content":{"rendered":"<div id='av_section_1'  class='avia-section av-363no8-e7bcc5cdc03c8a195b552d93ac9c1dd2 alternate_color avia-section-default avia-no-border-styling  avia-builder-el-0  avia-builder-el-no-sibling  avia-bg-style-scroll container_wrap fullsize'  ><div class='container av-section-cont-open' ><main  role=\"main\" itemprop=\"mainContentOfPage\"  class='template-page content  av-content-full alpha units'><div class='post-entry post-entry-type-page post-entry-21136'><div class='entry-content-wrapper clearfix'>\n<div  class='flex_column av-1rw0ry-bea76e6eae6a4e5f4a58aa49434699e5 av_one_full  avia-builder-el-1  el_before_av_productgrid  avia-builder-el-first  first flex_column_div  '     ><style type=\"text\/css\" data-created_by=\"avia_inline_auto\" id=\"style-css-av-luzojory-ae15c9130f3496e6446a6c9ecf15a0f5\">\n#top .av-special-heading.av-luzojory-ae15c9130f3496e6446a6c9ecf15a0f5{\npadding-bottom:10px;\n}\nbody .av-special-heading.av-luzojory-ae15c9130f3496e6446a6c9ecf15a0f5 .av-special-heading-tag .heading-char{\nfont-size:25px;\n}\n.av-special-heading.av-luzojory-ae15c9130f3496e6446a6c9ecf15a0f5 .av-subheading{\nfont-size:15px;\n}\n<\/style>\n<div  class='av-special-heading av-luzojory-ae15c9130f3496e6446a6c9ecf15a0f5 av-special-heading-h2 blockquote modern-quote modern-centered  avia-builder-el-2  avia-builder-el-no-sibling '><h2 class='av-special-heading-tag'  itemprop=\"headline\"  >Stativy C-Stand<\/h2><div class=\"special-heading-border\"><div class=\"special-heading-inner-border\"><\/div><\/div><\/div><\/div><div  class='avia-product-slider-container av-lvxiutrh-701a6bc517fec2c7acbea7f2d636996a template-shop avia-content-slider avia-content-grid-active shop_columns_4  avia-builder-el-3  el_after_av_one_full  avia-builder-el-last  avia-content-slider-even  avia-builder-el-3  el_after_av_one_full  avia-builder-el-last  av-slideshow-ui av-slider-hover-pause av-slideshow-manual av-loop-once av-loop-manual-endless avia-product-slider1' data-slideshow-options=\"{&quot;animation&quot;:&quot;fade&quot;,&quot;autoplay&quot;:false,&quot;loop_autoplay&quot;:&quot;once&quot;,&quot;interval&quot;:5,&quot;loop_manual&quot;:&quot;manual-endless&quot;,&quot;autoplay_stopper&quot;:false,&quot;noNavigation&quot;:false,&quot;bg_slider&quot;:false,&quot;keep_padding&quot;:false,&quot;hoverpause&quot;:true,&quot;show_slide_delay&quot;:0}\"><div class=\"product-sorting\"><ul class=\"sort-param sort-param-order\"><li><span class='currently-selected'>Sort by <strong>V\u00fdchoz\u00ed<\/strong><\/span><ul><li class=\"current-param\"><a href='?avia_extended_shop_select=yes&product_order=default' rel=\"nofollow\"><span class='avia-bullet'><\/span>V\u00fdchoz\u00ed<\/a><\/li><li><a href='?avia_extended_shop_select=yes&product_order=menu_order' rel=\"nofollow\"><span class='avia-bullet'><\/span>Custom<\/a><\/li><li><a href='?avia_extended_shop_select=yes&product_order=title' rel=\"nofollow\"><span class='avia-bullet'><\/span>Name<\/a><\/li><li><a href='?avia_extended_shop_select=yes&product_order=price' rel=\"nofollow\"><span class='avia-bullet'><\/span>Price<\/a><\/li><li><a href='?avia_extended_shop_select=yes&product_order=date' rel=\"nofollow\"><span class='avia-bullet'><\/span>Date<\/a><\/li><li><a href='?avia_extended_shop_select=yes&product_order=popularity' rel=\"nofollow\"><span class='avia-bullet'><\/span>Popularity (sales)<\/a><\/li><li><a href='?avia_extended_shop_select=yes&product_order=rating' rel=\"nofollow\"><span class='avia-bullet'><\/span>Average rating<\/a><\/li><li><a href='?avia_extended_shop_select=yes&product_order=relevance' rel=\"nofollow\"><span class='avia-bullet'><\/span>Relevance<\/a><\/li><li><a href='?avia_extended_shop_select=yes&product_order=rand' rel=\"nofollow\"><span class='avia-bullet'><\/span>Random<\/a><\/li><li><a href='?avia_extended_shop_select=yes&product_order=id' rel=\"nofollow\"><span class='avia-bullet'><\/span>Product ID<\/a><\/li><\/ul><\/li><\/ul><\/div><div class='avia-content-slider-inner'><ul class=\"products\"><li class=\"product type-product post-20932 status-publish first instock product_cat-c-stand-cs has-post-thumbnail product-type-simple\">\n\t<div class='inner_product main_color wrapped_style noLightbox  av-product-class-'><a href=\"https:\/\/glareone.eu\/cs\/produkt\/glareone-fatboy-c-stand\/\" class=\"woocommerce-LoopProduct-link woocommerce-loop-product__link\"><div class=\"thumbnail_container\"><img decoding=\"async\" loading=\"lazy\" width=\"300\" height=\"300\" src=\"https:\/\/glareone.eu\/wp-content\/uploads\/2024\/04\/GlareOne-Fatboy-17-1-300x300.jpg\" class=\"wp-image-20933 avia-img-lazy-loading-20933 attachment-woocommerce_thumbnail size-woocommerce_thumbnail wp-post-image\" alt=\"\" srcset=\"https:\/\/glareone.eu\/wp-content\/uploads\/2024\/04\/GlareOne-Fatboy-17-1-300x300.jpg 300w, https:\/\/glareone.eu\/wp-content\/uploads\/2024\/04\/GlareOne-Fatboy-17-1-1030x1030.jpg 1030w, https:\/\/glareone.eu\/wp-content\/uploads\/2024\/04\/GlareOne-Fatboy-17-1-80x80.jpg 80w, https:\/\/glareone.eu\/wp-content\/uploads\/2024\/04\/GlareOne-Fatboy-17-1-768x768.jpg 768w, https:\/\/glareone.eu\/wp-content\/uploads\/2024\/04\/GlareOne-Fatboy-17-1-36x36.jpg 36w, https:\/\/glareone.eu\/wp-content\/uploads\/2024\/04\/GlareOne-Fatboy-17-1-180x180.jpg 180w, https:\/\/glareone.eu\/wp-content\/uploads\/2024\/04\/GlareOne-Fatboy-17-1-705x705.jpg 705w, https:\/\/glareone.eu\/wp-content\/uploads\/2024\/04\/GlareOne-Fatboy-17-1-120x120.jpg 120w, https:\/\/glareone.eu\/wp-content\/uploads\/2024\/04\/GlareOne-Fatboy-17-1-450x450.jpg 450w, https:\/\/glareone.eu\/wp-content\/uploads\/2024\/04\/GlareOne-Fatboy-17-1-600x600.jpg 600w, https:\/\/glareone.eu\/wp-content\/uploads\/2024\/04\/GlareOne-Fatboy-17-1-100x100.jpg 100w, https:\/\/glareone.eu\/wp-content\/uploads\/2024\/04\/GlareOne-Fatboy-17-1.jpg 1200w\" sizes=\"auto, (max-width: 300px) 100vw, 300px\" \/><span class=\"cart-loading\"><\/span><\/div><div class='inner_product_header'><div class='avia-arrow'><\/div><div class='inner_product_header_table'><div class='inner_product_header_cell'><h2 class=\"woocommerce-loop-product__title\">GlareOne Fatboy &#8211; statyw typu c-stand<\/h2>\n<\/div><\/div><\/div><\/a><div class='avia_cart_buttons '><a href=\"https:\/\/glareone.eu\/cs\/produkt\/glareone-fatboy-c-stand\/\" aria-describedby=\"woocommerce_loop_add_to_cart_link_describedby_20932\" data-quantity=\"1\" class=\"button product_type_simple\" data-product_id=\"20932\" data-product_sku=\"SLSFATBOY\" aria-label=\"Zjistit v\u00edce o &bdquo;GlareOne Fatboy - statyw typu c-stand&ldquo;\" rel=\"nofollow\" data-success_message=\"\"><span aria-hidden='true' data-av_icon='\ue859' data-av_iconfont='entypo-fontello'><\/span> \u010ct\u011bte v\u00edce<\/a>\t<span id=\"woocommerce_loop_add_to_cart_link_describedby_20932\" class=\"screen-reader-text\">\n\t\t\t<\/span>\n<a class=\"button show_details_button\" href=\"https:\/\/glareone.eu\/cs\/produkt\/glareone-fatboy-c-stand\/\"><span aria-hidden='true' data-av_icon='\ue84b' data-av_iconfont='entypo-fontello'><\/span>  Show Details<\/a> <span class=\"button-mini-delimiter\"><\/span><\/div><\/div><\/li>\n<li class=\"product type-product post-20337 status-publish instock product_cat-c-stand-cs has-post-thumbnail product-type-simple\">\n\t<div class='inner_product main_color wrapped_style noLightbox  av-product-class-'><a href=\"https:\/\/glareone.eu\/cs\/produkt\/glareone-fatboy-boom-stativ-typu-c-stand\/\" class=\"woocommerce-LoopProduct-link woocommerce-loop-product__link\"><div class=\"thumbnail_container\"><img decoding=\"async\" loading=\"lazy\" width=\"300\" height=\"300\" src=\"https:\/\/glareone.eu\/wp-content\/uploads\/2024\/04\/GlareOne-Fatboy-Boom-16-300x300.jpg\" class=\"wp-image-20339 avia-img-lazy-loading-20339 attachment-woocommerce_thumbnail size-woocommerce_thumbnail wp-post-image\" alt=\"\" srcset=\"https:\/\/glareone.eu\/wp-content\/uploads\/2024\/04\/GlareOne-Fatboy-Boom-16-300x300.jpg 300w, https:\/\/glareone.eu\/wp-content\/uploads\/2024\/04\/GlareOne-Fatboy-Boom-16-1030x1030.jpg 1030w, https:\/\/glareone.eu\/wp-content\/uploads\/2024\/04\/GlareOne-Fatboy-Boom-16-80x80.jpg 80w, https:\/\/glareone.eu\/wp-content\/uploads\/2024\/04\/GlareOne-Fatboy-Boom-16-768x768.jpg 768w, https:\/\/glareone.eu\/wp-content\/uploads\/2024\/04\/GlareOne-Fatboy-Boom-16-36x36.jpg 36w, https:\/\/glareone.eu\/wp-content\/uploads\/2024\/04\/GlareOne-Fatboy-Boom-16-180x180.jpg 180w, https:\/\/glareone.eu\/wp-content\/uploads\/2024\/04\/GlareOne-Fatboy-Boom-16-705x705.jpg 705w, https:\/\/glareone.eu\/wp-content\/uploads\/2024\/04\/GlareOne-Fatboy-Boom-16-120x120.jpg 120w, https:\/\/glareone.eu\/wp-content\/uploads\/2024\/04\/GlareOne-Fatboy-Boom-16-450x450.jpg 450w, https:\/\/glareone.eu\/wp-content\/uploads\/2024\/04\/GlareOne-Fatboy-Boom-16-600x600.jpg 600w, https:\/\/glareone.eu\/wp-content\/uploads\/2024\/04\/GlareOne-Fatboy-Boom-16-100x100.jpg 100w, https:\/\/glareone.eu\/wp-content\/uploads\/2024\/04\/GlareOne-Fatboy-Boom-16.jpg 1200w\" sizes=\"auto, (max-width: 300px) 100vw, 300px\" \/><span class=\"cart-loading\"><\/span><\/div><div class='inner_product_header'><div class='avia-arrow'><\/div><div class='inner_product_header_table'><div class='inner_product_header_cell'><h2 class=\"woocommerce-loop-product__title\">GlareOne Fatboy Boom &#8211; stativ typu C-stand<\/h2>\n<\/div><\/div><\/div><\/a><div class='avia_cart_buttons '><a href=\"https:\/\/glareone.eu\/cs\/produkt\/glareone-fatboy-boom-stativ-typu-c-stand\/\" aria-describedby=\"woocommerce_loop_add_to_cart_link_describedby_20337\" data-quantity=\"1\" class=\"button product_type_simple\" data-product_id=\"20337\" data-product_sku=\"SLSFATBOYBOOM\" aria-label=\"Zjistit v\u00edce o &bdquo;GlareOne Fatboy Boom - stativ typu C-stand&ldquo;\" rel=\"nofollow\" data-success_message=\"\"><span aria-hidden='true' data-av_icon='\ue859' data-av_iconfont='entypo-fontello'><\/span> \u010ct\u011bte v\u00edce<\/a>\t<span id=\"woocommerce_loop_add_to_cart_link_describedby_20337\" class=\"screen-reader-text\">\n\t\t\t<\/span>\n<a class=\"button show_details_button\" href=\"https:\/\/glareone.eu\/cs\/produkt\/glareone-fatboy-boom-stativ-typu-c-stand\/\"><span aria-hidden='true' data-av_icon='\ue84b' data-av_iconfont='entypo-fontello'><\/span>  Show Details<\/a> <span class=\"button-mini-delimiter\"><\/span><\/div><\/div><\/li>\n<li class=\"product type-product post-20221 status-publish instock product_cat-c-stand-cs has-post-thumbnail product-type-simple\">\n\t<div class='inner_product main_color wrapped_style noLightbox  av-product-class-'><a href=\"https:\/\/glareone.eu\/cs\/produkt\/glareone-fatboy-t-stativ-typu-c-stand-s-odnimatelnou-zakladnou\/\" class=\"woocommerce-LoopProduct-link woocommerce-loop-product__link\"><div class=\"thumbnail_container\"><img decoding=\"async\" loading=\"lazy\" width=\"300\" height=\"300\" src=\"https:\/\/glareone.eu\/wp-content\/uploads\/2024\/04\/SLSFATBOYSTB_01-2-300x300.jpg\" class=\"wp-image-20013 avia-img-lazy-loading-20013 attachment-woocommerce_thumbnail size-woocommerce_thumbnail wp-post-image\" alt=\"\" srcset=\"https:\/\/glareone.eu\/wp-content\/uploads\/2024\/04\/SLSFATBOYSTB_01-2-300x300.jpg 300w, https:\/\/glareone.eu\/wp-content\/uploads\/2024\/04\/SLSFATBOYSTB_01-2-1030x1030.jpg 1030w, https:\/\/glareone.eu\/wp-content\/uploads\/2024\/04\/SLSFATBOYSTB_01-2-80x80.jpg 80w, https:\/\/glareone.eu\/wp-content\/uploads\/2024\/04\/SLSFATBOYSTB_01-2-768x768.jpg 768w, https:\/\/glareone.eu\/wp-content\/uploads\/2024\/04\/SLSFATBOYSTB_01-2-36x36.jpg 36w, https:\/\/glareone.eu\/wp-content\/uploads\/2024\/04\/SLSFATBOYSTB_01-2-180x180.jpg 180w, https:\/\/glareone.eu\/wp-content\/uploads\/2024\/04\/SLSFATBOYSTB_01-2-705x705.jpg 705w, https:\/\/glareone.eu\/wp-content\/uploads\/2024\/04\/SLSFATBOYSTB_01-2-120x120.jpg 120w, https:\/\/glareone.eu\/wp-content\/uploads\/2024\/04\/SLSFATBOYSTB_01-2-450x450.jpg 450w, https:\/\/glareone.eu\/wp-content\/uploads\/2024\/04\/SLSFATBOYSTB_01-2-600x600.jpg 600w, https:\/\/glareone.eu\/wp-content\/uploads\/2024\/04\/SLSFATBOYSTB_01-2-100x100.jpg 100w, https:\/\/glareone.eu\/wp-content\/uploads\/2024\/04\/SLSFATBOYSTB_01-2.jpg 1200w\" sizes=\"auto, (max-width: 300px) 100vw, 300px\" \/><span class=\"cart-loading\"><\/span><\/div><div class='inner_product_header'><div class='avia-arrow'><\/div><div class='inner_product_header_table'><div class='inner_product_header_cell'><h2 class=\"woocommerce-loop-product__title\">GlareOne Fatboy T \u2013 stativ typu C-stand s odn\u00edmatelnou z\u00e1kladnou<\/h2>\n<\/div><\/div><\/div><\/a><div class='avia_cart_buttons '><a href=\"https:\/\/glareone.eu\/cs\/produkt\/glareone-fatboy-t-stativ-typu-c-stand-s-odnimatelnou-zakladnou\/\" aria-describedby=\"woocommerce_loop_add_to_cart_link_describedby_20221\" data-quantity=\"1\" class=\"button product_type_simple\" data-product_id=\"20221\" data-product_sku=\"SLSFATBOYSTB\" aria-label=\"Zjistit v\u00edce o &bdquo;GlareOne Fatboy T \u2013 stativ typu C-stand s odn\u00edmatelnou z\u00e1kladnou&ldquo;\" rel=\"nofollow\" data-success_message=\"\"><span aria-hidden='true' data-av_icon='\ue859' data-av_iconfont='entypo-fontello'><\/span> \u010ct\u011bte v\u00edce<\/a>\t<span id=\"woocommerce_loop_add_to_cart_link_describedby_20221\" class=\"screen-reader-text\">\n\t\t\t<\/span>\n<a class=\"button show_details_button\" href=\"https:\/\/glareone.eu\/cs\/produkt\/glareone-fatboy-t-stativ-typu-c-stand-s-odnimatelnou-zakladnou\/\"><span aria-hidden='true' data-av_icon='\ue84b' data-av_iconfont='entypo-fontello'><\/span>  Show Details<\/a> <span class=\"button-mini-delimiter\"><\/span><\/div><\/div><\/li>\n<li class=\"product type-product post-22933 status-publish last instock product_cat-c-stand-cs product_cat-nahradni-dily has-post-thumbnail shipping-taxable product-type-simple\">\n\t<div class='inner_product main_color wrapped_style noLightbox  av-product-class-'><a href=\"https:\/\/glareone.eu\/cs\/produkt\/glareone-orb-150-diffuser\/\" class=\"woocommerce-LoopProduct-link woocommerce-loop-product__link\"><div class=\"thumbnail_container\"><img decoding=\"async\" loading=\"lazy\" width=\"300\" height=\"300\" src=\"https:\/\/glareone.eu\/wp-content\/uploads\/2025\/12\/SORB150DIF_01-300x300.jpg\" class=\"wp-image-22938 avia-img-lazy-loading-22938 attachment-woocommerce_thumbnail size-woocommerce_thumbnail wp-post-image\" alt=\"\" srcset=\"https:\/\/glareone.eu\/wp-content\/uploads\/2025\/12\/SORB150DIF_01-300x300.jpg 300w, https:\/\/glareone.eu\/wp-content\/uploads\/2025\/12\/SORB150DIF_01-1030x1030.jpg 1030w, https:\/\/glareone.eu\/wp-content\/uploads\/2025\/12\/SORB150DIF_01-80x80.jpg 80w, https:\/\/glareone.eu\/wp-content\/uploads\/2025\/12\/SORB150DIF_01-768x768.jpg 768w, https:\/\/glareone.eu\/wp-content\/uploads\/2025\/12\/SORB150DIF_01-36x36.jpg 36w, https:\/\/glareone.eu\/wp-content\/uploads\/2025\/12\/SORB150DIF_01-180x180.jpg 180w, https:\/\/glareone.eu\/wp-content\/uploads\/2025\/12\/SORB150DIF_01-705x705.jpg 705w, https:\/\/glareone.eu\/wp-content\/uploads\/2025\/12\/SORB150DIF_01-120x120.jpg 120w, https:\/\/glareone.eu\/wp-content\/uploads\/2025\/12\/SORB150DIF_01-450x450.jpg 450w, https:\/\/glareone.eu\/wp-content\/uploads\/2025\/12\/SORB150DIF_01-600x600.jpg 600w, https:\/\/glareone.eu\/wp-content\/uploads\/2025\/12\/SORB150DIF_01-100x100.jpg 100w, https:\/\/glareone.eu\/wp-content\/uploads\/2025\/12\/SORB150DIF_01.jpg 1200w\" sizes=\"auto, (max-width: 300px) 100vw, 300px\" \/><span class=\"cart-loading\"><\/span><\/div><div class='inner_product_header'><div class='avia-arrow'><\/div><div class='inner_product_header_table'><div class='inner_product_header_cell'><h2 class=\"woocommerce-loop-product__title\">GlareOne Orb 150 Diffuser<\/h2>\n<\/div><\/div><\/div><\/a><div class='avia_cart_buttons '><a href=\"https:\/\/glareone.eu\/cs\/produkt\/glareone-orb-150-diffuser\/\" aria-describedby=\"woocommerce_loop_add_to_cart_link_describedby_22933\" data-quantity=\"1\" class=\"button product_type_simple\" data-product_id=\"22933\" data-product_sku=\"SORB150DIF\" aria-label=\"Zjistit v\u00edce o &bdquo;GlareOne Orb 150 Diffuser&ldquo;\" rel=\"nofollow\" data-success_message=\"\"><span aria-hidden='true' data-av_icon='\ue859' data-av_iconfont='entypo-fontello'><\/span> \u010ct\u011bte v\u00edce<\/a>\t<span id=\"woocommerce_loop_add_to_cart_link_describedby_22933\" class=\"screen-reader-text\">\n\t\t\t<\/span>\n<a class=\"button show_details_button\" href=\"https:\/\/glareone.eu\/cs\/produkt\/glareone-orb-150-diffuser\/\"><span aria-hidden='true' data-av_icon='\ue84b' data-av_iconfont='entypo-fontello'><\/span>  Show Details<\/a> <span class=\"button-mini-delimiter\"><\/span><\/div><\/div><\/li>\n<\/ul><\/div><\/div><div class=\"clear\"><\/div>\n\n","protected":false},"excerpt":{"rendered":"","protected":false},"author":4,"featured_media":0,"parent":21164,"menu_order":0,"comment_status":"open","ping_status":"closed","template":"","meta":{"footnotes":""},"class_list":["post-21136","page","type-page","status-publish","hentry"],"yoast_head":"<!-- This site is optimized with the Yoast SEO plugin v27.2 - https:\/\/yoast.com\/product\/yoast-seo-wordpress\/ -->\n<title>Stativy C-Stand - GlareOne<\/title>\n<meta name=\"description\" content=\"Ocelov\u00e9 stativy C-Stand s velkou nosnost\u00ed. Odoln\u00e9 a stabiln\u00ed, jsou nezbytn\u00fdm pracovn\u00edm n\u00e1strojem ka\u017ed\u00e9ho fotografa a filma\u0159e.\" \/>\n<meta name=\"robots\" content=\"index, follow, max-snippet:-1, max-image-preview:large, max-video-preview:-1\" \/>\n<link rel=\"canonical\" href=\"https:\/\/glareone.eu\/cs\/produkty\/prislusenstvi\/svetelne-stojany\/c-stand\/\" \/>\n<meta property=\"og:locale\" content=\"cs_CZ\" \/>\n<meta property=\"og:type\" content=\"article\" \/>\n<meta property=\"og:title\" content=\"Stativy C-Stand - GlareOne\" \/>\n<meta property=\"og:description\" content=\"Ocelov\u00e9 stativy C-Stand s velkou nosnost\u00ed. Odoln\u00e9 a stabiln\u00ed, jsou nezbytn\u00fdm pracovn\u00edm n\u00e1strojem ka\u017ed\u00e9ho fotografa a filma\u0159e.\" \/>\n<meta property=\"og:url\" content=\"https:\/\/glareone.eu\/cs\/produkty\/prislusenstvi\/svetelne-stojany\/c-stand\/\" \/>\n<meta property=\"og:site_name\" content=\"GlareOne\" \/>\n<meta property=\"article:publisher\" content=\"https:\/\/www.facebook.com\/GlareOneLighting\" \/>\n<meta property=\"article:modified_time\" content=\"2025-07-22T10:42:03+00:00\" \/>\n<meta name=\"twitter:card\" content=\"summary_large_image\" \/>\n<meta name=\"twitter:label1\" content=\"Odhadovan\u00e1 doba \u010dten\u00ed\" \/>\n\t<meta name=\"twitter:data1\" content=\"1 minuta\" \/>\n<script type=\"application\/ld+json\" class=\"yoast-schema-graph\">{\"@context\":\"https:\/\/schema.org\",\"@graph\":[{\"@type\":\"WebPage\",\"@id\":\"https:\/\/glareone.eu\/cs\/produkty\/prislusenstvi\/svetelne-stojany\/c-stand\/\",\"url\":\"https:\/\/glareone.eu\/cs\/produkty\/prislusenstvi\/svetelne-stojany\/c-stand\/\",\"name\":\"Stativy C-Stand - GlareOne\",\"isPartOf\":{\"@id\":\"https:\/\/glareone.eu\/cs\/en\/#website\"},\"datePublished\":\"2024-05-08T08:20:57+00:00\",\"dateModified\":\"2025-07-22T10:42:03+00:00\",\"description\":\"Ocelov\u00e9 stativy C-Stand s velkou nosnost\u00ed. Odoln\u00e9 a stabiln\u00ed, jsou nezbytn\u00fdm pracovn\u00edm n\u00e1strojem ka\u017ed\u00e9ho fotografa a filma\u0159e.\",\"breadcrumb\":{\"@id\":\"https:\/\/glareone.eu\/cs\/produkty\/prislusenstvi\/svetelne-stojany\/c-stand\/#breadcrumb\"},\"inLanguage\":\"cs\",\"potentialAction\":[{\"@type\":\"ReadAction\",\"target\":[\"https:\/\/glareone.eu\/cs\/produkty\/prislusenstvi\/svetelne-stojany\/c-stand\/\"]}]},{\"@type\":\"BreadcrumbList\",\"@id\":\"https:\/\/glareone.eu\/cs\/produkty\/prislusenstvi\/svetelne-stojany\/c-stand\/#breadcrumb\",\"itemListElement\":[{\"@type\":\"ListItem\",\"position\":1,\"name\":\"Strona g\u0142\u00f3wna\",\"item\":\"https:\/\/glareone.eu\/cs\/\"},{\"@type\":\"ListItem\",\"position\":2,\"name\":\"Produkty\",\"item\":\"https:\/\/glareone.eu\/cs\/produkty\/\"},{\"@type\":\"ListItem\",\"position\":3,\"name\":\"P\u0159\u00edslu\u0161enstv\u00ed\",\"item\":\"https:\/\/glareone.eu\/cs\/produkty\/prislusenstvi\/\"},{\"@type\":\"ListItem\",\"position\":4,\"name\":\"Sv\u011bteln\u00e9 stojany\",\"item\":\"https:\/\/glareone.eu\/cs\/produkty\/prislusenstvi\/svetelne-stojany\/\"},{\"@type\":\"ListItem\",\"position\":5,\"name\":\"Stativy C-Stand\"}]},{\"@type\":\"WebSite\",\"@id\":\"https:\/\/glareone.eu\/cs\/en\/#website\",\"url\":\"https:\/\/glareone.eu\/cs\/en\/\",\"name\":\"GlareOne\",\"description\":\"Wyposa\u017cenie Studia\",\"publisher\":{\"@id\":\"https:\/\/glareone.eu\/cs\/en\/#organization\"},\"potentialAction\":[{\"@type\":\"SearchAction\",\"target\":{\"@type\":\"EntryPoint\",\"urlTemplate\":\"https:\/\/glareone.eu\/cs\/en\/?s={search_term_string}\"},\"query-input\":{\"@type\":\"PropertyValueSpecification\",\"valueRequired\":true,\"valueName\":\"search_term_string\"}}],\"inLanguage\":\"cs\"},{\"@type\":\"Organization\",\"@id\":\"https:\/\/glareone.eu\/cs\/en\/#organization\",\"name\":\"GlareOne\",\"url\":\"https:\/\/glareone.eu\/cs\/en\/\",\"logo\":{\"@type\":\"ImageObject\",\"inLanguage\":\"cs\",\"@id\":\"https:\/\/glareone.eu\/cs\/en\/#\/schema\/logo\/image\/\",\"url\":\"http:\/\/glareone.eu\/wp-content\/uploads\/2024\/05\/glareone_logo2020_RGB-01-e1715773127189.png\",\"contentUrl\":\"http:\/\/glareone.eu\/wp-content\/uploads\/2024\/05\/glareone_logo2020_RGB-01-e1715773127189.png\",\"width\":1270,\"height\":321,\"caption\":\"GlareOne\"},\"image\":{\"@id\":\"https:\/\/glareone.eu\/cs\/en\/#\/schema\/logo\/image\/\"},\"sameAs\":[\"https:\/\/www.facebook.com\/GlareOneLighting\",\"https:\/\/www.instagram.com\/glareonelighting\/\",\"https:\/\/www.youtube.com\/@GlareOneTV\"]}]}<\/script>\n<!-- \/ Yoast SEO plugin. -->","yoast_head_json":{"title":"Stativy C-Stand - GlareOne","description":"Ocelov\u00e9 stativy C-Stand s velkou nosnost\u00ed. Odoln\u00e9 a stabiln\u00ed, jsou nezbytn\u00fdm pracovn\u00edm n\u00e1strojem ka\u017ed\u00e9ho fotografa a filma\u0159e.","robots":{"index":"index","follow":"follow","max-snippet":"max-snippet:-1","max-image-preview":"max-image-preview:large","max-video-preview":"max-video-preview:-1"},"canonical":"https:\/\/glareone.eu\/cs\/produkty\/prislusenstvi\/svetelne-stojany\/c-stand\/","og_locale":"cs_CZ","og_type":"article","og_title":"Stativy C-Stand - GlareOne","og_description":"Ocelov\u00e9 stativy C-Stand s velkou nosnost\u00ed. Odoln\u00e9 a stabiln\u00ed, jsou nezbytn\u00fdm pracovn\u00edm n\u00e1strojem ka\u017ed\u00e9ho fotografa a filma\u0159e.","og_url":"https:\/\/glareone.eu\/cs\/produkty\/prislusenstvi\/svetelne-stojany\/c-stand\/","og_site_name":"GlareOne","article_publisher":"https:\/\/www.facebook.com\/GlareOneLighting","article_modified_time":"2025-07-22T10:42:03+00:00","twitter_card":"summary_large_image","twitter_misc":{"Odhadovan\u00e1 doba \u010dten\u00ed":"1 minuta"},"schema":{"@context":"https:\/\/schema.org","@graph":[{"@type":"WebPage","@id":"https:\/\/glareone.eu\/cs\/produkty\/prislusenstvi\/svetelne-stojany\/c-stand\/","url":"https:\/\/glareone.eu\/cs\/produkty\/prislusenstvi\/svetelne-stojany\/c-stand\/","name":"Stativy C-Stand - GlareOne","isPartOf":{"@id":"https:\/\/glareone.eu\/cs\/en\/#website"},"datePublished":"2024-05-08T08:20:57+00:00","dateModified":"2025-07-22T10:42:03+00:00","description":"Ocelov\u00e9 stativy C-Stand s velkou nosnost\u00ed. Odoln\u00e9 a stabiln\u00ed, jsou nezbytn\u00fdm pracovn\u00edm n\u00e1strojem ka\u017ed\u00e9ho fotografa a filma\u0159e.","breadcrumb":{"@id":"https:\/\/glareone.eu\/cs\/produkty\/prislusenstvi\/svetelne-stojany\/c-stand\/#breadcrumb"},"inLanguage":"cs","potentialAction":[{"@type":"ReadAction","target":["https:\/\/glareone.eu\/cs\/produkty\/prislusenstvi\/svetelne-stojany\/c-stand\/"]}]},{"@type":"BreadcrumbList","@id":"https:\/\/glareone.eu\/cs\/produkty\/prislusenstvi\/svetelne-stojany\/c-stand\/#breadcrumb","itemListElement":[{"@type":"ListItem","position":1,"name":"Strona g\u0142\u00f3wna","item":"https:\/\/glareone.eu\/cs\/"},{"@type":"ListItem","position":2,"name":"Produkty","item":"https:\/\/glareone.eu\/cs\/produkty\/"},{"@type":"ListItem","position":3,"name":"P\u0159\u00edslu\u0161enstv\u00ed","item":"https:\/\/glareone.eu\/cs\/produkty\/prislusenstvi\/"},{"@type":"ListItem","position":4,"name":"Sv\u011bteln\u00e9 stojany","item":"https:\/\/glareone.eu\/cs\/produkty\/prislusenstvi\/svetelne-stojany\/"},{"@type":"ListItem","position":5,"name":"Stativy C-Stand"}]},{"@type":"WebSite","@id":"https:\/\/glareone.eu\/cs\/en\/#website","url":"https:\/\/glareone.eu\/cs\/en\/","name":"GlareOne","description":"Wyposa\u017cenie Studia","publisher":{"@id":"https:\/\/glareone.eu\/cs\/en\/#organization"},"potentialAction":[{"@type":"SearchAction","target":{"@type":"EntryPoint","urlTemplate":"https:\/\/glareone.eu\/cs\/en\/?s={search_term_string}"},"query-input":{"@type":"PropertyValueSpecification","valueRequired":true,"valueName":"search_term_string"}}],"inLanguage":"cs"},{"@type":"Organization","@id":"https:\/\/glareone.eu\/cs\/en\/#organization","name":"GlareOne","url":"https:\/\/glareone.eu\/cs\/en\/","logo":{"@type":"ImageObject","inLanguage":"cs","@id":"https:\/\/glareone.eu\/cs\/en\/#\/schema\/logo\/image\/","url":"http:\/\/glareone.eu\/wp-content\/uploads\/2024\/05\/glareone_logo2020_RGB-01-e1715773127189.png","contentUrl":"http:\/\/glareone.eu\/wp-content\/uploads\/2024\/05\/glareone_logo2020_RGB-01-e1715773127189.png","width":1270,"height":321,"caption":"GlareOne"},"image":{"@id":"https:\/\/glareone.eu\/cs\/en\/#\/schema\/logo\/image\/"},"sameAs":["https:\/\/www.facebook.com\/GlareOneLighting","https:\/\/www.instagram.com\/glareonelighting\/","https:\/\/www.youtube.com\/@GlareOneTV"]}]}},"_links":{"self":[{"href":"https:\/\/glareone.eu\/cs\/wp-json\/wp\/v2\/pages\/21136","targetHints":{"allow":["GET"]}}],"collection":[{"href":"https:\/\/glareone.eu\/cs\/wp-json\/wp\/v2\/pages"}],"about":[{"href":"https:\/\/glareone.eu\/cs\/wp-json\/wp\/v2\/types\/page"}],"author":[{"embeddable":true,"href":"https:\/\/glareone.eu\/cs\/wp-json\/wp\/v2\/users\/4"}],"replies":[{"embeddable":true,"href":"https:\/\/glareone.eu\/cs\/wp-json\/wp\/v2\/comments?post=21136"}],"version-history":[{"count":2,"href":"https:\/\/glareone.eu\/cs\/wp-json\/wp\/v2\/pages\/21136\/revisions"}],"predecessor-version":[{"id":21137,"href":"https:\/\/glareone.eu\/cs\/wp-json\/wp\/v2\/pages\/21136\/revisions\/21137"}],"up":[{"embeddable":true,"href":"https:\/\/glareone.eu\/cs\/wp-json\/wp\/v2\/pages\/21164"}],"wp:attachment":[{"href":"https:\/\/glareone.eu\/cs\/wp-json\/wp\/v2\/media?parent=21136"}],"curies":[{"name":"wp","href":"https:\/\/api.w.org\/{rel}","templated":true}]}}