{"id":21066,"date":"2024-05-16T13:19:08","date_gmt":"2024-05-16T13:19:08","guid":{"rendered":"https:\/\/glareone.eu\/support\/"},"modified":"2025-08-14T10:13:37","modified_gmt":"2025-08-14T10:13:37","slug":"podpora","status":"publish","type":"page","link":"https:\/\/glareone.eu\/cs\/podpora\/","title":{"rendered":"Podpora"},"content":{"rendered":"<div  class='flex_column av-1rw0ry-bea76e6eae6a4e5f4a58aa49434699e5 av_one_full  avia-builder-el-0  el_before_av_section  avia-builder-el-no-sibling  first flex_column_div  '     ><style type=\"text\/css\" data-created_by=\"avia_inline_auto\" id=\"style-css-av-luzojory-c612314524ae9e2b4d04930d38d91b84\">\n#top .av-special-heading.av-luzojory-c612314524ae9e2b4d04930d38d91b84{\npadding-bottom:10px;\n}\nbody .av-special-heading.av-luzojory-c612314524ae9e2b4d04930d38d91b84 .av-special-heading-tag .heading-char{\nfont-size:25px;\n}\n.av-special-heading.av-luzojory-c612314524ae9e2b4d04930d38d91b84 .av-subheading{\nfont-size:15px;\n}\n<\/style>\n<div  class='av-special-heading av-luzojory-c612314524ae9e2b4d04930d38d91b84 av-special-heading-h1 blockquote modern-quote modern-centered  avia-builder-el-1  avia-builder-el-no-sibling  av-thin-font'><h1 class='av-special-heading-tag'  itemprop=\"headline\"  ><strong>Podpora<\/strong><\/h1><div class=\"special-heading-border\"><div class=\"special-heading-inner-border\"><\/div><\/div><\/div><\/div>\n<\/div><\/div><\/div><!-- close content main div --><\/div><\/div><div id='homeproductcategorylist'  class='avia-section av-90lr0p-63103efc62f503aee9b7db6851cd0368 main_color avia-section-default avia-no-border-styling  avia-builder-el-2  el_after_av_one_full  el_before_av_three_fourth  avia-bg-style-scroll container_wrap fullsize'  ><div class='container av-section-cont-open' ><div class='template-page content  av-content-full alpha units'><div class='post-entry post-entry-type-page post-entry-21066'><div class='entry-content-wrapper clearfix'>\n<div  class='flex_column av-27fagq1-0d47ecd50124e903b27ebcef8a0d43cc av_one_fourth  avia-builder-el-3  el_before_av_one_fourth  avia-builder-el-first  first flex_column_div  '     ><p>\n<style type=\"text\/css\" data-created_by=\"avia_inline_auto\" id=\"style-css-av-lw99vgbl-a78ac0bd9d10d84cd005f548a55bdf04\">\n.av_font_icon.av-lw99vgbl-a78ac0bd9d10d84cd005f548a55bdf04 .av-icon-char{\nfont-size:50px;\nline-height:50px;\nwidth:50px;\n}\n<\/style>\n<span  class='av_font_icon av-lw99vgbl-a78ac0bd9d10d84cd005f548a55bdf04 avia_animate_when_visible av-icon-style-border avia-icon-pos-center av-no-color avia-icon-animate'><a href='https:\/\/glareone.eu\/cs\/podpora\/firmware-update\/'   class='av-icon-char' aria-hidden='true' data-av_icon='\ue856' data-av_iconfont='entypo-fontello' data-avia-icon-tooltip=\"&lt;br \/&gt;\nFirmware Update&lt;br \/&gt;\n\"><\/a><\/span><br \/>\n\n<style type=\"text\/css\" data-created_by=\"avia_inline_auto\" id=\"style-css-av-lw99z4iu-ba71b07c6f13cffcdc3353ed908015d3\">\n#top .hr.av-lw99z4iu-ba71b07c6f13cffcdc3353ed908015d3{\nmargin-top:10px;\nmargin-bottom:10px;\n}\n.hr.av-lw99z4iu-ba71b07c6f13cffcdc3353ed908015d3 .hr-inner{\nwidth:50px;\n}\n<\/style>\n<div  class='hr av-lw99z4iu-ba71b07c6f13cffcdc3353ed908015d3 hr-custom  avia-builder-el-5  el_after_av_font_icon  el_before_av_textblock  hr-center hr-icon-no'><span class='hr-inner inner-border-av-border-none'><span class=\"hr-inner-style\"><\/span><\/span><\/div><br \/>\n<section  class='av_textblock_section av-lw99ygny-b7f93d7fee7039f5b913466f3514254d '   itemscope=\"itemscope\" itemtype=\"https:\/\/schema.org\/CreativeWork\" ><div class='avia_textblock'  itemprop=\"text\" ><h3 style=\"text-align: center;\"><a href=\"https:\/\/glareone.eu\/cs\/podpora\/firmware-update\/\">Firmware Update<\/a><\/h3>\n<\/div><\/section><\/p><\/div><div  class='flex_column av-251z9ze-a45b0030575bc1b74b0f531f4ce830ac av_one_fourth  avia-builder-el-7  el_after_av_one_fourth  el_before_av_one_fourth  flex_column_div  '     ><p>\n<style type=\"text\/css\" data-created_by=\"avia_inline_auto\" id=\"style-css-av-1njcy16-fb6cea96d7145ebe3637cb15899f59f0\">\n.av_font_icon.av-1njcy16-fb6cea96d7145ebe3637cb15899f59f0 .av-icon-char{\nfont-size:50px;\nline-height:50px;\nwidth:50px;\n}\n<\/style>\n<span  class='av_font_icon av-1njcy16-fb6cea96d7145ebe3637cb15899f59f0 avia_animate_when_visible av-icon-style-border avia-icon-pos-center av-no-color avia-icon-animate'><a href='https:\/\/glareone.eu\/cs\/podpora\/navody-k-obsluze\/'   class='av-icon-char' aria-hidden='true' data-av_icon='\ue84e' data-av_iconfont='entypo-fontello' data-avia-icon-tooltip=\"&lt;br \/&gt;\nN\u00e1vody k obsluze&lt;br \/&gt;\n\"><\/a><\/span><br \/>\n\n<style type=\"text\/css\" data-created_by=\"avia_inline_auto\" id=\"style-css-av-17gjbpm-9caee040a2d63e074d16637632e1ca88\">\n#top .hr.av-17gjbpm-9caee040a2d63e074d16637632e1ca88{\nmargin-top:10px;\nmargin-bottom:10px;\n}\n.hr.av-17gjbpm-9caee040a2d63e074d16637632e1ca88 .hr-inner{\nwidth:50px;\n}\n<\/style>\n<div  class='hr av-17gjbpm-9caee040a2d63e074d16637632e1ca88 hr-custom  avia-builder-el-9  el_after_av_font_icon  el_before_av_textblock  hr-center hr-icon-no'><span class='hr-inner inner-border-av-border-none'><span class=\"hr-inner-style\"><\/span><\/span><\/div><br \/>\n<section  class='av_textblock_section av-1v65ai-31da46845b2d2d5ddd9a90ac0c983112 '   itemscope=\"itemscope\" itemtype=\"https:\/\/schema.org\/CreativeWork\" ><div class='avia_textblock'  itemprop=\"text\" ><h3 style=\"text-align: center;\"><a href=\"https:\/\/glareone.eu\/cs\/podpora\/navody-k-obsluze\/\">N\u00e1vody k obsluze<\/a><\/h3>\n<\/div><\/section><\/p><\/div><div  class='flex_column av-1j8z0mh-bdd1c2437220f4114eeeae73ae4f0750 av_one_fourth  avia-builder-el-11  el_after_av_one_fourth  el_before_av_one_fourth  flex_column_div  '     ><p>\n<style type=\"text\/css\" data-created_by=\"avia_inline_auto\" id=\"style-css-av-lw99wt39-51f2adf65eac619992fd72df2733e739\">\n.av_font_icon.av-lw99wt39-51f2adf65eac619992fd72df2733e739 .av-icon-char{\nfont-size:50px;\nline-height:50px;\nwidth:50px;\n}\n<\/style>\n<span  class='av_font_icon av-lw99wt39-51f2adf65eac619992fd72df2733e739 avia_animate_when_visible av-icon-style-border avia-icon-pos-center av-no-color avia-icon-animate'><a href='https:\/\/glareone.eu\/cs\/aplikace\/'   class='av-icon-char' aria-hidden='true' data-av_icon='\ue8ac' data-av_iconfont='entypo-fontello' ><\/a><\/span><br \/>\n\n<style type=\"text\/css\" data-created_by=\"avia_inline_auto\" id=\"style-css-av-15dzmix-2494f35a1490752a9359b51facb6b4e6\">\n#top .hr.av-15dzmix-2494f35a1490752a9359b51facb6b4e6{\nmargin-top:10px;\nmargin-bottom:10px;\n}\n.hr.av-15dzmix-2494f35a1490752a9359b51facb6b4e6 .hr-inner{\nwidth:50px;\n}\n<\/style>\n<div  class='hr av-15dzmix-2494f35a1490752a9359b51facb6b4e6 hr-custom  avia-builder-el-13  el_after_av_font_icon  el_before_av_textblock  hr-center hr-icon-no'><span class='hr-inner inner-border-av-border-none'><span class=\"hr-inner-style\"><\/span><\/span><\/div><br \/>\n<section  class='av_textblock_section av-lw9a0m36-8719f9edda196e496e28aa9755d7826b '   itemscope=\"itemscope\" itemtype=\"https:\/\/schema.org\/CreativeWork\" ><div class='avia_textblock'  itemprop=\"text\" ><h3 style=\"text-align: center;\"><a href=\"\/cs\/podpora\/aplikace\/\">Aplikace GlareOne<\/a><\/h3>\n<\/div><\/section><\/p><\/div><div  class='flex_column av-av_one_fourth-6e494accc86cb29966a5a7c95bf66c88 av_one_fourth  avia-builder-el-15  el_after_av_one_fourth  avia-builder-el-last  flex_column_div  '     ><p>\n<style type=\"text\/css\" data-created_by=\"avia_inline_auto\" id=\"style-css-av-meb8shjx-377dd5b7e2dcbaf451d0fe1125d8cf6b\">\n.av_font_icon.av-meb8shjx-377dd5b7e2dcbaf451d0fe1125d8cf6b .av-icon-char{\nfont-size:50px;\nline-height:50px;\nwidth:50px;\n}\n<\/style>\n<span  class='av_font_icon av-meb8shjx-377dd5b7e2dcbaf451d0fe1125d8cf6b avia_animate_when_visible av-icon-style-border avia-icon-pos-center av-no-color avia-icon-animate'><a href='https:\/\/glareone.eu\/cs\/faq\/'   class='av-icon-char' aria-hidden='true' data-av_icon='\ue81d' data-av_iconfont='entypo-fontello' ><\/a><\/span><br \/>\n\n<style type=\"text\/css\" data-created_by=\"avia_inline_auto\" id=\"style-css-av-av_hr-5d331869860e04c36bf4a1e20c4c4dfb\">\n#top .hr.av-av_hr-5d331869860e04c36bf4a1e20c4c4dfb{\nmargin-top:10px;\nmargin-bottom:10px;\n}\n.hr.av-av_hr-5d331869860e04c36bf4a1e20c4c4dfb .hr-inner{\nwidth:50px;\n}\n<\/style>\n<div  class='hr av-av_hr-5d331869860e04c36bf4a1e20c4c4dfb hr-custom  avia-builder-el-17  el_after_av_font_icon  el_before_av_textblock  hr-center hr-icon-no'><span class='hr-inner inner-border-av-border-none'><span class=\"hr-inner-style\"><\/span><\/span><\/div><br \/>\n<section  class='av_textblock_section av-meb8srdd-233f5bd4cefe771e3609014d10c481d7 '   itemscope=\"itemscope\" itemtype=\"https:\/\/schema.org\/CreativeWork\" ><div class='avia_textblock'  itemprop=\"text\" ><h3 style=\"text-align: center;\"><a href=\"https:\/\/glareone.eu\/cs\/faq\/\">FAQ<\/a><\/h3>\n<\/div><\/section><\/p><\/div><\/div><\/div><\/div><!-- close content main div --><\/div><\/div><div id='after_section_1'  class='main_color av_default_container_wrap container_wrap fullsize'  ><div class='container av-section-cont-open' ><div class='template-page content  av-content-full alpha units'><div class='post-entry post-entry-type-page post-entry-21066'><div class='entry-content-wrapper clearfix'><div  class='flex_column av-r9av9l-8253218ec83730017f33aa0d71144dd1 av_three_fourth  avia-builder-el-19  el_after_av_section  avia-builder-el-no-sibling  first flex_column_div  '     ><\/div><\/p>\n","protected":false},"excerpt":{"rendered":"","protected":false},"author":4,"featured_media":0,"parent":0,"menu_order":0,"comment_status":"open","ping_status":"closed","template":"","meta":{"footnotes":""},"class_list":["post-21066","page","type-page","status-publish","hentry"],"yoast_head":"<!-- This site is optimized with the Yoast SEO plugin v27.2 - https:\/\/yoast.com\/product\/yoast-seo-wordpress\/ -->\n<title>Podpora - GlareOne<\/title>\n<meta name=\"robots\" content=\"index, follow, max-snippet:-1, max-image-preview:large, max-video-preview:-1\" \/>\n<link rel=\"canonical\" href=\"https:\/\/glareone.eu\/cs\/podpora\/\" \/>\n<meta property=\"og:locale\" content=\"cs_CZ\" \/>\n<meta property=\"og:type\" content=\"article\" \/>\n<meta property=\"og:title\" content=\"Podpora - GlareOne\" \/>\n<meta property=\"og:url\" content=\"https:\/\/glareone.eu\/cs\/podpora\/\" \/>\n<meta property=\"og:site_name\" content=\"GlareOne\" \/>\n<meta property=\"article:publisher\" content=\"https:\/\/www.facebook.com\/GlareOneLighting\" \/>\n<meta property=\"article:modified_time\" content=\"2025-08-14T10:13:37+00:00\" \/>\n<meta name=\"twitter:card\" content=\"summary_large_image\" \/>\n<meta name=\"twitter:label1\" content=\"Odhadovan\u00e1 doba \u010dten\u00ed\" \/>\n\t<meta name=\"twitter:data1\" content=\"1 minuta\" \/>\n<script type=\"application\/ld+json\" class=\"yoast-schema-graph\">{\"@context\":\"https:\/\/schema.org\",\"@graph\":[{\"@type\":\"WebPage\",\"@id\":\"https:\/\/glareone.eu\/cs\/podpora\/\",\"url\":\"https:\/\/glareone.eu\/cs\/podpora\/\",\"name\":\"Podpora - GlareOne\",\"isPartOf\":{\"@id\":\"https:\/\/glareone.eu\/cs\/en\/#website\"},\"datePublished\":\"2024-05-16T13:19:08+00:00\",\"dateModified\":\"2025-08-14T10:13:37+00:00\",\"breadcrumb\":{\"@id\":\"https:\/\/glareone.eu\/cs\/podpora\/#breadcrumb\"},\"inLanguage\":\"cs\",\"potentialAction\":[{\"@type\":\"ReadAction\",\"target\":[\"https:\/\/glareone.eu\/cs\/podpora\/\"]}]},{\"@type\":\"BreadcrumbList\",\"@id\":\"https:\/\/glareone.eu\/cs\/podpora\/#breadcrumb\",\"itemListElement\":[{\"@type\":\"ListItem\",\"position\":1,\"name\":\"Strona g\u0142\u00f3wna\",\"item\":\"https:\/\/glareone.eu\/cs\/\"},{\"@type\":\"ListItem\",\"position\":2,\"name\":\"Podpora\"}]},{\"@type\":\"WebSite\",\"@id\":\"https:\/\/glareone.eu\/cs\/en\/#website\",\"url\":\"https:\/\/glareone.eu\/cs\/en\/\",\"name\":\"GlareOne\",\"description\":\"Wyposa\u017cenie Studia\",\"publisher\":{\"@id\":\"https:\/\/glareone.eu\/cs\/en\/#organization\"},\"potentialAction\":[{\"@type\":\"SearchAction\",\"target\":{\"@type\":\"EntryPoint\",\"urlTemplate\":\"https:\/\/glareone.eu\/cs\/en\/?s={search_term_string}\"},\"query-input\":{\"@type\":\"PropertyValueSpecification\",\"valueRequired\":true,\"valueName\":\"search_term_string\"}}],\"inLanguage\":\"cs\"},{\"@type\":\"Organization\",\"@id\":\"https:\/\/glareone.eu\/cs\/en\/#organization\",\"name\":\"GlareOne\",\"url\":\"https:\/\/glareone.eu\/cs\/en\/\",\"logo\":{\"@type\":\"ImageObject\",\"inLanguage\":\"cs\",\"@id\":\"https:\/\/glareone.eu\/cs\/en\/#\/schema\/logo\/image\/\",\"url\":\"http:\/\/glareone.eu\/wp-content\/uploads\/2024\/05\/glareone_logo2020_RGB-01-e1715773127189.png\",\"contentUrl\":\"http:\/\/glareone.eu\/wp-content\/uploads\/2024\/05\/glareone_logo2020_RGB-01-e1715773127189.png\",\"width\":1270,\"height\":321,\"caption\":\"GlareOne\"},\"image\":{\"@id\":\"https:\/\/glareone.eu\/cs\/en\/#\/schema\/logo\/image\/\"},\"sameAs\":[\"https:\/\/www.facebook.com\/GlareOneLighting\",\"https:\/\/www.instagram.com\/glareonelighting\/\",\"https:\/\/www.youtube.com\/@GlareOneTV\"]}]}<\/script>\n<!-- \/ Yoast SEO plugin. -->","yoast_head_json":{"title":"Podpora - GlareOne","robots":{"index":"index","follow":"follow","max-snippet":"max-snippet:-1","max-image-preview":"max-image-preview:large","max-video-preview":"max-video-preview:-1"},"canonical":"https:\/\/glareone.eu\/cs\/podpora\/","og_locale":"cs_CZ","og_type":"article","og_title":"Podpora - GlareOne","og_url":"https:\/\/glareone.eu\/cs\/podpora\/","og_site_name":"GlareOne","article_publisher":"https:\/\/www.facebook.com\/GlareOneLighting","article_modified_time":"2025-08-14T10:13:37+00:00","twitter_card":"summary_large_image","twitter_misc":{"Odhadovan\u00e1 doba \u010dten\u00ed":"1 minuta"},"schema":{"@context":"https:\/\/schema.org","@graph":[{"@type":"WebPage","@id":"https:\/\/glareone.eu\/cs\/podpora\/","url":"https:\/\/glareone.eu\/cs\/podpora\/","name":"Podpora - GlareOne","isPartOf":{"@id":"https:\/\/glareone.eu\/cs\/en\/#website"},"datePublished":"2024-05-16T13:19:08+00:00","dateModified":"2025-08-14T10:13:37+00:00","breadcrumb":{"@id":"https:\/\/glareone.eu\/cs\/podpora\/#breadcrumb"},"inLanguage":"cs","potentialAction":[{"@type":"ReadAction","target":["https:\/\/glareone.eu\/cs\/podpora\/"]}]},{"@type":"BreadcrumbList","@id":"https:\/\/glareone.eu\/cs\/podpora\/#breadcrumb","itemListElement":[{"@type":"ListItem","position":1,"name":"Strona g\u0142\u00f3wna","item":"https:\/\/glareone.eu\/cs\/"},{"@type":"ListItem","position":2,"name":"Podpora"}]},{"@type":"WebSite","@id":"https:\/\/glareone.eu\/cs\/en\/#website","url":"https:\/\/glareone.eu\/cs\/en\/","name":"GlareOne","description":"Wyposa\u017cenie Studia","publisher":{"@id":"https:\/\/glareone.eu\/cs\/en\/#organization"},"potentialAction":[{"@type":"SearchAction","target":{"@type":"EntryPoint","urlTemplate":"https:\/\/glareone.eu\/cs\/en\/?s={search_term_string}"},"query-input":{"@type":"PropertyValueSpecification","valueRequired":true,"valueName":"search_term_string"}}],"inLanguage":"cs"},{"@type":"Organization","@id":"https:\/\/glareone.eu\/cs\/en\/#organization","name":"GlareOne","url":"https:\/\/glareone.eu\/cs\/en\/","logo":{"@type":"ImageObject","inLanguage":"cs","@id":"https:\/\/glareone.eu\/cs\/en\/#\/schema\/logo\/image\/","url":"http:\/\/glareone.eu\/wp-content\/uploads\/2024\/05\/glareone_logo2020_RGB-01-e1715773127189.png","contentUrl":"http:\/\/glareone.eu\/wp-content\/uploads\/2024\/05\/glareone_logo2020_RGB-01-e1715773127189.png","width":1270,"height":321,"caption":"GlareOne"},"image":{"@id":"https:\/\/glareone.eu\/cs\/en\/#\/schema\/logo\/image\/"},"sameAs":["https:\/\/www.facebook.com\/GlareOneLighting","https:\/\/www.instagram.com\/glareonelighting\/","https:\/\/www.youtube.com\/@GlareOneTV"]}]}},"_links":{"self":[{"href":"https:\/\/glareone.eu\/cs\/wp-json\/wp\/v2\/pages\/21066","targetHints":{"allow":["GET"]}}],"collection":[{"href":"https:\/\/glareone.eu\/cs\/wp-json\/wp\/v2\/pages"}],"about":[{"href":"https:\/\/glareone.eu\/cs\/wp-json\/wp\/v2\/types\/page"}],"author":[{"embeddable":true,"href":"https:\/\/glareone.eu\/cs\/wp-json\/wp\/v2\/users\/4"}],"replies":[{"embeddable":true,"href":"https:\/\/glareone.eu\/cs\/wp-json\/wp\/v2\/comments?post=21066"}],"version-history":[{"count":7,"href":"https:\/\/glareone.eu\/cs\/wp-json\/wp\/v2\/pages\/21066\/revisions"}],"predecessor-version":[{"id":22125,"href":"https:\/\/glareone.eu\/cs\/wp-json\/wp\/v2\/pages\/21066\/revisions\/22125"}],"wp:attachment":[{"href":"https:\/\/glareone.eu\/cs\/wp-json\/wp\/v2\/media?parent=21066"}],"curies":[{"name":"wp","href":"https:\/\/api.w.org\/{rel}","templated":true}]}}