{"id":20994,"date":"2024-04-18T21:51:02","date_gmt":"2024-04-18T21:51:02","guid":{"rendered":"https:\/\/glareone.eu\/o-nas\/"},"modified":"2025-07-22T09:30:03","modified_gmt":"2025-07-22T09:30:03","slug":"o-nas","status":"publish","type":"page","link":"https:\/\/glareone.eu\/cs\/o-nas\/","title":{"rendered":"O n\u00e1s"},"content":{"rendered":"<div id='full_slider_1'  class='avia-fullwidth-slider main_color avia-shadow   avia-builder-el-0  el_before_av_one_full  avia-builder-el-first   container_wrap fullsize'  >\n<style type=\"text\/css\" data-created_by=\"avia_inline_auto\" id=\"style-css-av-b06b2c-40978eab623d2b7dcd9b5d2226c23140\">\n#top #wrap_all .avia-slideshow .av-slideshow-caption.av-b06b2c-40978eab623d2b7dcd9b5d2226c23140__0 .avia-caption-title{\nfont-size:35px;\n}\n#top .avia-slideshow .av-slideshow-caption.av-b06b2c-40978eab623d2b7dcd9b5d2226c23140__0 .avia-caption-content{\nfont-size:20px;\n}\n#top .avia-slideshow .av-slideshow-caption.av-b06b2c-40978eab623d2b7dcd9b5d2226c23140__0 .avia-caption-content p{\nfont-size:20px;\n}\n<\/style>\n<div  class='avia-slideshow av-b06b2c-40978eab623d2b7dcd9b5d2226c23140 avia-slideshow-featured av_slideshow_full avia-fade-slider av-slideshow-ui av-control-hidden av-no-slider-navigation av-hide-nav-arrows av-slideshow-manual av-loop-once av-loop-manual-endless av-default-height-applied   avia-slideshow-1' data-slideshow-options=\"{&quot;animation&quot;:&quot;fade&quot;,&quot;autoplay&quot;:false,&quot;loop_autoplay&quot;:&quot;once&quot;,&quot;interval&quot;:5,&quot;loop_manual&quot;:&quot;manual-endless&quot;,&quot;autoplay_stopper&quot;:false,&quot;noNavigation&quot;:true,&quot;bg_slider&quot;:false,&quot;keep_padding&quot;:false,&quot;hoverpause&quot;:false,&quot;show_slide_delay&quot;:0}\"  itemprop=\"image\" itemscope=\"itemscope\" itemtype=\"https:\/\/schema.org\/ImageObject\" ><ul class='avia-slideshow-inner ' style='padding-bottom: 28.666666666667%;'><li  class='avia-slideshow-slide av-b06b2c-40978eab623d2b7dcd9b5d2226c23140__0  av-single-slide slide-1 slide-odd'><div data-rel='slideshow-1' class='avia-slide-wrap '   ><img decoding=\"async\" fetchpriority=\"high\" class=\"wp-image-20995 avia-img-lazy-loading-not-20995\"  src=\"https:\/\/glareone.eu\/wp-content\/uploads\/2024\/04\/header_contact_glareone-1500x430.jpg\" width=\"1500\" height=\"430\" title='header_contact_glareone' alt=''  itemprop=\"thumbnailUrl\"  style='min-height:600px; min-width:2094px; ' srcset=\"https:\/\/glareone.eu\/wp-content\/uploads\/2024\/04\/header_contact_glareone-1500x429.jpg 1500w, https:\/\/glareone.eu\/wp-content\/uploads\/2024\/04\/header_contact_glareone-300x86.jpg 300w, https:\/\/glareone.eu\/wp-content\/uploads\/2024\/04\/header_contact_glareone-1030x295.jpg 1030w, https:\/\/glareone.eu\/wp-content\/uploads\/2024\/04\/header_contact_glareone-768x220.jpg 768w, https:\/\/glareone.eu\/wp-content\/uploads\/2024\/04\/header_contact_glareone-1536x439.jpg 1536w, https:\/\/glareone.eu\/wp-content\/uploads\/2024\/04\/header_contact_glareone-705x202.jpg 705w, https:\/\/glareone.eu\/wp-content\/uploads\/2024\/04\/header_contact_glareone-450x129.jpg 450w, https:\/\/glareone.eu\/wp-content\/uploads\/2024\/04\/header_contact_glareone-600x172.jpg 600w, https:\/\/glareone.eu\/wp-content\/uploads\/2024\/04\/header_contact_glareone.jpg 1920w\" sizes=\"(max-width: 1500px) 100vw, 1500px\" \/><\/div><\/li><\/ul><\/div><\/div><div id='after_full_slider_1'  class='main_color av_default_container_wrap container_wrap fullsize'  ><div class='container av-section-cont-open' ><div class='template-page content  av-content-full alpha units'><div class='post-entry post-entry-type-page post-entry-20994'><div class='entry-content-wrapper clearfix'>\n<div  class='flex_column av-13ozsz-973433db458d07393f12f42dead9515d av_one_full  avia-builder-el-1  el_after_av_slideshow_full  el_before_av_section  avia-builder-el-no-sibling  first flex_column_div  '     ><p>\n<style type=\"text\/css\" data-created_by=\"avia_inline_auto\" id=\"style-css-av-lv5qmd3r-20dd33a2f1802f44b42b2f6783431ab9\">\n#top .av-special-heading.av-lv5qmd3r-20dd33a2f1802f44b42b2f6783431ab9{\npadding-bottom:10px;\n}\nbody .av-special-heading.av-lv5qmd3r-20dd33a2f1802f44b42b2f6783431ab9 .av-special-heading-tag .heading-char{\nfont-size:25px;\n}\n.av-special-heading.av-lv5qmd3r-20dd33a2f1802f44b42b2f6783431ab9 .av-subheading{\nfont-size:15px;\n}\n<\/style>\n<div  class='av-special-heading av-lv5qmd3r-20dd33a2f1802f44b42b2f6783431ab9 av-special-heading-h2 blockquote modern-quote modern-centered  avia-builder-el-2  el_before_av_textblock  avia-builder-el-first '><h2 class='av-special-heading-tag'  itemprop=\"headline\"  >O n\u00e1s<\/h2><div class=\"special-heading-border\"><div class=\"special-heading-inner-border\"><\/div><\/div><\/div><br \/>\n<section  class='av_textblock_section av-lv5rr8zp-965991aeeee90f3703f72ae536ec6c0a '   itemscope=\"itemscope\" itemtype=\"https:\/\/schema.org\/CreativeWork\" ><div class='avia_textblock'  itemprop=\"text\" ><p style=\"text-align: center;\">Ve fotografii a filmu hraje sv\u011btlo hlavn\u00ed roli, umo\u017e\u0148uje malovat obrazy, kter\u00e9 okouzluj\u00ed a p\u0159etv\u00e1\u0159ej\u00ed sv\u011bt. Ve studiu pot\u0159ebujeme spolehliv\u00e9, solidn\u00ed a kvalitn\u00ed p\u0159\u00edslu\u0161enstv\u00ed, kter\u00e9 je vyrobeno z dobr\u00fdch materi\u00e1l\u016f, abychom dos\u00e1hli opravdu dobr\u00e9ho efektu a mohli efektivn\u011b ovliv\u0148ovat realitu pomoc\u00ed osv\u011btlen\u00ed. D\u016fle\u017eit\u00e1 je zde p\u00e9\u010de o detaily, proto\u017ee pr\u00e1v\u011b detaily rozhoduj\u00ed o kone\u010dn\u00e9m v\u00fdsledku.<\/p>\n<\/div><\/section><\/p><\/div><\/div><\/div><\/div><!-- close content main div --><\/div><\/div><div id='av_section_1'  class='avia-section av-lv5qrudv-b88820be8475e99a5220f727eb7502a0 alternate_color avia-section-default avia-no-border-styling  avia-builder-el-4  el_after_av_one_full  el_before_av_layout_row  avia-bg-style-scroll container_wrap fullsize'  ><div class='container av-section-cont-open' ><div class='template-page content  av-content-full alpha units'><div class='post-entry post-entry-type-page post-entry-20994'><div class='entry-content-wrapper clearfix'>\n<div  class='flex_column av-2lmfs3-b34f83ddab986082fc98ea9216ec6f55 av_one_fourth  avia-builder-el-5  el_before_av_one_fourth  avia-builder-el-first  first flex_column_div  '     ><p>\n<style type=\"text\/css\" data-created_by=\"avia_inline_auto\" id=\"style-css-av-lv5qw7bm-f2f4c7ca7119b9cab15d2941460becc4\">\n.av_font_icon.av-lv5qw7bm-f2f4c7ca7119b9cab15d2941460becc4{\ncolor:#191919;\nborder-color:#191919;\n}\n.av_font_icon.av-lv5qw7bm-f2f4c7ca7119b9cab15d2941460becc4 .av-icon-char{\nfont-size:50px;\nline-height:50px;\nwidth:50px;\n}\n<\/style>\n<span  class='av_font_icon av-lv5qw7bm-f2f4c7ca7119b9cab15d2941460becc4 avia_animate_when_visible av-icon-style-border avia-icon-pos-center avia-icon-animate'><span class='av-icon-char' aria-hidden='true' data-av_icon='\ue808' data-av_iconfont='entypo-fontello' data-avia-icon-tooltip=\"&lt;br \/&gt;\nNEJLEP\u0160\u00cd CENA,&lt;br \/&gt;\nNEJLEP\u0160\u00cd KVALITA&lt;br \/&gt;\n\"><\/span><span class='av_icon_caption av-special-font'>NEJLEP\u0160\u00cd CENA,<br \/>\nNEJLEP\u0160\u00cd KVALITA<\/span><\/span><br \/>\n<section  class='av_textblock_section av-lv5qx6d7-0cb36c1d7ca8ecb883568a87b6b051a1 '   itemscope=\"itemscope\" itemtype=\"https:\/\/schema.org\/CreativeWork\" ><div class='avia_textblock'  itemprop=\"text\" ><p style=\"text-align: center;\">Zna\u010dka <b>GlareOne<\/b> vznikla jako odpov\u011b\u010f na popt\u00e1vku trhu po studiov\u00fdch dopl\u0148c\u00edch, kter\u00e9 za p\u0159ijatelnou cenu nab\u00edzej\u00ed tak\u00e9 odpov\u00eddaj\u00edc\u00ed kvalitu.<\/p>\n<\/div><\/section><\/p><\/div><div  class='flex_column av-6xa7we-19312ce3e97f407bcb4d72ffba7e274f av_one_fourth  avia-builder-el-8  el_after_av_one_fourth  el_before_av_one_fourth  flex_column_div  '     ><p>\n<style type=\"text\/css\" data-created_by=\"avia_inline_auto\" id=\"style-css-av-lv5rtbx4-5cef8b1d3fd6a0904ccc522172de22d9\">\n.av_font_icon.av-lv5rtbx4-5cef8b1d3fd6a0904ccc522172de22d9{\ncolor:#191919;\nborder-color:#191919;\n}\n.av_font_icon.av-lv5rtbx4-5cef8b1d3fd6a0904ccc522172de22d9 .av-icon-char{\nfont-size:50px;\nline-height:50px;\nwidth:50px;\n}\n<\/style>\n<span  class='av_font_icon av-lv5rtbx4-5cef8b1d3fd6a0904ccc522172de22d9 avia_animate_when_visible av-icon-style-border avia-icon-pos-center avia-icon-animate'><span class='av-icon-char' aria-hidden='true' data-av_icon='\ue82b' data-av_iconfont='entypo-fontello' data-avia-icon-tooltip=\"&lt;br \/&gt;\nIDE\u00c1LN\u00cd&lt;br \/&gt;\nVOLBA&lt;br \/&gt;\n\"><\/span><span class='av_icon_caption av-special-font'>IDE\u00c1LN\u00cd<br \/>\nVOLBA<\/span><\/span><br \/>\n<section  class='av_textblock_section av-lv5rtgjl-734328ae31babe3942e7fc6141fdb7a2 '   itemscope=\"itemscope\" itemtype=\"https:\/\/schema.org\/CreativeWork\" ><div class='avia_textblock'  itemprop=\"text\" ><p style=\"text-align: center;\">D\u00edky bohat\u00fdm zku\u0161enostem v oboru osv\u011btlovac\u00edch dopl\u0148k\u016f se osob\u00e1m odpov\u011bdn\u00fdm za vytvo\u0159en\u00ed zna\u010dky poda\u0159ilo <b>vybrat a vybrat<\/b> produkty spl\u0148uj\u00edc\u00ed ob\u011b hlavn\u00ed krit\u00e9ria.<\/p>\n<\/div><\/section><\/p><\/div><div  class='flex_column av-6e84tq-796f387033d492bd8145e7b0f2bc708c av_one_fourth  avia-builder-el-11  el_after_av_one_fourth  el_before_av_one_fourth  flex_column_div  '     ><p>\n<style type=\"text\/css\" data-created_by=\"avia_inline_auto\" id=\"style-css-av-lv5ruewa-5689515feffa82ccd3e2e2a33432ed0a\">\n.av_font_icon.av-lv5ruewa-5689515feffa82ccd3e2e2a33432ed0a{\ncolor:#191919;\nborder-color:#191919;\n}\n.av_font_icon.av-lv5ruewa-5689515feffa82ccd3e2e2a33432ed0a .av-icon-char{\nfont-size:50px;\nline-height:50px;\nwidth:50px;\n}\n<\/style>\n<span  class='av_font_icon av-lv5ruewa-5689515feffa82ccd3e2e2a33432ed0a avia_animate_when_visible av-icon-style-border avia-icon-pos-center avia-icon-animate'><span class='av-icon-char' aria-hidden='true' data-av_icon='\ue8c5' data-av_iconfont='entypo-fontello' data-avia-icon-tooltip=\"&lt;br \/&gt;\nNEUST\u00c1L\u00dd&lt;br \/&gt;\nROZVOJ&lt;br \/&gt;\n\"><\/span><span class='av_icon_caption av-special-font'>NEUST\u00c1L\u00dd<br \/>\nROZVOJ<\/span><\/span><br \/>\n<section  class='av_textblock_section av-lv5rwdf3-ab3b82df4b23ba327d90707e488f22d9 '   itemscope=\"itemscope\" itemtype=\"https:\/\/schema.org\/CreativeWork\" ><div class='avia_textblock'  itemprop=\"text\" ><p style=\"text-align: center;\">V z\u00e1jmu roz\u0161i\u0159ov\u00e1n\u00ed sortimentu produkt\u016f nab\u00edzen\u00fdch pod zna\u010dkou <b>GlareOne<\/b> neust\u00e1le testujeme nov\u00e9 produkty a do nab\u00eddky za\u0159azujeme pouze ty, kter\u00e9 <b>spl\u0148uj\u00ed na\u0161e o\u010dek\u00e1v\u00e1n\u00ed<\/b> z hlediska kvality a ceny.<\/p>\n<\/div><\/section><\/p><\/div><div  class='flex_column av-4dl1b2-b531d2ea4c9be5cb486105a18dd8ad52 av_one_fourth  avia-builder-el-14  el_after_av_one_fourth  avia-builder-el-last  flex_column_div  '     ><p>\n<style type=\"text\/css\" data-created_by=\"avia_inline_auto\" id=\"style-css-av-lv5rw4v9-4607d73a605b8c4108c39bd98d9a988a\">\n.av_font_icon.av-lv5rw4v9-4607d73a605b8c4108c39bd98d9a988a{\ncolor:#191919;\nborder-color:#191919;\n}\n.av_font_icon.av-lv5rw4v9-4607d73a605b8c4108c39bd98d9a988a .av-icon-char{\nfont-size:50px;\nline-height:50px;\nwidth:50px;\n}\n<\/style>\n<span  class='av_font_icon av-lv5rw4v9-4607d73a605b8c4108c39bd98d9a988a avia_animate_when_visible av-icon-style-border avia-icon-pos-center avia-icon-animate'><span class='av-icon-char' aria-hidden='true' data-av_icon='\ue8a8' data-av_iconfont='entypo-fontello' data-avia-icon-tooltip=\"&lt;br \/&gt;\nDLOUH\u00c1&lt;br \/&gt;\nZ\u00c1RUKA&lt;br \/&gt;\n\"><\/span><span class='av_icon_caption av-special-font'>DLOUH\u00c1<br \/>\nZ\u00c1RUKA<\/span><\/span><br \/>\n<section  class='av_textblock_section av-lv5rw9jn-5a6d98ced05cdf3afd3745507b8e5d10 '   itemscope=\"itemscope\" itemtype=\"https:\/\/schema.org\/CreativeWork\" ><div class='avia_textblock'  itemprop=\"text\" ><p style=\"text-align: center;\">D\u00edky znalosti kvality na\u0161ich v\u00fdrobk\u016f m\u016f\u017eeme na\u0161im z\u00e1kazn\u00edk\u016fm nab\u00eddnout a\u017e <b>36 m\u011bs\u00edc\u016f z\u00e1ruky<\/b>. Takto jedine\u010dn\u00e1 z\u00e1ru\u010dn\u00ed doba je v\u00fdsledkem v\u00fdb\u011bru spr\u00e1vn\u00fdch materi\u00e1l\u016f a kontroln\u00edho procesu v\u00fdroby, kter\u00fd ka\u017ed\u00fd m\u011bs\u00edc zdokonalujeme.<\/p>\n<\/div><\/section><\/p><\/div><\/div><\/div><\/div><!-- close content main div --><\/div><\/div><div id='av-layout-grid-1'  class='av-layout-grid-container av-2y3wce-9111960c2e281e8c57e14cc46afb9083 entry-content-wrapper main_color av-flex-cells  avia-builder-el-17  el_after_av_section  avia-builder-el-last  grid-row-not-first  container_wrap fullsize'  >\n\n<style type=\"text\/css\" data-created_by=\"avia_inline_auto\" id=\"style-css-av-lv5rxk0g-0c6a431648c4ecfaf3d06e39bc3780fd\">\n.flex_cell.av-lv5rxk0g-0c6a431648c4ecfaf3d06e39bc3780fd{\nvertical-align:top;\nbackground:url(https:\/\/glareone.eu\/wp-content\/uploads\/2024\/04\/moz-4.jpg) 0% 0% no-repeat scroll ;\n}\n.responsive #top #wrap_all .flex_cell.av-lv5rxk0g-0c6a431648c4ecfaf3d06e39bc3780fd{\npadding:200px 200px 200px 200px !important;\n}\n<\/style>\n<div class='flex_cell av-lv5rxk0g-0c6a431648c4ecfaf3d06e39bc3780fd av-gridrow-cell av_one_half no_margin  avia-builder-el-18  el_before_av_cell_one_half  avia-builder-el-first '  ><div class='flex_cell_inner'><\/div><\/div>\n<style type=\"text\/css\" data-created_by=\"avia_inline_auto\" id=\"style-css-av-lv5rxwh0-71187d76a9db311e2a712703566e918a\">\n.flex_cell.av-lv5rxwh0-71187d76a9db311e2a712703566e918a{\nvertical-align:middle;\nbackground-color:#e2e2e2;\n}\n<\/style>\n<div class='flex_cell av-lv5rxwh0-71187d76a9db311e2a712703566e918a av-gridrow-cell av_one_half no_margin  avia-builder-el-19  el_after_av_cell_one_half  avia-builder-el-last '  ><div class='flex_cell_inner'><section  class='av_textblock_section av-lv5ryemb-7f379e8331d43c330384c1356381948f '   itemscope=\"itemscope\" itemtype=\"https:\/\/schema.org\/CreativeWork\" ><div class='avia_textblock'  itemprop=\"text\" ><div class=\"elementor-widget elementor-element elementor-element-497x3ox elementor-widget-heading\" style=\"text-align: center;\" data-element_type=\"heading\">\n<div class=\"elementor-widget-container\">\n<h3>SPOLUPR\u00c1CE<\/h3>\n<\/div>\n<\/div>\n<div class=\"elementor-widget elementor-element elementor-element-l8aft5k elementor-widget-text-editor\" style=\"text-align: center;\" data-element_type=\"text-editor\">\n<div class=\"elementor-widget-container\">\n<div class=\"elementor-text-editor rte-content\">\n<p style=\"text-align: center;\">Pokud m\u00e1te z\u00e1jem o obchodn\u00ed spolupr\u00e1ci, kontaktujte n\u00e1s!<\/p>\n<\/div>\n<div class=\"elementor-text-editor rte-content\"><\/div>\n<\/div>\n<\/div>\n<\/div><\/section><br \/>\n<div  class='avia-button-wrap av-lv5s00ko-2300d9346dd69d3fe2677d84c5c30d4b-wrap avia-button-center  avia-builder-el-21  el_after_av_textblock  avia-builder-el-last '>\n<style type=\"text\/css\" data-created_by=\"avia_inline_auto\" id=\"style-css-av-lv5s00ko-2300d9346dd69d3fe2677d84c5c30d4b\">\n@keyframes av_sonarEffect_av-lv5s00ko-2300d9346dd69d3fe2677d84c5c30d4b {\n  0% {opacity: 0.3;}\n 40% {opacity: 0.5; box-shadow: 0 0 0 2px rgba(255,255,255,0.1), 0 0 10px 10px #ffffff, 0 0 0 10px rgba(255,255,255,0.5);}\n100% {opacity: 0; box-shadow: 0 0 0 2px rgba(255,255,255,0.1), 0 0 10px 10px #ffffff, 0 0 0 10px rgba(255,255,255,0.5); transform: scale(1.5);}\n}\n#top #wrap_all .avia-button.av-lv5s00ko-2300d9346dd69d3fe2677d84c5c30d4b{\nmargin:30px 0 0 0;\n}\n.avia-button.av-lv5s00ko-2300d9346dd69d3fe2677d84c5c30d4b.avia-sonar-shadow:hover:after{\nanimation:av_sonarEffect_av-lv5s00ko-2300d9346dd69d3fe2677d84c5c30d4b 1s ease-in-out;\n}\n<\/style>\n<a href='https:\/\/glareone.eu\/cs\/kontakt\/'  class='avia-button av-lv5s00ko-2300d9346dd69d3fe2677d84c5c30d4b av-link-btn avia-icon_select-no avia-size-large avia-position-center avia-color-theme-color avia-sonar-shadow'  ><span class='avia_iconbox_title' >ANO, JSEM<\/span><\/a><\/div><\/p>\n<\/div><\/div><\/div><\/p>\n","protected":false},"excerpt":{"rendered":"","protected":false},"author":4,"featured_media":0,"parent":0,"menu_order":0,"comment_status":"open","ping_status":"closed","template":"","meta":{"footnotes":""},"class_list":["post-20994","page","type-page","status-publish","hentry"],"yoast_head":"<!-- This site is optimized with the Yoast SEO plugin v27.2 - https:\/\/yoast.com\/product\/yoast-seo-wordpress\/ -->\n<title>O n\u00e1s - GlareOne<\/title>\n<meta name=\"description\" content=\"GlareOne \u2013 v\u00fdrobce vysoce kvalitn\u00edho osv\u011btlovac\u00edho za\u0159\u00edzen\u00ed pro fotografy a filma\u0159e. Blesky, LED, stativy, softboxy a dal\u0161\u00ed!\" \/>\n<meta name=\"robots\" content=\"index, follow, max-snippet:-1, max-image-preview:large, max-video-preview:-1\" \/>\n<link rel=\"canonical\" href=\"https:\/\/glareone.eu\/cs\/o-nas\/\" \/>\n<meta property=\"og:locale\" content=\"cs_CZ\" \/>\n<meta property=\"og:type\" content=\"article\" \/>\n<meta property=\"og:title\" content=\"O n\u00e1s - GlareOne\" \/>\n<meta property=\"og:description\" content=\"GlareOne \u2013 v\u00fdrobce vysoce kvalitn\u00edho osv\u011btlovac\u00edho za\u0159\u00edzen\u00ed pro fotografy a filma\u0159e. Blesky, LED, stativy, softboxy a dal\u0161\u00ed!\" \/>\n<meta property=\"og:url\" content=\"https:\/\/glareone.eu\/cs\/o-nas\/\" \/>\n<meta property=\"og:site_name\" content=\"GlareOne\" \/>\n<meta property=\"article:publisher\" content=\"https:\/\/www.facebook.com\/GlareOneLighting\" \/>\n<meta property=\"article:modified_time\" content=\"2025-07-22T09:30:03+00:00\" \/>\n<meta name=\"twitter:card\" content=\"summary_large_image\" \/>\n<meta name=\"twitter:label1\" content=\"Odhadovan\u00e1 doba \u010dten\u00ed\" \/>\n\t<meta name=\"twitter:data1\" content=\"2 minuty\" \/>\n<script type=\"application\/ld+json\" class=\"yoast-schema-graph\">{\"@context\":\"https:\/\/schema.org\",\"@graph\":[{\"@type\":\"WebPage\",\"@id\":\"https:\/\/glareone.eu\/cs\/o-nas\/\",\"url\":\"https:\/\/glareone.eu\/cs\/o-nas\/\",\"name\":\"O n\u00e1s - GlareOne\",\"isPartOf\":{\"@id\":\"https:\/\/glareone.eu\/cs\/en\/#website\"},\"datePublished\":\"2024-04-18T21:51:02+00:00\",\"dateModified\":\"2025-07-22T09:30:03+00:00\",\"description\":\"GlareOne \u2013 v\u00fdrobce vysoce kvalitn\u00edho osv\u011btlovac\u00edho za\u0159\u00edzen\u00ed pro fotografy a filma\u0159e. Blesky, LED, stativy, softboxy a dal\u0161\u00ed!\",\"breadcrumb\":{\"@id\":\"https:\/\/glareone.eu\/cs\/o-nas\/#breadcrumb\"},\"inLanguage\":\"cs\",\"potentialAction\":[{\"@type\":\"ReadAction\",\"target\":[\"https:\/\/glareone.eu\/cs\/o-nas\/\"]}]},{\"@type\":\"BreadcrumbList\",\"@id\":\"https:\/\/glareone.eu\/cs\/o-nas\/#breadcrumb\",\"itemListElement\":[{\"@type\":\"ListItem\",\"position\":1,\"name\":\"Strona g\u0142\u00f3wna\",\"item\":\"https:\/\/glareone.eu\/cs\/\"},{\"@type\":\"ListItem\",\"position\":2,\"name\":\"O n\u00e1s\"}]},{\"@type\":\"WebSite\",\"@id\":\"https:\/\/glareone.eu\/cs\/en\/#website\",\"url\":\"https:\/\/glareone.eu\/cs\/en\/\",\"name\":\"GlareOne\",\"description\":\"Wyposa\u017cenie Studia\",\"publisher\":{\"@id\":\"https:\/\/glareone.eu\/cs\/en\/#organization\"},\"potentialAction\":[{\"@type\":\"SearchAction\",\"target\":{\"@type\":\"EntryPoint\",\"urlTemplate\":\"https:\/\/glareone.eu\/cs\/en\/?s={search_term_string}\"},\"query-input\":{\"@type\":\"PropertyValueSpecification\",\"valueRequired\":true,\"valueName\":\"search_term_string\"}}],\"inLanguage\":\"cs\"},{\"@type\":\"Organization\",\"@id\":\"https:\/\/glareone.eu\/cs\/en\/#organization\",\"name\":\"GlareOne\",\"url\":\"https:\/\/glareone.eu\/cs\/en\/\",\"logo\":{\"@type\":\"ImageObject\",\"inLanguage\":\"cs\",\"@id\":\"https:\/\/glareone.eu\/cs\/en\/#\/schema\/logo\/image\/\",\"url\":\"http:\/\/glareone.eu\/wp-content\/uploads\/2024\/05\/glareone_logo2020_RGB-01-e1715773127189.png\",\"contentUrl\":\"http:\/\/glareone.eu\/wp-content\/uploads\/2024\/05\/glareone_logo2020_RGB-01-e1715773127189.png\",\"width\":1270,\"height\":321,\"caption\":\"GlareOne\"},\"image\":{\"@id\":\"https:\/\/glareone.eu\/cs\/en\/#\/schema\/logo\/image\/\"},\"sameAs\":[\"https:\/\/www.facebook.com\/GlareOneLighting\",\"https:\/\/www.instagram.com\/glareonelighting\/\",\"https:\/\/www.youtube.com\/@GlareOneTV\"]}]}<\/script>\n<!-- \/ Yoast SEO plugin. -->","yoast_head_json":{"title":"O n\u00e1s - GlareOne","description":"GlareOne \u2013 v\u00fdrobce vysoce kvalitn\u00edho osv\u011btlovac\u00edho za\u0159\u00edzen\u00ed pro fotografy a filma\u0159e. Blesky, LED, stativy, softboxy a dal\u0161\u00ed!","robots":{"index":"index","follow":"follow","max-snippet":"max-snippet:-1","max-image-preview":"max-image-preview:large","max-video-preview":"max-video-preview:-1"},"canonical":"https:\/\/glareone.eu\/cs\/o-nas\/","og_locale":"cs_CZ","og_type":"article","og_title":"O n\u00e1s - GlareOne","og_description":"GlareOne \u2013 v\u00fdrobce vysoce kvalitn\u00edho osv\u011btlovac\u00edho za\u0159\u00edzen\u00ed pro fotografy a filma\u0159e. Blesky, LED, stativy, softboxy a dal\u0161\u00ed!","og_url":"https:\/\/glareone.eu\/cs\/o-nas\/","og_site_name":"GlareOne","article_publisher":"https:\/\/www.facebook.com\/GlareOneLighting","article_modified_time":"2025-07-22T09:30:03+00:00","twitter_card":"summary_large_image","twitter_misc":{"Odhadovan\u00e1 doba \u010dten\u00ed":"2 minuty"},"schema":{"@context":"https:\/\/schema.org","@graph":[{"@type":"WebPage","@id":"https:\/\/glareone.eu\/cs\/o-nas\/","url":"https:\/\/glareone.eu\/cs\/o-nas\/","name":"O n\u00e1s - GlareOne","isPartOf":{"@id":"https:\/\/glareone.eu\/cs\/en\/#website"},"datePublished":"2024-04-18T21:51:02+00:00","dateModified":"2025-07-22T09:30:03+00:00","description":"GlareOne \u2013 v\u00fdrobce vysoce kvalitn\u00edho osv\u011btlovac\u00edho za\u0159\u00edzen\u00ed pro fotografy a filma\u0159e. Blesky, LED, stativy, softboxy a dal\u0161\u00ed!","breadcrumb":{"@id":"https:\/\/glareone.eu\/cs\/o-nas\/#breadcrumb"},"inLanguage":"cs","potentialAction":[{"@type":"ReadAction","target":["https:\/\/glareone.eu\/cs\/o-nas\/"]}]},{"@type":"BreadcrumbList","@id":"https:\/\/glareone.eu\/cs\/o-nas\/#breadcrumb","itemListElement":[{"@type":"ListItem","position":1,"name":"Strona g\u0142\u00f3wna","item":"https:\/\/glareone.eu\/cs\/"},{"@type":"ListItem","position":2,"name":"O n\u00e1s"}]},{"@type":"WebSite","@id":"https:\/\/glareone.eu\/cs\/en\/#website","url":"https:\/\/glareone.eu\/cs\/en\/","name":"GlareOne","description":"Wyposa\u017cenie Studia","publisher":{"@id":"https:\/\/glareone.eu\/cs\/en\/#organization"},"potentialAction":[{"@type":"SearchAction","target":{"@type":"EntryPoint","urlTemplate":"https:\/\/glareone.eu\/cs\/en\/?s={search_term_string}"},"query-input":{"@type":"PropertyValueSpecification","valueRequired":true,"valueName":"search_term_string"}}],"inLanguage":"cs"},{"@type":"Organization","@id":"https:\/\/glareone.eu\/cs\/en\/#organization","name":"GlareOne","url":"https:\/\/glareone.eu\/cs\/en\/","logo":{"@type":"ImageObject","inLanguage":"cs","@id":"https:\/\/glareone.eu\/cs\/en\/#\/schema\/logo\/image\/","url":"http:\/\/glareone.eu\/wp-content\/uploads\/2024\/05\/glareone_logo2020_RGB-01-e1715773127189.png","contentUrl":"http:\/\/glareone.eu\/wp-content\/uploads\/2024\/05\/glareone_logo2020_RGB-01-e1715773127189.png","width":1270,"height":321,"caption":"GlareOne"},"image":{"@id":"https:\/\/glareone.eu\/cs\/en\/#\/schema\/logo\/image\/"},"sameAs":["https:\/\/www.facebook.com\/GlareOneLighting","https:\/\/www.instagram.com\/glareonelighting\/","https:\/\/www.youtube.com\/@GlareOneTV"]}]}},"_links":{"self":[{"href":"https:\/\/glareone.eu\/cs\/wp-json\/wp\/v2\/pages\/20994","targetHints":{"allow":["GET"]}}],"collection":[{"href":"https:\/\/glareone.eu\/cs\/wp-json\/wp\/v2\/pages"}],"about":[{"href":"https:\/\/glareone.eu\/cs\/wp-json\/wp\/v2\/types\/page"}],"author":[{"embeddable":true,"href":"https:\/\/glareone.eu\/cs\/wp-json\/wp\/v2\/users\/4"}],"replies":[{"embeddable":true,"href":"https:\/\/glareone.eu\/cs\/wp-json\/wp\/v2\/comments?post=20994"}],"version-history":[{"count":2,"href":"https:\/\/glareone.eu\/cs\/wp-json\/wp\/v2\/pages\/20994\/revisions"}],"predecessor-version":[{"id":21993,"href":"https:\/\/glareone.eu\/cs\/wp-json\/wp\/v2\/pages\/20994\/revisions\/21993"}],"wp:attachment":[{"href":"https:\/\/glareone.eu\/cs\/wp-json\/wp\/v2\/media?parent=20994"}],"curies":[{"name":"wp","href":"https:\/\/api.w.org\/{rel}","templated":true}]}}